{"id":2605,"date":"2023-05-08T12:24:50","date_gmt":"2023-05-08T12:24:50","guid":{"rendered":"https:\/\/tadao.qodeinteractive.com\/?page_id=2605"},"modified":"2025-07-31T13:53:48","modified_gmt":"2025-07-31T10:53:48","slug":"sss","status":"publish","type":"page","link":"https:\/\/gifajans.info\/aslantech\/sss\/","title":{"rendered":"SSS"},"content":{"rendered":"\t\t<div data-elementor-type=\"wp-page\" data-elementor-id=\"2605\" class=\"elementor elementor-2605\">\n\t\t\t\t<div class=\"elementor-element elementor-element-d9a6f65 e-con-full qodef-elementor-content-grid e-flex e-con e-parent\" data-id=\"d9a6f65\" data-element_type=\"container\">\n\t\t<div class=\"elementor-element elementor-element-2104bfc e-con-full e-flex e-con e-child\" data-id=\"2104bfc\" data-element_type=\"container\">\n\t\t\t\t<div class=\"elementor-element elementor-element-1c7287c elementor-widget elementor-widget-tadao_core_accordion\" data-id=\"1c7287c\" data-element_type=\"widget\" data-widget_type=\"tadao_core_accordion.default\">\n\t\t\t\t<div class=\"elementor-widget-container\">\n\t\t\t\t\t<div class=\"qodef-shortcode qodef-m  qodef-accordion clear qodef-behavior--accordion qodef-layout--simple\">\n\t<h4 class=\"qodef-accordion-title\">\n\t<span class=\"qodef-tab-title\">Shrink makinesi nedir ve nas\u0131l \u00e7al\u0131\u015f\u0131r?<\/span>\n\t<span class=\"qodef-accordion-mark\">\n\t\t<span class=\"qodef-icon--plus\"><\/span>\n\t<\/span>\n<\/h4>\n<div class=\"qodef-accordion-content\">\n\t<div class=\"qodef-accordion-content-inner\">\n\t\t<p>Shrink makinesi, \u00fcr\u00fcnleri\u00a0<strong data-start=\"371\" data-end=\"386\">shrink film<\/strong>\u00a0ile sararak,\u00a0<strong data-start=\"400\" data-end=\"418\">\u0131s\u0131 yard\u0131m\u0131yla<\/strong>\u00a0s\u0131k\u0131ca ambalajlayan end\u00fcstriyel makineleridir. \u00dcr\u00fcnlerinize\u00a0<strong data-start=\"479\" data-end=\"495\">dayan\u0131kl\u0131l\u0131k<\/strong>,\u00a0<strong data-start=\"497\" data-end=\"508\">estetik<\/strong>\u00a0ve\u00a0<strong data-start=\"512\" data-end=\"522\">koruma<\/strong>\u00a0sa\u011flar. Shrink makineleri,\u00a0<strong data-start=\"550\" data-end=\"571\">toz, nem ve darbe<\/strong>\u00a0gibi d\u0131\u015f etmenlere kar\u015f\u0131 \u00fcst\u00fcn koruma sunarak paketleme s\u00fcrecinizi daha verimli hale getirir.<\/p>\t<\/div>\n<\/div>\n<h4 class=\"qodef-accordion-title\">\n\t<span class=\"qodef-tab-title\">Hangi sekt\u00f6rler Aslantech shrink makinelerini kullanabilir?<\/span>\n\t<span class=\"qodef-accordion-mark\">\n\t\t<span class=\"qodef-icon--plus\"><\/span>\n\t<\/span>\n<\/h4>\n<div class=\"qodef-accordion-content\">\n\t<div class=\"qodef-accordion-content-inner\">\n\t\t<p>Aslantech shrink makineleri, bir\u00e7ok sekt\u00f6rde kullan\u0131labilecek \u015fekilde tasarlanm\u0131\u015ft\u0131r. Ba\u015fta\u00a0<strong data-start=\"828\" data-end=\"836\">g\u0131da<\/strong>,\u00a0<strong data-start=\"838\" data-end=\"848\">i\u00e7ecek<\/strong>,\u00a0<strong data-start=\"850\" data-end=\"862\">kozmetik<\/strong>,\u00a0<strong data-start=\"864\" data-end=\"874\">matbaa<\/strong>\u00a0ve\u00a0<strong data-start=\"878\" data-end=\"886\">ila\u00e7<\/strong>\u00a0gibi sekt\u00f6rler olmak \u00fczere, her t\u00fcrl\u00fc ambalajlama ihtiyac\u0131 i\u00e7in\u00a0<strong data-start=\"951\" data-end=\"968\">\u00f6zel \u00e7\u00f6z\u00fcmler<\/strong>\u00a0sunmaktay\u0131z. \u0130htiyac\u0131n\u0131za uygun tasar\u0131m ve teknolojiyle m\u00fckemmel sonu\u00e7lar elde edebilirsiniz.<\/p>\t<\/div>\n<\/div>\n<h4 class=\"qodef-accordion-title\">\n\t<span class=\"qodef-tab-title\">Shrink makineleri enerji tasarrufu sa\u011flar m\u0131?<\/span>\n\t<span class=\"qodef-accordion-mark\">\n\t\t<span class=\"qodef-icon--plus\"><\/span>\n\t<\/span>\n<\/h4>\n<div class=\"qodef-accordion-content\">\n\t<div class=\"qodef-accordion-content-inner\">\n\t\t<p>Evet, Aslantech shrink makineleri\u00a0<strong data-start=\"1153\" data-end=\"1178\">d\u00fc\u015f\u00fck enerji t\u00fcketimi<\/strong>\u00a0ve\u00a0<strong data-start=\"1182\" data-end=\"1203\">y\u00fcksek verimlilik<\/strong>\u00a0ile tasarlanm\u0131\u015ft\u0131r. Bu \u00f6zellik, i\u015fletmenizin\u00a0<strong data-start=\"1249\" data-end=\"1273\">enerji maliyetlerini<\/strong>\u00a0azalt\u0131rken, \u00e7evreye duyarl\u0131 bir \u00fcretim s\u00fcreci sa\u011flar. Ekonomik ve \u00e7evreci ambalaj \u00e7\u00f6z\u00fcmleri i\u00e7in ideal tercihtir.<\/p>\t<\/div>\n<\/div>\n<h4 class=\"qodef-accordion-title\">\n\t<span class=\"qodef-tab-title\">Sat\u0131\u015f sonras\u0131 destek hizmetiniz var m\u0131?<\/span>\n\t<span class=\"qodef-accordion-mark\">\n\t\t<span class=\"qodef-icon--plus\"><\/span>\n\t<\/span>\n<\/h4>\n<div class=\"qodef-accordion-content\">\n\t<div class=\"qodef-accordion-content-inner\">\n\t\t<p>Aslantech olarak,\u00a0<strong data-start=\"1456\" data-end=\"1487\">sat\u0131\u015f sonras\u0131 teknik destek<\/strong>\u00a0ve\u00a0<strong data-start=\"1491\" data-end=\"1513\">yedek par\u00e7a temini<\/strong>\u00a0sa\u011fl\u0131yoruz. Uzman kadromuzla, makinelerinizin\u00a0<strong data-start=\"1560\" data-end=\"1582\">s\u00fcrekli ve verimli<\/strong>\u00a0\u00e7al\u0131\u015fmas\u0131n\u0131 garanti alt\u0131na al\u0131yoruz. Ayr\u0131ca,\u00a0<strong data-start=\"1628\" data-end=\"1651\">h\u0131zl\u0131 teknik servis<\/strong>\u00a0hizmetimizle her zaman yan\u0131n\u0131zday\u0131z.<\/p>\t<\/div>\n<\/div>\n<h4 class=\"qodef-accordion-title\">\n\t<span class=\"qodef-tab-title\">Aslantech shrink makineleri yurt d\u0131\u015f\u0131na da g\u00f6nderiliyor mu?<\/span>\n\t<span class=\"qodef-accordion-mark\">\n\t\t<span class=\"qodef-icon--plus\"><\/span>\n\t<\/span>\n<\/h4>\n<div class=\"qodef-accordion-content\">\n\t<div class=\"qodef-accordion-content-inner\">\n\t\t<p>Evet, Aslantech shrink makineleri\u00a0<strong data-start=\"1793\" data-end=\"1816\">30'dan fazla \u00fclkeye<\/strong>\u00a0ihra\u00e7 edilmi\u015ftir. D\u00fcnya \u00e7ap\u0131nda\u00a0<strong data-start=\"1849\" data-end=\"1862\">g\u00fcvenilir<\/strong>\u00a0ve\u00a0<strong data-start=\"1866\" data-end=\"1903\">y\u00fcksek kaliteli shrink makineleri<\/strong>\u00a0sunan bir markay\u0131z. Uluslararas\u0131 m\u00fc\u015fteri portf\u00f6y\u00fcm\u00fcz ile k\u00fcresel pazarlarda da g\u00fc\u00e7l\u00fc bir yer edinmi\u015f bulunuyoruz.<\/p>\t<\/div>\n<\/div>\n<\/div>\n\t\t\t\t<\/div>\n\t\t\t\t<\/div>\n\t\t\t\t<\/div>\n\t\t<div class=\"elementor-element elementor-element-e3fda1b e-con-full e-flex e-con e-child\" data-id=\"e3fda1b\" data-element_type=\"container\">\n\t\t\t\t<div class=\"elementor-element elementor-element-d9b4ba4 elementor-widget elementor-widget-tadao_core_single_image\" data-id=\"d9b4ba4\" data-element_type=\"widget\" data-widget_type=\"tadao_core_single_image.default\">\n\t\t\t\t<div class=\"elementor-widget-container\">\n\t\t\t\t\t<div class=\"qodef-shortcode qodef-m  qodef-single-image qodef-layout--default   qodef-item-offset-appear-direction--to-left \">\n\t\t\t<div class=\"qodef-m-image\">\n\t\t\t\t\t\t\t\t<img fetchpriority=\"high\" decoding=\"async\" width=\"1920\" height=\"1080\" src=\"https:\/\/gifajans.info\/aslantech\/wp-content\/uploads\/2025\/06\/as-bc2.png\" class=\"attachment-full size-full\" alt=\"\" srcset=\"https:\/\/gifajans.info\/aslantech\/wp-content\/uploads\/2025\/06\/as-bc2.png 1920w, https:\/\/gifajans.info\/aslantech\/wp-content\/uploads\/2025\/06\/as-bc2-600x338.png 600w, https:\/\/gifajans.info\/aslantech\/wp-content\/uploads\/2025\/06\/as-bc2-300x169.png 300w, https:\/\/gifajans.info\/aslantech\/wp-content\/uploads\/2025\/06\/as-bc2-1024x576.png 1024w, https:\/\/gifajans.info\/aslantech\/wp-content\/uploads\/2025\/06\/as-bc2-768x432.png 768w, https:\/\/gifajans.info\/aslantech\/wp-content\/uploads\/2025\/06\/as-bc2-1536x864.png 1536w\" sizes=\"(max-width: 1920px) 100vw, 1920px\" \/>\t\t\t\t\t\t\t<\/div>\n\t<\/div>\n\t\t\t\t<\/div>\n\t\t\t\t<\/div>\n\t\t\t\t<\/div>\n\t\t\t\t<\/div>\n\t\t\t\t<\/div>\n\t\t","protected":false},"excerpt":{"rendered":"<p>Shrink makinesi nedir ve nas\u0131l \u00e7al\u0131\u015f\u0131r? Shrink makinesi, \u00fcr\u00fcnleri\u00a0shrink film\u00a0ile sararak,\u00a0\u0131s\u0131 yard\u0131m\u0131yla\u00a0s\u0131k\u0131ca ambalajlayan end\u00fcstriyel makineleridir. \u00dcr\u00fcnlerinize\u00a0dayan\u0131kl\u0131l\u0131k,\u00a0estetik\u00a0ve\u00a0koruma\u00a0sa\u011flar. Shrink makineleri,\u00a0toz, nem ve darbe\u00a0gibi d\u0131\u015f etmenlere kar\u015f\u0131 \u00fcst\u00fcn koruma sunarak paketleme s\u00fcrecinizi daha verimli hale getirir. Hangi sekt\u00f6rler Aslantech shrink makinelerini kullanabilir? Aslantech shrink makineleri, bir\u00e7ok sekt\u00f6rde kullan\u0131labilecek \u015fekilde tasarlanm\u0131\u015ft\u0131r. Ba\u015fta\u00a0g\u0131da,\u00a0i\u00e7ecek,\u00a0kozmetik,\u00a0matbaa\u00a0ve\u00a0ila\u00e7\u00a0gibi sekt\u00f6rler olmak \u00fczere, her t\u00fcrl\u00fc ambalajlama ihtiyac\u0131 [&hellip;]<\/p>\n","protected":false},"author":1,"featured_media":0,"parent":0,"menu_order":0,"comment_status":"closed","ping_status":"closed","template":"page-full-width.php","meta":{"_joinchat":[],"footnotes":""},"class_list":["post-2605","page","type-page","status-publish","hentry"],"_links":{"self":[{"href":"https:\/\/gifajans.info\/aslantech\/wp-json\/wp\/v2\/pages\/2605","targetHints":{"allow":["GET"]}}],"collection":[{"href":"https:\/\/gifajans.info\/aslantech\/wp-json\/wp\/v2\/pages"}],"about":[{"href":"https:\/\/gifajans.info\/aslantech\/wp-json\/wp\/v2\/types\/page"}],"author":[{"embeddable":true,"href":"https:\/\/gifajans.info\/aslantech\/wp-json\/wp\/v2\/users\/1"}],"replies":[{"embeddable":true,"href":"https:\/\/gifajans.info\/aslantech\/wp-json\/wp\/v2\/comments?post=2605"}],"version-history":[{"count":10,"href":"https:\/\/gifajans.info\/aslantech\/wp-json\/wp\/v2\/pages\/2605\/revisions"}],"predecessor-version":[{"id":7645,"href":"https:\/\/gifajans.info\/aslantech\/wp-json\/wp\/v2\/pages\/2605\/revisions\/7645"}],"wp:attachment":[{"href":"https:\/\/gifajans.info\/aslantech\/wp-json\/wp\/v2\/media?parent=2605"}],"curies":[{"name":"wp","href":"https:\/\/api.w.org\/{rel}","templated":true}]}}