{"id":611,"date":"2023-04-21T13:55:37","date_gmt":"2023-04-21T13:55:37","guid":{"rendered":"https:\/\/tadao.qodeinteractive.com\/?post_type=product&#038;p=611"},"modified":"2025-08-01T21:47:19","modified_gmt":"2025-08-01T18:47:19","slug":"e-ticaret-kargo-paketleme","status":"publish","type":"product","link":"https:\/\/gifajans.info\/aslantech\/product\/e-ticaret-kargo-paketleme\/","title":{"rendered":"E-T\u0130CARET KARGO PAKETLEME"},"content":{"rendered":"<h5>\u00d6ZELL\u0130KLER<\/h5>\n<p>Motor Tahrikli Rulolar ve gergi kontrol mekanizmalar\u0131yla otomatik film bo\u015faltma.<\/p>\n<p>Otomatik \u00fcr\u00fcn besleme ama\u00e7l\u0131 d\u00fcz besleme y\u00f6n\u00fcnde konvey\u00f6r bant.<\/p>\n<p>Otomatik tahliye band\u0131 ile t\u00fcnele kolay aktar\u0131m.<\/p>\n<p>Paket besleme ama\u00e7l\u0131 optik sensor kontrol\u00fc.<\/p>\n<p>S\u0131cak \u00e7ene ile hem yap\u0131\u015ft\u0131rma, hem de kaynak yapan \u00e7ene b\u0131\u00e7ak sistemi.<\/p>\n<p>Patentli tasar\u0131m \u00e7ene ile uzun \u00f6m\u00fcrl\u00fc kesim ve yap\u0131\u015ft\u0131rma sistemi.<\/p>\n<p>Kesme \u00e7enesi dijital termostat ile +\/-1 derece s\u0131cakl\u0131k kontrol\u00fc.<\/p>\n<p>Alt \u00e7enede \u00f6zel uzun \u00f6m\u00fcrl\u00fc profil silikon ile kaliteli kaynak.<\/p>\n<p>Plc programl\u0131 kumanda mekanizmas\u0131 ve esnek program olana\u011f\u0131.<\/p>\n<p>Is\u0131 t\u00fcneli dizayn\u0131nda \u00f6zel tasar\u0131m ile rasyonel enerji kontrol\u00fc ve izolasyon.<\/p>\n<p>Bant y\u00fczeyinden yumu\u015fak ve kolay \u00fcr\u00fcn ge\u00e7i\u015fi i\u00e7in farkl\u0131 se\u00e7enekler.<\/p>\n<p>\u00c7ene \u00fczerinde yakla\u015f\u0131m sens\u00f6rleri ile parmak ve paket koruma g\u00fcvenli\u011fi<\/p>\n<p>\u00dcr\u00fcn boyunu otomatik \u00f6l\u00e7en sistem ile kar\u0131\u015f\u0131k \u00f6l\u00e7ekli \u00fcr\u00fcnleri artarda besleme imkan\u0131.<\/p>\n<p>Sa\u011f ve sol kenarlar\u0131n fazla naylon fireler otomatik olarak kesilir.<\/p>\n<p>Kesilen fireler otomatik olarak bo\u015falt\u0131l\u0131r.<\/p>\n<p>Fire haznesi bas\u0131n\u00e7l\u0131 hava ile otomatik olarak bo\u015falt\u0131l\u0131r.<\/p>\n<p>ISO 9001 ve CE<\/p>\n<p>5 Y\u0131l Yedek Par\u00e7a Tedarik Garantisi<\/p>\n<p>&nbsp;<\/p>\n<style>\n    \/* Masa\u00fcst\u00fc Tablosu *\/<br \/>    #table-desktop {<br \/>      width: 100%;<br \/>      border-collapse: collapse;<br \/>    }<\/p>\n<p>    #table-desktop th,<br \/>    #table-desktop td {<br \/>      border: 1px solid #ddd;<br \/>      padding: 10px;<br \/>      text-align: left;<br \/>    }<\/p>\n<p>    #table-desktop thead {<br \/>      background-color: #f3f3f3;<br \/>    }<\/p>\n<p>    \/* Mobil Tablosu *\/<br \/>    #table-mobile {<br \/>      width: 100%;<br \/>      max-width: 600px;<br \/>      margin: 0 auto;<br \/>      border: 1px solid #ddd;<br \/>      border-radius: 8px;<br \/>      overflow: hidden;<br \/>    }<\/p>\n<p>    #table-mobile .row {<br \/>      display: flex;<br \/>      flex-wrap: wrap;<br \/>      padding: 12px;<br \/>      border-bottom: 1px solid #eee;<br \/>    }<\/p>\n<p>    #table-mobile .row:last-child {<br \/>      bor<span data-mce-type=\"bookmark\" style=\"display: inline-block; width: 0px; overflow: hidden; line-height: 0;\" class=\"mce_SELRES_start\">\ufeff<\/span>der-bottom: none;<br \/>    }<\/p>\n<p>    #table-mobile .label {<br \/>      width: 50%;<br \/>      font-weight: bold;<br \/>      color: #444;<br \/>    }<\/p>\n<p>    #table-mobile .value {<br \/>      width: 50%;<br \/>      color: #000;<br \/>    }<br \/>  <\/style>\n<p>&nbsp;<\/p>\n<p><!-- \u2705 Masa\u00fcst\u00fc Tablosu --><\/p>\n<table id=\"table-desktop\">\n<thead>\n<tr>\n<th>Model<\/th>\n<th>\u00d6l\u00e7\u00fc E*b*y<\/th>\n<th>\u00c7ene \u00d6l\u00e7\u00fcs\u00fc<\/th>\n<th>Max Film Geni\u015fli\u011fi<\/th>\n<th>TAM G\u00dc\u00c7 (KW)<\/th>\n<th>ORTAL AMA G\u00dc\u00c7 (kWh)<\/th>\n<th>\u00dcRET\u0130M KAPAS\u0130TE<\/th>\n<th>A\u011eIRLIK<\/th>\n<\/tr>\n<\/thead>\n<tbody>\n<tr>\n<td>PE- 50&#215;70<\/td>\n<td>1200mmx6100mmx<br \/>\n2200mm<\/td>\n<td>700 mm <\/td>\n<td>650 mm <\/td>\n<td>31 KW <\/td>\n<td>18 kWh <\/td>\n<td>12-15 Pk\/Dk<\/td>\n<td>750 Kg<\/td>\n<\/tr>\n<tr>\n<td>POF &#8211; PVC 50\u00d7150<\/td>\n<td>1200mmx9000mmx<br \/>\n2200mm <\/td>\n<td>1500 mm  <\/td>\n<td>1450 mm<\/td>\n<td>60KW<\/td>\n<td>33kWh<\/td>\n<td>6-10 Pk\/Dk<\/td>\n<td>1750 Kg<\/td>\n<\/tr>\n<\/tbody>\n<\/table>\n<p><!-- \u2705 Mobil Tablosu --><\/p>\n<div id=\"table-mobile\">\n<div class=\"row\">\n<div class=\"label\">Model<\/div>\n<div class=\"value\">PE- 50&#215;70 <\/div>\n<\/div>\n<div class=\"row\">\n<div class=\"label\">\u00d6l\u00e7\u00fc E*b*y<\/div>\n<div class=\"value\">1200mmx6100mmx<br \/>\n2200mm <\/div>\n<\/div>\n<div class=\"row\">\n<div class=\"label\">\u00c7ene \u00d6l\u00e7\u00fcs\u00fc<\/div>\n<div class=\"value\">700 mm  <\/div>\n<\/div>\n<div class=\"row\">\n<div class=\"label\">Max Film Geni\u015fli\u011fi<\/div>\n<div class=\"value\">650 mm <\/div>\n<\/div>\n<div class=\"row\">\n<div class=\"label\">TAM G\u00dc\u00c7 (KW)<\/div>\n<div class=\"value\">31 KW <\/div>\n<\/div>\n<div class=\"row\">\n<div class=\"label\">ORTAL AMA G\u00dc\u00c7 (kWh)<\/div>\n<div class=\"value\">18 kWh <\/div>\n<\/div>\n<div class=\"row\">\n<div class=\"label\">\u00dcRET\u0130M KAPAS\u0130TE<\/div>\n<div class=\"value\">12-15 Pk\/Dk<\/div>\n<\/div>\n<div class=\"row\">\n<div class=\"label\">A\u011eIRLIK<\/div>\n<div class=\"value\">750 Kg<\/div>\n<\/div>\n<div class=\"row\">\n<div class=\"label\">Model<\/div>\n<div class=\"value\">PE- 50xl50 <\/div>\n<\/div>\n<div class=\"row\">\n<div class=\"label\">\u00d6l\u00e7\u00fc E*b*y<\/div>\n<div class=\"value\">1200mmx9000mmx<br \/>\n2200mm <\/div>\n<\/div>\n<div class=\"row\">\n<div class=\"label\">\u00c7ene \u00d6l\u00e7\u00fcs\u00fc<\/div>\n<div class=\"value\">1500 mm <\/div>\n<\/div>\n<div class=\"row\">\n<div class=\"label\">Max Film Geni\u015fli\u011fi<\/div>\n<div class=\"value\">1450 mm<\/div>\n<\/div>\n<div class=\"row\">\n<div class=\"label\">TAM G\u00dc\u00c7 (KW)<\/div>\n<div class=\"value\">60KW <\/div>\n<\/div>\n<div class=\"row\">\n<div class=\"label\">ORTAL AMA G\u00dc\u00c7 (kWh)<\/div>\n<div class=\"value\">33 kWh<\/div>\n<\/div>\n<div class=\"row\">\n<div class=\"label\">\u00dcRET\u0130M KAPAS\u0130TE<\/div>\n<div class=\"value\">  6-10 Pk\/Dk<\/div>\n<\/div>\n<div class=\"row\">\n<div class=\"label\">A\u011eIRLIK<\/div>\n<div class=\"value\">1750 Kg <\/div>\n<\/div>\n<\/div>\n","protected":false},"excerpt":{"rendered":"<p>\u00d6zel \u00f6l\u00e7\u00fc ve \u00f6zelle\u015ftirilmi\u015f model i\u00e7in bizimle ileti\u015fime ge\u00e7ebilirsiniz.<\/p>\n<p>&nbsp;<\/p>\n<p><a href=\"https:\/\/youtu.be\/5ZwBlWb6FF4?si=7WewXYdzbocfMGIq&amp;utm_source=MTQxZ\" target=\"_blank\" rel=\"noopener\"><img decoding=\"async\" class=\"alignnone size-full wp-image-7826\" src=\"https:\/\/gifajans.info\/aslantech\/wp-content\/uploads\/2025\/08\/r10.jpg\" alt=\"\" width=\"171\" height=\"184\" \/><\/a><\/p>\n","protected":false},"featured_media":7002,"comment_status":"open","ping_status":"closed","template":"","meta":{"_joinchat":[]},"product_brand":[],"product_cat":[16],"product_tag":[],"class_list":{"0":"post-611","1":"product","2":"type-product","3":"status-publish","4":"has-post-thumbnail","6":"product_cat-uncategorized","8":"first","9":"instock","10":"shipping-taxable","11":"product-type-simple"},"_links":{"self":[{"href":"https:\/\/gifajans.info\/aslantech\/wp-json\/wp\/v2\/product\/611","targetHints":{"allow":["GET"]}}],"collection":[{"href":"https:\/\/gifajans.info\/aslantech\/wp-json\/wp\/v2\/product"}],"about":[{"href":"https:\/\/gifajans.info\/aslantech\/wp-json\/wp\/v2\/types\/product"}],"replies":[{"embeddable":true,"href":"https:\/\/gifajans.info\/aslantech\/wp-json\/wp\/v2\/comments?post=611"}],"wp:featuredmedia":[{"embeddable":true,"href":"https:\/\/gifajans.info\/aslantech\/wp-json\/wp\/v2\/media\/7002"}],"wp:attachment":[{"href":"https:\/\/gifajans.info\/aslantech\/wp-json\/wp\/v2\/media?parent=611"}],"wp:term":[{"taxonomy":"product_brand","embeddable":true,"href":"https:\/\/gifajans.info\/aslantech\/wp-json\/wp\/v2\/product_brand?post=611"},{"taxonomy":"product_cat","embeddable":true,"href":"https:\/\/gifajans.info\/aslantech\/wp-json\/wp\/v2\/product_cat?post=611"},{"taxonomy":"product_tag","embeddable":true,"href":"https:\/\/gifajans.info\/aslantech\/wp-json\/wp\/v2\/product_tag?post=611"}],"curies":[{"name":"wp","href":"https:\/\/api.w.org\/{rel}","templated":true}]}}