{"id":7009,"date":"2025-06-19T15:55:25","date_gmt":"2025-06-19T12:55:25","guid":{"rendered":"https:\/\/gifajans.info\/aslantech\/?post_type=product&#038;p=7009"},"modified":"2025-08-01T20:57:47","modified_gmt":"2025-08-01T17:57:47","slug":"full-otamatik","status":"publish","type":"product","link":"https:\/\/gifajans.info\/aslantech\/product\/full-otamatik\/","title":{"rendered":"FULL OTAMAT\u0130K"},"content":{"rendered":"<h3 class=\"mry-mb-40 mry-fo\">\u00d6ZELL\u0130KLER<\/h3>\n<ul>\n<li>Renkli, dokunmatik ve kullan\u0131m\u0131 kolay kontrol paneli<\/li>\n<li>Ak\u0131ll\u0131 dijital \u0131s\u0131 kontrol sistemi (PID) ile \u0131s\u0131 ve enerji y\u00f6netimi<\/li>\n<li>Gerginlik kontroll\u00fc ve otomatik ambalaj malzemesi s\u00fcrme<\/li>\n<li>Gerginlik kontroll\u00fc ve otomatik fire sarma<\/li>\n<li>Fotosel tespiti ve enkoder kontrol\u00fc ile otomatik boy tan\u0131ma<\/li>\n<li>Kapatma modunda t\u00fcnel i\u00e7i 70 dereceye kadar otomatik so\u011futma<\/li>\n<li>PLC ve fotosel ile paket besleme aral\u0131k s\u0131kl\u0131\u011f\u0131 kontrol\u00fc<\/li>\n<li>\u00dcr\u00fcn sayac\u0131, toplam ve anl\u0131k kapasite okuyabilme<\/li>\n<li>Profesyonel tip de\u015farj delik delme kasnaklar\u0131<\/li>\n<li>T\u00fcnel konvey\u00f6r\u00fcnde h\u0131z kontrol\u00fc ile \u0131s\u0131l i\u015flem s\u00fcresi ayarlayabilme<\/li>\n<li>Yan kanat\u00e7\u0131klar ile hava ak\u0131m kontrol\u00fc, invert\u00f6r ile fan devir kontrol\u00fc<\/li>\n<li>ISO 9001 ve CE<\/li>\n<li>5 Y\u0131l Yedek Par\u00e7a Tedarik Garant\u0131<\/li>\n<\/ul>\n<p>&nbsp;<\/p>\n<style>\n    \/* Masa\u00fcst\u00fc Tablosu *\/<br \/>    #table-desktop {<br \/>      width: 100%;<br \/>      border-collapse: collapse;<br \/>    }<\/p>\n<p>    #table-desktop th,<br \/>    #table-desktop td {<br \/>      border: 1px solid #ddd;<br \/>      padding: 10px;<br \/>      text-align: left;<br \/>    }<\/p>\n<p>    #table-desktop thead {<br \/>      background-color: #f3f3f3;<br \/>    }<\/p>\n<p>    \/* Mobil Tablosu *\/<br \/>    #table-mobile {<br \/>      width: 100%;<br \/>      max-width: 600px;<br \/>      margin: 0 auto;<br \/>      border: 1px solid #ddd;<br \/>      border-radius: 8px;<br \/>      overflow: hidden;<br \/>    }<\/p>\n<p>    #table-mobile .row {<br \/>      display: flex;<br \/>      flex-wrap: wrap;<br \/>      padding: 12px;<br \/>      border-bottom: 1px solid #eee;<br \/>    }<\/p>\n<p>    #table-mobile .row:last-child {<br \/>      border-bottom: none;<br \/>    }<\/p>\n<p>    #table-mobile .label {<br \/>      width: 50%;<br \/>      font-weight: bold;<br \/>      color: #444;<br \/>    }<\/p>\n<p>    #table-mobile .value {<br \/>      width: 50%;<br \/>      color: #000;<br \/>    }<br \/>  <\/style>\n<p>&nbsp;<\/p>\n<p><!-- \u2705 Masa\u00fcst\u00fc Tablosu --><\/p>\n<table id=\"table-desktop\">\n<thead>\n<tr>\n<th>Model<\/th>\n<th>\u00d6l\u00e7\u00fc E*b*y<\/th>\n<th>\u00c7ene \u00d6l\u00e7\u00fcs\u00fc<\/th>\n<th>Max Film Geni\u015fli\u011fi<\/th>\n<th>TAM G\u00dc\u00c7 (KW)<\/th>\n<th>ORTAL AMA G\u00dc\u00c7 (kWh)<\/th>\n<th>\u00dcRET\u0130M KAPAS\u0130TE<\/th>\n<th>A\u011eIRLIK<\/th>\n<\/tr>\n<\/thead>\n<tbody>\n<tr>\n<td>PE &#8211; 50\u00d770<\/td>\n<td>1680mmx960mmx<br \/>\n1710mm <\/td>\n<td>490 mm<\/td>\n<td>490 mm<\/td>\n<td>17 KW<\/td>\n<td>6 kWh<\/td>\n<td>10-35 Pk\/Dk<\/td>\n<td>750 Kg<\/td>\n<\/tr>\n<\/tbody>\n<\/table>\n<p><!-- \u2705 Mobil Tablosu --><\/p>\n<div id=\"table-mobile\">\n<div class=\"row\">\n<div class=\"label\">Model<\/div>\n<div class=\"value\">PE &#8211; 50\u00d770<\/div>\n<\/div>\n<div class=\"row\">\n<div class=\"label\">\u00d6l\u00e7\u00fc E*b*y<\/div>\n<div class=\"value\">1680mmx960mmx<br \/>\n1710mm <\/div>\n<\/div>\n<div class=\"row\">\n<div class=\"label\">\u00c7ene \u00d6l\u00e7\u00fcs\u00fc<\/div>\n<div class=\"value\">490 mm<\/div>\n<\/div>\n<div class=\"row\">\n<div class=\"label\">Max Film Geni\u015fli\u011fi<\/div>\n<div class=\"value\">490 mm<\/div>\n<\/div>\n<div class=\"row\">\n<div class=\"label\">TAM G\u00dc\u00c7 (KW)<\/div>\n<div class=\"value\">17 KW<\/div>\n<\/div>\n<div class=\"row\">\n<div class=\"label\">ORTAL AMA G\u00dc\u00c7 (kWh)<\/div>\n<div class=\"value\">6 kWh<\/div>\n<\/div>\n<div class=\"row\">\n<div class=\"label\">\u00dcRET\u0130M KAPAS\u0130TE<\/div>\n<div class=\"value\">10-35 Pk\/Dk <\/div>\n<\/div>\n<div class=\"row\">\n<div class=\"label\">A\u011eIRLIK<\/div>\n<div class=\"value\">750 Kg<\/div>\n<\/div>\n<\/div>\n<p>&nbsp;<\/p>\n","protected":false},"excerpt":{"rendered":"<p>\u00d6zel \u00f6l\u00e7\u00fc ve \u00f6zelle\u015ftirilmi\u015f model i\u00e7in bizimle ileti\u015fime ge\u00e7ebilirsiniz.<\/p>\n<p><a href=\"https:\/\/youtu.be\/3ZLB2S_LjEo?si=5SLiVsxH6LTteuWS&amp;utm_source=MTQxZ\" target=\"_blank\" rel=\"noopener\"><img decoding=\"async\" class=\"alignnone size-full wp-image-7823\" src=\"https:\/\/gifajans.info\/aslantech\/wp-content\/uploads\/2025\/08\/r7.jpg\" alt=\"\" width=\"146\" height=\"164\" \/><\/a><\/p>\n","protected":false},"featured_media":7011,"comment_status":"open","ping_status":"closed","template":"","meta":{"_joinchat":[]},"product_brand":[],"product_cat":[28],"product_tag":[],"class_list":{"0":"post-7009","1":"product","2":"type-product","3":"status-publish","4":"has-post-thumbnail","6":"product_cat-architecture","8":"first","9":"instock","10":"shipping-taxable","11":"product-type-simple"},"_links":{"self":[{"href":"https:\/\/gifajans.info\/aslantech\/wp-json\/wp\/v2\/product\/7009","targetHints":{"allow":["GET"]}}],"collection":[{"href":"https:\/\/gifajans.info\/aslantech\/wp-json\/wp\/v2\/product"}],"about":[{"href":"https:\/\/gifajans.info\/aslantech\/wp-json\/wp\/v2\/types\/product"}],"replies":[{"embeddable":true,"href":"https:\/\/gifajans.info\/aslantech\/wp-json\/wp\/v2\/comments?post=7009"}],"wp:featuredmedia":[{"embeddable":true,"href":"https:\/\/gifajans.info\/aslantech\/wp-json\/wp\/v2\/media\/7011"}],"wp:attachment":[{"href":"https:\/\/gifajans.info\/aslantech\/wp-json\/wp\/v2\/media?parent=7009"}],"wp:term":[{"taxonomy":"product_brand","embeddable":true,"href":"https:\/\/gifajans.info\/aslantech\/wp-json\/wp\/v2\/product_brand?post=7009"},{"taxonomy":"product_cat","embeddable":true,"href":"https:\/\/gifajans.info\/aslantech\/wp-json\/wp\/v2\/product_cat?post=7009"},{"taxonomy":"product_tag","embeddable":true,"href":"https:\/\/gifajans.info\/aslantech\/wp-json\/wp\/v2\/product_tag?post=7009"}],"curies":[{"name":"wp","href":"https:\/\/api.w.org\/{rel}","templated":true}]}}