{"id":7016,"date":"2025-06-19T16:05:18","date_gmt":"2025-06-19T13:05:18","guid":{"rendered":"https:\/\/gifajans.info\/aslantech\/?post_type=product&#038;p=7016"},"modified":"2025-08-01T21:28:47","modified_gmt":"2025-08-01T18:28:47","slug":"manuel","status":"publish","type":"product","link":"https:\/\/gifajans.info\/aslantech\/product\/manuel\/","title":{"rendered":"MANUEL"},"content":{"rendered":"<h5>\u00d6ZELL\u0130KLER<\/h5>\n<p>Homojen \u0131s\u0131 da\u011f\u0131l\u0131m\u0131 sa\u011flayan fan teknolojisi ile Enerji tasarrufu ve m\u00fckemmel paket kalitesi<\/p>\n<p>360 derece kaliteli b\u00fcz\u00fc\u015ft\u00fcrme i\u015flemi imkan\u0131 sa\u011flayan (\u00d6nce Kes) sonra b\u00fcz\u00fc\u015ft\u00fcr ilkesine uygun.<\/p>\n<p>Lineer hareketli besleme tablas\u0131 ve film ta\u015f\u0131ma arabas\u0131.<\/p>\n<p>T\u00fcm s\u00fcreler ve \u0131s\u0131lar\u0131n ayarlanabilece\u011fi kontrol paneli<\/p>\n<p>Hava tahliyesi i\u00e7in delik delme aparat\u0131<\/p>\n<p>ISO 9001 ve CE<\/p>\n<p>5 Y\u0131l Yedek Par\u00e7a Tedarik Garantisi<\/p>\n<p>&nbsp;<\/p>\n<style>\n    \/* Masa\u00fcst\u00fc Tablosu *\/<br \/>    #table-desktop {<br \/>      width: 100%;<br \/>      border-collapse: collapse;<br \/>    }<\/p>\n<p>    #table-desktop th,<br \/>    #table-desktop td {<br \/>      border: 1px solid #ddd;<br \/>      padding: 10px;<br \/>      text-align: left;<br \/>    }<\/p>\n<p>    #table-desktop thead {<br \/>      background-color: #f3f3f3;<br \/>    }<\/p>\n<p>    \/* Mobil Tablosu *\/<br \/>    #table-mobile {<br \/>      width: 100%;<br \/>      max-width: 600px;<br \/>      margin: 0 auto;<br \/>      border: 1px solid #ddd;<br \/>      border-radius: 8px;<br \/>      overflow: hidden;<br \/>    }<\/p>\n<p>    #table-mobile .row {<br \/>      display: flex;<br \/>      flex-wrap: wrap;<br \/>      padding: 12px;<br \/>      border-bottom: 1px solid #eee;<br \/>    }<\/p>\n<p>    #table-mobile .row:last-child {<br \/>      bor<span data-mce-type=\"bookmark\" style=\"display: inline-block; width: 0px; overflow: hidden; line-height: 0;\" class=\"mce_SELRES_start\">\ufeff<\/span>der-bottom: none;<br \/>    }<\/p>\n<p>    #table-mobile .label {<br \/>      width: 50%;<br \/>      font-weight: bold;<br \/>      color: #444;<br \/>    }<\/p>\n<p>    #table-mobile .value {<br \/>      width: 50%;<br \/>      color: #000;<br \/>    }<br \/>  <\/style>\n<p>&nbsp;<\/p>\n<p><!-- \u2705 Masa\u00fcst\u00fc Tablosu --><\/p>\n<table id=\"table-desktop\">\n<thead>\n<tr>\n<th>Model<\/th>\n<th>\u00d6l\u00e7\u00fc E*b*y<\/th>\n<th>\u00c7ene \u00d6l\u00e7\u00fcs\u00fc<\/th>\n<th>Max Film Geni\u015fli\u011fi<\/th>\n<th>TAM G\u00dc\u00c7 (KW)<\/th>\n<th>ORTAL AMA G\u00dc\u00c7 (kWh)<\/th>\n<th>\u00dcRET\u0130M KAPAS\u0130TE<\/th>\n<th>A\u011eIRLIK<\/th>\n<\/tr>\n<\/thead>\n<tbody>\n<tr>\n<td>POF &#8211; PVC 45\u00d760<\/td>\n<td>1600mm\u00d7900mm\u00d71050mm<\/td>\n<td>450mmx600mm<br \/>\nxl20mm <\/td>\n<td>550mm<\/td>\n<td>3.6K<\/td>\n<td>2 kWh<\/td>\n<td>6-10 Pk\/Dk<\/td>\n<td>120 Kg<\/td>\n<\/tr>\n<tr>\n<td>POF &#8211; PVC 50\u00d770<\/td>\n<td>1650mmx950mmx<br \/>\n1200mm <\/td>\n<td>500mmx700mm<br \/>\nxl20mm <\/td>\n<td>650mm<\/td>\n<td>4.6KW<\/td>\n<td>3kWh<\/td>\n<td> 6-10 Pk\/Dk<\/td>\n<td>135 Kg<\/td>\n<\/tr>\n<tr>\n<td>POF &#8211; PVC 60&#215;80<\/td>\n<td>2000mm xll00mm X 1200mm<\/td>\n<td>600mmx800mm<br \/>\nxl20mm<\/td>\n<td>950mm<\/td>\n<td>6.8K<\/td>\n<td>4 kWh<\/td>\n<td> 6-10 Pk\/Dk<\/td>\n<td>210 Kg<\/td>\n<\/tr>\n<tr>\n<td>POF &#8211; PVC 75\u00d7105<\/td>\n<td>2600mmxl700mmx<br \/>\n1200mm<\/td>\n<td>750mmxl000mm<br \/>\nxl20mm <\/td>\n<td>1000mm<\/td>\n<td>8.6K<\/td>\n<td>6 kWh<\/td>\n<td> 6-10 Pk\/Dk<\/td>\n<td>450 Kg<\/td>\n<\/tr>\n<\/tbody>\n<\/table>\n<p><!-- \u2705 Mobil Tablosu --><\/p>\n<div id=\"table-mobile\">\n<div class=\"row\">\n<div class=\"label\">Model<\/div>\n<div class=\"value\">POF &#8211; PVC 45&#215;60<\/div>\n<\/div>\n<div class=\"row\">\n<div class=\"label\">\u00d6l\u00e7\u00fc E*b*y<\/div>\n<div class=\"value\">1600mmx900mmx<br \/>\n1050mm <\/div>\n<\/div>\n<div class=\"row\">\n<div class=\"label\">\u00c7ene \u00d6l\u00e7\u00fcs\u00fc<\/div>\n<div class=\"value\">450mmx600mm<br \/>\nxl20mm<\/div>\n<\/div>\n<div class=\"row\">\n<div class=\"label\">Max Film Geni\u015fli\u011fi<\/div>\n<div class=\"value\">550mm<\/div>\n<\/div>\n<div class=\"row\">\n<div class=\"label\">TAM G\u00dc\u00c7 (KW)<\/div>\n<div class=\"value\">3.6KW <\/div>\n<\/div>\n<div class=\"row\">\n<div class=\"label\">ORTAL AMA G\u00dc\u00c7 (kWh)<\/div>\n<div class=\"value\">2 kWh<\/div>\n<\/div>\n<div class=\"row\">\n<div class=\"label\">\u00dcRET\u0130M KAPAS\u0130TE<\/div>\n<div class=\"value\">6-10 Pk\/Dk<\/div>\n<\/div>\n<div class=\"row\">\n<div class=\"label\">A\u011eIRLIK<\/div>\n<div class=\"value\">120 Kg<\/div>\n<\/div>\n<div class=\"row\">\n<div class=\"label\">Model<\/div>\n<div class=\"value\">POF &#8211; PVC 50&#215;70<\/div>\n<\/div>\n<div class=\"row\">\n<div class=\"label\">\u00d6l\u00e7\u00fc E*b*y<\/div>\n<div class=\"value\">1650mmx950mmx<br \/>\n1200mm <\/div>\n<\/div>\n<div class=\"row\">\n<div class=\"label\">\u00c7ene \u00d6l\u00e7\u00fcs\u00fc<\/div>\n<div class=\"value\">500mmx700mm<br \/>\nxl20mm <\/div>\n<\/div>\n<div class=\"row\">\n<div class=\"label\">Max Film Geni\u015fli\u011fi<\/div>\n<div class=\"value\">650mm<\/div>\n<\/div>\n<div class=\"row\">\n<div class=\"label\">TAM G\u00dc\u00c7 (KW)<\/div>\n<div class=\"value\">4.6KW <\/div>\n<\/div>\n<div class=\"row\">\n<div class=\"label\">ORTAL AMA G\u00dc\u00c7 (kWh)<\/div>\n<div class=\"value\">3 kWh<\/div>\n<\/div>\n<div class=\"row\">\n<div class=\"label\">\u00dcRET\u0130M KAPAS\u0130TE<\/div>\n<div class=\"value\"> 6-10 Pk\/Dk<\/div>\n<\/div>\n<div class=\"row\">\n<div class=\"label\">A\u011eIRLIK<\/div>\n<div class=\"value\">135 Kg<\/div>\n<\/div>\n<div class=\"row\">\n<div class=\"label\">Model<\/div>\n<div class=\"value\">POF &#8211; PVC 60&#215;80<\/div>\n<\/div>\n<div class=\"row\">\n<div class=\"label\">\u00d6l\u00e7\u00fc E*b*y<\/div>\n<div class=\"value\">2000mm xll00mm X1200mm<\/div>\n<\/div>\n<div class=\"row\">\n<div class=\"label\">\u00c7ene \u00d6l\u00e7\u00fcs\u00fc<\/div>\n<div class=\"value\">600mmx800mm<br \/>\nxl20mm <\/div>\n<\/div>\n<div class=\"row\">\n<div class=\"label\">Max Film Geni\u015fli\u011fi<\/div>\n<div class=\"value\">950mm<\/div>\n<\/div>\n<div class=\"row\">\n<div class=\"label\">TAM G\u00dc\u00c7 (KW)<\/div>\n<div class=\"value\">6.8KW <\/div>\n<\/div>\n<div class=\"row\">\n<div class=\"label\">ORTAL AMA G\u00dc\u00c7 (kWh)<\/div>\n<div class=\"value\">4 kWh<\/div>\n<\/div>\n<div class=\"row\">\n<div class=\"label\">\u00dcRET\u0130M KAPAS\u0130TE<\/div>\n<div class=\"value\"> 6-10 Pk\/Dk<\/div>\n<\/div>\n<div class=\"row\">\n<div class=\"label\">A\u011eIRLIK<\/div>\n<div class=\"value\">210 Kg<\/div>\n<\/div>\n<div class=\"row\">\n<div class=\"label\">Model<\/div>\n<div class=\"value\">POF &#8211; PVC 75\u00d7105<\/div>\n<\/div>\n<div class=\"row\">\n<div class=\"label\">\u00d6l\u00e7\u00fc E*b*y<\/div>\n<div class=\"value\">2600mmxl700mmx<br \/>\n1200mm<\/div>\n<\/div>\n<div class=\"row\">\n<div class=\"label\">\u00c7ene \u00d6l\u00e7\u00fcs\u00fc<\/div>\n<div class=\"value\">750mmxl000mm<br \/>\nxl20mm<\/div>\n<\/div>\n<div class=\"row\">\n<div class=\"label\">Max Film Geni\u015fli\u011fi<\/div>\n<div class=\"value\">1000mm<\/div>\n<\/div>\n<div class=\"row\">\n<div class=\"label\">TAM G\u00dc\u00c7 (KW)<\/div>\n<div class=\"value\">8.6KW <\/div>\n<\/div>\n<div class=\"row\">\n<div class=\"label\">ORTAL AMA G\u00dc\u00c7 (kWh)<\/div>\n<div class=\"value\">6 kWh<\/div>\n<\/div>\n<div class=\"row\">\n<div class=\"label\">\u00dcRET\u0130M KAPAS\u0130TE<\/div>\n<div class=\"value\"> 6-10 Pk\/Dk<\/div>\n<\/div>\n<div class=\"row\">\n<div class=\"label\">A\u011eIRLIK<\/div>\n<div class=\"value\">450 Kg<\/div>\n<\/div>\n<\/div>\n","protected":false},"excerpt":{"rendered":"<p>\u00d6zel \u00f6l\u00e7\u00fc ve \u00f6zelle\u015ftirilmi\u015f model i\u00e7in bizimle ileti\u015fime ge\u00e7ebilirsiniz.<\/p>\n<p><a href=\"https:\/\/youtu.be\/YlFeUbJRJLQ?si=dZQ0RRQcmWGAGGV9&amp;utm_source=MTQxZ\" target=\"_blank\" rel=\"noopener\"><img decoding=\"async\" class=\"alignnone size-full wp-image-7825\" src=\"https:\/\/gifajans.info\/aslantech\/wp-content\/uploads\/2025\/08\/r9.jpg\" alt=\"\" width=\"150\" height=\"174\" \/><\/a><\/p>\n","protected":false},"featured_media":7021,"comment_status":"open","ping_status":"closed","template":"","meta":{"_joinchat":[]},"product_brand":[],"product_cat":[28],"product_tag":[],"class_list":{"0":"post-7016","1":"product","2":"type-product","3":"status-publish","4":"has-post-thumbnail","6":"product_cat-architecture","8":"first","9":"instock","10":"shipping-taxable","11":"product-type-simple"},"_links":{"self":[{"href":"https:\/\/gifajans.info\/aslantech\/wp-json\/wp\/v2\/product\/7016","targetHints":{"allow":["GET"]}}],"collection":[{"href":"https:\/\/gifajans.info\/aslantech\/wp-json\/wp\/v2\/product"}],"about":[{"href":"https:\/\/gifajans.info\/aslantech\/wp-json\/wp\/v2\/types\/product"}],"replies":[{"embeddable":true,"href":"https:\/\/gifajans.info\/aslantech\/wp-json\/wp\/v2\/comments?post=7016"}],"wp:featuredmedia":[{"embeddable":true,"href":"https:\/\/gifajans.info\/aslantech\/wp-json\/wp\/v2\/media\/7021"}],"wp:attachment":[{"href":"https:\/\/gifajans.info\/aslantech\/wp-json\/wp\/v2\/media?parent=7016"}],"wp:term":[{"taxonomy":"product_brand","embeddable":true,"href":"https:\/\/gifajans.info\/aslantech\/wp-json\/wp\/v2\/product_brand?post=7016"},{"taxonomy":"product_cat","embeddable":true,"href":"https:\/\/gifajans.info\/aslantech\/wp-json\/wp\/v2\/product_cat?post=7016"},{"taxonomy":"product_tag","embeddable":true,"href":"https:\/\/gifajans.info\/aslantech\/wp-json\/wp\/v2\/product_tag?post=7016"}],"curies":[{"name":"wp","href":"https:\/\/api.w.org\/{rel}","templated":true}]}}