{"id":7030,"date":"2025-06-19T16:21:20","date_gmt":"2025-06-19T13:21:20","guid":{"rendered":"https:\/\/gifajans.info\/aslantech\/?post_type=product&#038;p=7030"},"modified":"2025-08-01T20:52:06","modified_gmt":"2025-08-01T17:52:06","slug":"yari-otomatik","status":"publish","type":"product","link":"https:\/\/gifajans.info\/aslantech\/product\/yari-otomatik\/","title":{"rendered":"YARI OTOMAT\u0130K"},"content":{"rendered":"<h5>\u00d6ZELL\u0130KLER<\/h5>\n<p>\u0130ki adet bobin tek kat polietilen film ile \u00e7al\u0131\u015f\u0131r<\/p>\n<p>Tahriksiz rulolar ile manuel bo\u015faltma<\/p>\n<p>\u00dcr\u00fcn Besleme ama\u00e7l\u0131 d\u00fcz besleme y\u00f6n\u00fcnde tahriksiz rulo bant<\/p>\n<p>Tahriksiz tahliye band\u0131 ile t\u00fcnele kolay aktar\u0131m<\/p>\n<p>S\u0131cak \u00e7ene ile hem yap\u0131\u015ft\u0131rma, hem de kaynak yapan \u00e7ene b\u0131\u00e7ak sistemi<\/p>\n<p>\u00d6zel tasar\u0131m profil aras\u0131nda \u00e7al\u0131\u015fan ve teflon kapl\u0131 kesme b\u0131\u00e7a\u011f\u0131<\/p>\n<p>Kesme \u00e7enesinin dijital kontrolle +\/- 1 derece hassasiyetle kontrol\u00fc<\/p>\n<p>Alt \u00e7enede \u00f6zel uzun \u00f6m\u00fcrl\u00fc profil silikon ile kaliteli kaynak<\/p>\n<p>Is\u0131l\u0131 t\u00fcneli dizayn\u0131nda \u00f6zel tasar\u0131m ile rasyonel enerji kontrol\u00fc ve izolasyon<\/p>\n<p>Bant y\u00fczeyinden yumu\u015fak ve kolay \u00fcr\u00fcn ge\u00e7i\u015fi i\u00e7in farkl\u0131 se\u00e7enekler<\/p>\n<p>ISO 9001 ve CE<\/p>\n<p>5 Y\u0131l Yedek Par\u00e7a Tedarik Garanti<\/p>\n<p>&nbsp;<\/p>\n<style>\n    \/* Masa\u00fcst\u00fc Tablosu *\/<br \/>    #table-desktop {<br \/>      width: 100%;<br \/>      border-collapse: collapse;<br \/>    }<\/p>\n<p>    #table-desktop th,<br \/>    #table-desktop td {<br \/>      border: 1px solid #ddd;<br \/>      padding: 10px;<br \/>      text-align: left;<br \/>    }<\/p>\n<p>    #table-desktop thead {<br \/>      background-color: #f3f3f3;<br \/>    }<\/p>\n<p>    \/* Mobil Tablosu *\/<br \/>    #table-mobile {<br \/>      width: 100%;<br \/>      max-width: 600px;<br \/>      margin: 0 auto;<br \/>      border: 1px solid #ddd;<br \/>      border-radius: 8px;<br \/>      overflow: hidden;<br \/>    }<\/p>\n<p>    #table-mobile .row {<br \/>      display: flex;<br \/>      flex-wrap: wrap;<br \/>      padding: 12px;<br \/>      border-bottom: 1px solid #eee;<br \/>    }<\/p>\n<p>    #table-mobile .row:last-child {<br \/>      border-bottom: none;<br \/>    }<\/p>\n<p>    #table-mobile .label {<br \/>      width: 50%;<br \/>      font-weight: bold;<br \/>      color: #444;<br \/>    }<\/p>\n<p>    #table-mobile .value {<br \/>      width: 50%;<br \/>      color: #000;<br \/>    }<br \/>  <\/style>\n<p>&nbsp;<\/p>\n<p><!-- \u2705 Masa\u00fcst\u00fc Tablosu --><\/p>\n<table id=\"table-desktop\">\n<thead>\n<tr>\n<th>Model<\/th>\n<th>\u00d6l\u00e7\u00fc E*b*y<\/th>\n<th>\u00c7ene \u00d6l\u00e7\u00fcs\u00fc<\/th>\n<th>Max Film Geni\u015fli\u011fi<\/th>\n<th>TAM G\u00dc\u00c7 (KW)<\/th>\n<th>ORTAL AMA G\u00dc\u00c7 (kWh)<\/th>\n<th>\u00dcRET\u0130M KAPAS\u0130TE<\/th>\n<th>A\u011eIRLIK<\/th>\n<\/tr>\n<\/thead>\n<tbody>\n<tr>\n<td>PE- 50&#215;70 <\/td>\n<td>1150mmx3800mmx<br \/>\n2200mm<\/td>\n<td>700 mm<\/td>\n<td>650 mm<\/td>\n<td>31 KW<\/td>\n<td>18 kWh<\/td>\n<td>6-10 Pk\/Dk <\/td>\n<td>850 Kg<\/td>\n<\/tr>\n<\/tbody>\n<\/table>\n<p><!-- \u2705 Mobil Tablosu --><\/p>\n<div id=\"table-mobile\">\n<div class=\"row\">\n<div class=\"label\">Model<\/div>\n<div class=\"value\">PE- 50&#215;70<\/div>\n<\/div>\n<div class=\"row\">\n<div class=\"label\">\u00d6l\u00e7\u00fc E*b*y<\/div>\n<div class=\"value\">1150mmx3800mmx<br \/>\n2200mm <\/div>\n<\/div>\n<div class=\"row\">\n<div class=\"label\">\u00c7ene \u00d6l\u00e7\u00fcs\u00fc<\/div>\n<div class=\"value\">700 mm<\/div>\n<\/div>\n<div class=\"row\">\n<div class=\"label\">Max Film Geni\u015fli\u011fi<\/div>\n<div class=\"value\">650 mm<\/div>\n<\/div>\n<div class=\"row\">\n<div class=\"label\">TAM G\u00dc\u00c7 (KW)<\/div>\n<div class=\"value\">31 KW<\/div>\n<\/div>\n<div class=\"row\">\n<div class=\"label\">ORTAL AMA G\u00dc\u00c7 (kWh)<\/div>\n<div class=\"value\">18 kWh<\/div>\n<\/div>\n<div class=\"row\">\n<div class=\"label\">\u00dcRET\u0130M KAPAS\u0130TE<\/div>\n<div class=\"value\">6-10 Pk\/Dk <\/div>\n<\/div>\n<div class=\"row\">\n<div class=\"label\">A\u011eIRLIK<\/div>\n<div class=\"value\">850 Kg<\/div>\n<\/div>\n<\/div>\n<p>&nbsp;<\/p>\n","protected":false},"excerpt":{"rendered":"<p>\u00d6zel \u00f6l\u00e7\u00fc ve \u00f6zelle\u015ftirilmi\u015f model i\u00e7in bizimle ileti\u015fime ge\u00e7ebilirsiniz.<\/p>\n<p><a href=\"https:\/\/youtu.be\/af4Q_QLp4ec?si=kFqDAtE2-OsxBObY&amp;utm_source=MTQxZ\" target=\"_blank\" rel=\"noopener\"><img decoding=\"async\" class=\"alignnone size-full wp-image-7822\" src=\"https:\/\/gifajans.info\/aslantech\/wp-content\/uploads\/2025\/08\/r6.jpg\" alt=\"\" width=\"165\" height=\"179\" \/><\/a><\/p>\n","protected":false},"featured_media":7031,"comment_status":"open","ping_status":"closed","template":"","meta":{"_joinchat":[]},"product_brand":[],"product_cat":[28],"product_tag":[],"class_list":{"0":"post-7030","1":"product","2":"type-product","3":"status-publish","4":"has-post-thumbnail","6":"product_cat-architecture","8":"first","9":"instock","10":"shipping-taxable","11":"product-type-simple"},"_links":{"self":[{"href":"https:\/\/gifajans.info\/aslantech\/wp-json\/wp\/v2\/product\/7030","targetHints":{"allow":["GET"]}}],"collection":[{"href":"https:\/\/gifajans.info\/aslantech\/wp-json\/wp\/v2\/product"}],"about":[{"href":"https:\/\/gifajans.info\/aslantech\/wp-json\/wp\/v2\/types\/product"}],"replies":[{"embeddable":true,"href":"https:\/\/gifajans.info\/aslantech\/wp-json\/wp\/v2\/comments?post=7030"}],"wp:featuredmedia":[{"embeddable":true,"href":"https:\/\/gifajans.info\/aslantech\/wp-json\/wp\/v2\/media\/7031"}],"wp:attachment":[{"href":"https:\/\/gifajans.info\/aslantech\/wp-json\/wp\/v2\/media?parent=7030"}],"wp:term":[{"taxonomy":"product_brand","embeddable":true,"href":"https:\/\/gifajans.info\/aslantech\/wp-json\/wp\/v2\/product_brand?post=7030"},{"taxonomy":"product_cat","embeddable":true,"href":"https:\/\/gifajans.info\/aslantech\/wp-json\/wp\/v2\/product_cat?post=7030"},{"taxonomy":"product_tag","embeddable":true,"href":"https:\/\/gifajans.info\/aslantech\/wp-json\/wp\/v2\/product_tag?post=7030"}],"curies":[{"name":"wp","href":"https:\/\/api.w.org\/{rel}","templated":true}]}}