{"id":7811,"date":"2025-08-01T14:31:47","date_gmt":"2025-08-01T11:31:47","guid":{"rendered":"https:\/\/gifajans.info\/aslantech\/?post_type=product&#038;p=7811"},"modified":"2025-08-01T18:33:18","modified_gmt":"2025-08-01T15:33:18","slug":"l-kesim-shrink-makinesi-yari-otomatik","status":"publish","type":"product","link":"https:\/\/gifajans.info\/aslantech\/product\/l-kesim-shrink-makinesi-yari-otomatik\/","title":{"rendered":"L Kesim Shrink Makinesi YARI OTOMAT\u0130K"},"content":{"rendered":"<h5>\u00d6ZELL\u0130KLER<\/h5>\n<p>Maki na PVC ve POF Shrink ile \u00e7al\u0131\u015fabilir.<\/p>\n<p>Kesim ve yap\u0131\u015ft\u0131rma i\u015flemi tel ile yap\u0131lmaktad\u0131r.<br \/>\nKapak pn\u00f6matik olarak kapan\u0131p a\u00e7\u0131lmaktad\u0131r.<br \/>\nKesim i\u015fleminin ard\u0131ndan \u00fcr\u00fcn tahliyesi motor tahrikli konvey\u00f6r bant ile otomatik<br \/>\nolarak yap\u0131lmaktad\u0131r.<br \/>\n\u0130\u015f g\u00fcvenli\u011fi ama\u00e7l\u0131 ayn\u0131 anda bas\u0131lmas\u0131 gereken 2 adet start butonu yer almaktad\u0131r.<br \/>\n\u2022Kesme, kaynak ve tahliye zamanlar\u0131, ayarlanabilir.<br \/>\nRadyal fan teknoloji kullanmaktad\u0131r. B\u00f6ylece kapal\u0131 alanda elde edilen s\u0131cak havan\u0131n<br \/>\ngiri\u015f \u00e7\u0131k\u0131\u015f pencerelerinden tahliyesi minimuma indirilmi\u015ftir.<br \/>\nF\u0131r\u0131nda \u0131s\u0131 kontrol\u00fc dijital PID \u0131s\u0131 kontrol cihaz\u0131 ile yap\u0131lmakta olup, hassasiyet +\/-1 derece<br \/>\nolarak \u00e7al\u0131\u015fmaktad\u0131r.<br \/>\nRezistanslar serpantinli olup minimum s\u00fcrede \u00e7al\u0131\u015fma derecelerine ula\u015fmaktad\u0131r.<br \/>\nAleve dayan\u0131kl\u0131 \u0131s\u0131 perdeleri kullan\u0131lmaktad\u0131r.<\/p>\n<p>150 9001 ve CE.<br \/>\n5 Y\u0131l Yedek Par\u00e7a Tedarik Garantisi.<\/p>\n<p>&nbsp;<\/p>\n<style>\n    \/* Masa\u00fcst\u00fc Tablosu *\/<br \/>    #table-desktop {<br \/>      width: 100%;<br \/>      border-collapse: collapse;<br \/>    }<\/p>\n<p>    #table-desktop th,<br \/>    #table-desktop td {<br \/>      border: 1px solid #ddd;<br \/>      padding: 10px;<br \/>      text-align: left;<br \/>    }<\/p>\n<p>    #table-desktop thead {<br \/>      background-color: #f3f3f3;<br \/>    }<\/p>\n<p>    \/* Mobil Tablosu *\/<br \/>    #table-mobile {<br \/>      width: 100%;<br \/>      max-width: 600px;<br \/>      margin: 0 auto;<br \/>      border: 1px solid #ddd;<br \/>      border-radius: 8px;<br \/>      overflow: hidden;<br \/>    }<\/p>\n<p>    #table-mobile .row {<br \/>      display: flex;<br \/>      flex-wrap: wrap;<br \/>      padding: 12px;<br \/>      border-bottom: 1px solid #eee;<br \/>    }<\/p>\n<p>    #table-mobile .row:last-child {<br \/>      bor<span data-mce-type=\"bookmark\" style=\"display: inline-block; width: 0px; overflow: hidden; line-height: 0;\" class=\"mce_SELRES_start\">\ufeff<\/span>der-bottom: none;<br \/>    }<\/p>\n<p>    #table-mobile .label {<br \/>      width: 50%;<br \/>      font-weight: bold;<br \/>      color: #444;<br \/>    }<\/p>\n<p>    #table-mobile .value {<br \/>      width: 50%;<br \/>      color: #000;<br \/>    }<br \/>  <\/style>\n<p>&nbsp;<\/p>\n<p><!-- \u2705 Masa\u00fcst\u00fc Tablosu --><\/p>\n<table id=\"table-desktop\">\n<thead>\n<tr>\n<th>Model<\/th>\n<th>\u00d6l\u00e7\u00fc E*b*y<\/th>\n<th>\u00c7ene \u00d6l\u00e7\u00fcs\u00fc<\/th>\n<th>Max Film Geni\u015fli\u011fi<\/th>\n<th>TAM G\u00dc\u00c7 (KW)<\/th>\n<th>ORTAL AMA G\u00dc\u00c7 (kWh)<\/th>\n<th>\u00dcRET\u0130M KAPAS\u0130TE<\/th>\n<th>A\u011eIRLIK<\/th>\n<\/tr>\n<\/thead>\n<tbody>\n<tr>\n<td>POF &#8211; PVC 50\u00d750<\/td>\n<td>1500mm\u00d72700mm\u00d71700mm<\/td>\n<td>500mm\u00d7500mm<\/td>\n<td>550mm<\/td>\n<td>8 KW<\/td>\n<td>5 kWh<\/td>\n<td>10-15 Pk\/Dk<\/td>\n<td>650 Kg<\/td>\n<\/tr>\n<tr>\n<td>POF &#8211; PVC 50\u00d770<\/td>\n<td>500mm\u00d73000mm\u00d71700mm<\/td>\n<td>500mm\u00d7700mm<\/td>\n<td>650mm<\/td>\n<td>10 KW<\/td>\n<td>7 kWh<\/td>\n<td>10-15 Pk\/Dk<\/td>\n<td>750 Kg<\/td>\n<\/tr>\n<tr>\n<td>POF &#8211; PVC 60\u00d780<\/td>\n<td>1750mm\u00d73300mm\u00d71700mm<\/td>\n<td>600mm\u00d7800mm<\/td>\n<td>950mm<\/td>\n<td>13 KW<\/td>\n<td>10 kWh<\/td>\n<td>10-15 Pk\/Dk<\/td>\n<td>810 Kg<\/td>\n<\/tr>\n<tr>\n<td>POF &#8211; PVC 75\u00d7100<\/td>\n<td>1950mm\u00d74700mm\u00d71700mm<\/td>\n<td>750mm\u00d71000mm<\/td>\n<td>1000mm<\/td>\n<td>19 KW<\/td>\n<td>13 kWh<\/td>\n<td>10-15 Pk\/Dk<\/td>\n<td>1150 Kg<\/td>\n<\/tr>\n<\/tbody>\n<\/table>\n<p><!-- \u2705 Mobil Tablosu --><\/p>\n<div id=\"table-mobile\">\n<div class=\"row\">\n<div class=\"label\">Model<\/div>\n<div class=\"value\">POF &#8211; PVC 50\u00d750<\/div>\n<\/div>\n<div class=\"row\">\n<div class=\"label\">\u00d6l\u00e7\u00fc E*b*y<\/div>\n<div class=\"value\">1500mm\u00d72700mm\u00d71700mm<\/div>\n<\/div>\n<div class=\"row\">\n<div class=\"label\">\u00c7ene \u00d6l\u00e7\u00fcs\u00fc<\/div>\n<div class=\"value\">500mm\u00d7500mm<\/div>\n<\/div>\n<div class=\"row\">\n<div class=\"label\">Max Film Geni\u015fli\u011fi<\/div>\n<div class=\"value\">550mm<\/div>\n<\/div>\n<div class=\"row\">\n<div class=\"label\">TAM G\u00dc\u00c7 (KW)<\/div>\n<div class=\"value\">8 KW<\/div>\n<\/div>\n<div class=\"row\">\n<div class=\"label\">ORTAL AMA G\u00dc\u00c7 (kWh)<\/div>\n<div class=\"value\">5 kWh<\/div>\n<\/div>\n<div class=\"row\">\n<div class=\"label\">\u00dcRET\u0130M KAPAS\u0130TE<\/div>\n<div class=\"value\">10-15 Pk\/Dk<\/div>\n<\/div>\n<div class=\"row\">\n<div class=\"label\">A\u011eIRLIK<\/div>\n<div class=\"value\">650 Kg<\/div>\n<\/div>\n<div class=\"row\">\n<div class=\"label\">Model<\/div>\n<div class=\"value\">POF &#8211; PVC 50\u00d770<\/div>\n<\/div>\n<div class=\"row\">\n<div class=\"label\">\u00d6l\u00e7\u00fc E*b*y<\/div>\n<div class=\"value\">500mm\u00d73000mm\u00d71700mm<\/div>\n<\/div>\n<div class=\"row\">\n<div class=\"label\">\u00c7ene \u00d6l\u00e7\u00fcs\u00fc<\/div>\n<div class=\"value\">500mm\u00d7700mm<\/div>\n<\/div>\n<div class=\"row\">\n<div class=\"label\">Max Film Geni\u015fli\u011fi<\/div>\n<div class=\"value\">650mm<\/div>\n<\/div>\n<div class=\"row\">\n<div class=\"label\">TAM G\u00dc\u00c7 (KW)<\/div>\n<div class=\"value\">10 KW<\/div>\n<\/div>\n<div class=\"row\">\n<div class=\"label\">ORTAL AMA G\u00dc\u00c7 (kWh)<\/div>\n<div class=\"value\">7 kWh<\/div>\n<\/div>\n<div class=\"row\">\n<div class=\"label\">\u00dcRET\u0130M KAPAS\u0130TE<\/div>\n<div class=\"value\">10-15 Pk\/Dk<\/div>\n<\/div>\n<div class=\"row\">\n<div class=\"label\">A\u011eIRLIK<\/div>\n<div class=\"value\">750 Kg<\/div>\n<\/div>\n<div class=\"row\">\n<div class=\"label\">Model<\/div>\n<div class=\"value\">POF &#8211; PVC 60\u00d780<\/div>\n<\/div>\n<div class=\"row\">\n<div class=\"label\">\u00d6l\u00e7\u00fc E*b*y<\/div>\n<div class=\"value\">1750mm\u00d73300mm\u00d71700mm<\/div>\n<\/div>\n<div class=\"row\">\n<div class=\"label\">\u00c7ene \u00d6l\u00e7\u00fcs\u00fc<\/div>\n<div class=\"value\">600mm\u00d7800mm<\/div>\n<\/div>\n<div class=\"row\">\n<div class=\"label\">Max Film Geni\u015fli\u011fi<\/div>\n<div class=\"value\">950mm<\/div>\n<\/div>\n<div class=\"row\">\n<div class=\"label\">TAM G\u00dc\u00c7 (KW)<\/div>\n<div class=\"value\">13 KW<\/div>\n<\/div>\n<div class=\"row\">\n<div class=\"label\">ORTAL AMA G\u00dc\u00c7 (kWh)<\/div>\n<div class=\"value\">10 kWh<\/div>\n<\/div>\n<div class=\"row\">\n<div class=\"label\">\u00dcRET\u0130M KAPAS\u0130TE<\/div>\n<div class=\"value\">10-15 Pk\/Dk<\/div>\n<\/div>\n<div class=\"row\">\n<div class=\"label\">A\u011eIRLIK<\/div>\n<div class=\"value\">810 Kg<\/div>\n<\/div>\n<div class=\"row\">\n<div class=\"label\">Model<\/div>\n<div class=\"value\">POF &#8211; PVC 75\u00d7100<\/div>\n<\/div>\n<div class=\"row\">\n<div class=\"label\">\u00d6l\u00e7\u00fc E*b*y<\/div>\n<div class=\"value\">1950mm\u00d74700mm\u00d71700mm<\/div>\n<\/div>\n<div class=\"row\">\n<div class=\"label\">\u00c7ene \u00d6l\u00e7\u00fcs\u00fc<\/div>\n<div class=\"value\">750mm\u00d71000mm<\/div>\n<\/div>\n<div class=\"row\">\n<div class=\"label\">Max Film Geni\u015fli\u011fi<\/div>\n<div class=\"value\">1000mm<\/div>\n<\/div>\n<div class=\"row\">\n<div class=\"label\">TAM G\u00dc\u00c7 (KW)<\/div>\n<div class=\"value\">19 KW<\/div>\n<\/div>\n<div class=\"row\">\n<div class=\"label\">ORTAL AMA G\u00dc\u00c7 (kWh)<\/div>\n<div class=\"value\">13 kWh<\/div>\n<\/div>\n<div class=\"row\">\n<div class=\"label\">\u00dcRET\u0130M KAPAS\u0130TE<\/div>\n<div class=\"value\">10-15 Pk\/Dk<\/div>\n<\/div>\n<div class=\"row\">\n<div class=\"label\">A\u011eIRLIK<\/div>\n<div class=\"value\">1150 Kg<\/div>\n<\/div>\n<\/div>\n","protected":false},"excerpt":{"rendered":"<p>\u00d6zel \u00f6l\u00e7\u00fc ve \u00f6zelle\u015ftirilmi\u015f model i\u00e7in bizimle ileti\u015fime ge\u00e7ebilirsiniz.<\/p>\n<p><a href=\"https:\/\/youtu.be\/B_gIa_UXGVw?si=oxXqIdpyN6_3pwnY&amp;utm_source=MTQxZ\" target=\"_blank\" rel=\"noopener\"><img decoding=\"async\" class=\"alignnone size-full wp-image-7824\" src=\"https:\/\/gifajans.info\/aslantech\/wp-content\/uploads\/2025\/08\/r8.jpg\" alt=\"\" width=\"174\" height=\"179\" \/><\/a><\/p>\n<p>&nbsp;<\/p>\n<p>&nbsp;<\/p>\n","protected":false},"featured_media":7025,"comment_status":"open","ping_status":"closed","template":"","meta":{"_joinchat":[]},"product_brand":[],"product_cat":[28],"product_tag":[],"class_list":{"0":"post-7811","1":"product","2":"type-product","3":"status-publish","4":"has-post-thumbnail","6":"product_cat-architecture","8":"first","9":"instock","10":"shipping-taxable","11":"product-type-simple"},"_links":{"self":[{"href":"https:\/\/gifajans.info\/aslantech\/wp-json\/wp\/v2\/product\/7811","targetHints":{"allow":["GET"]}}],"collection":[{"href":"https:\/\/gifajans.info\/aslantech\/wp-json\/wp\/v2\/product"}],"about":[{"href":"https:\/\/gifajans.info\/aslantech\/wp-json\/wp\/v2\/types\/product"}],"replies":[{"embeddable":true,"href":"https:\/\/gifajans.info\/aslantech\/wp-json\/wp\/v2\/comments?post=7811"}],"wp:featuredmedia":[{"embeddable":true,"href":"https:\/\/gifajans.info\/aslantech\/wp-json\/wp\/v2\/media\/7025"}],"wp:attachment":[{"href":"https:\/\/gifajans.info\/aslantech\/wp-json\/wp\/v2\/media?parent=7811"}],"wp:term":[{"taxonomy":"product_brand","embeddable":true,"href":"https:\/\/gifajans.info\/aslantech\/wp-json\/wp\/v2\/product_brand?post=7811"},{"taxonomy":"product_cat","embeddable":true,"href":"https:\/\/gifajans.info\/aslantech\/wp-json\/wp\/v2\/product_cat?post=7811"},{"taxonomy":"product_tag","embeddable":true,"href":"https:\/\/gifajans.info\/aslantech\/wp-json\/wp\/v2\/product_tag?post=7811"}],"curies":[{"name":"wp","href":"https:\/\/api.w.org\/{rel}","templated":true}]}}