{"id":157,"date":"2025-10-08T17:49:58","date_gmt":"2025-10-08T14:49:58","guid":{"rendered":"https:\/\/gifajans.info\/ydcMetal\/?page_id=157"},"modified":"2025-12-10T18:04:04","modified_gmt":"2025-12-10T15:04:04","slug":"urunlerimiz","status":"publish","type":"page","link":"https:\/\/gifajans.info\/ydcMetal\/index.php\/urunlerimiz\/","title":{"rendered":"\u00dcr\u00fcnlerimiz"},"content":{"rendered":"\t\t<div data-elementor-type=\"wp-page\" data-elementor-id=\"157\" class=\"elementor elementor-157\" data-elementor-post-type=\"page\">\n\t\t\t\t\t\t<section class=\"elementor-section elementor-top-section elementor-element elementor-element-0730ef9 elementor-section-height-min-height elementor-section-items-stretch elementor-section-content-middle elementor-section-boxed elementor-section-height-default\" data-id=\"0730ef9\" data-element_type=\"section\" data-e-type=\"section\" data-settings=\"{&quot;background_background&quot;:&quot;classic&quot;}\">\n\t\t\t\t\t\t\t<div class=\"elementor-background-overlay\"><\/div>\n\t\t\t\t\t\t\t<div class=\"elementor-container elementor-column-gap-default\">\n\t\t\t\t\t<div class=\"elementor-column elementor-col-100 elementor-top-column elementor-element elementor-element-fa4a154\" data-id=\"fa4a154\" data-element_type=\"column\" data-e-type=\"column\">\n\t\t\t<div class=\"elementor-widget-wrap elementor-element-populated\">\n\t\t\t\t\t\t<div class=\"elementor-element elementor-element-6353c33 elementor-widget elementor-widget-heading\" data-id=\"6353c33\" data-element_type=\"widget\" data-e-type=\"widget\" data-widget_type=\"heading.default\">\n\t\t\t\t\t<h2 class=\"elementor-heading-title elementor-size-default\">\u00dcr\u00fcnlerimiz<\/h2>\t\t\t\t<\/div>\n\t\t\t\t<div class=\"elementor-element elementor-element-9396061 elementor-widget elementor-widget-text-editor\" data-id=\"9396061\" data-element_type=\"widget\" data-e-type=\"widget\" data-widget_type=\"text-editor.default\">\n\t\t\t\t\t\t\t\t\t<p>Anasayfa \/ \u00dcr\u00fcnlerimiz<\/p>\t\t\t\t\t\t\t\t<\/div>\n\t\t\t\t\t<\/div>\n\t\t<\/div>\n\t\t\t\t\t<\/div>\n\t\t<\/section>\n\t\t\t\t<section class=\"elementor-section elementor-top-section elementor-element elementor-element-9008fb3 elementor-section-boxed elementor-section-height-default elementor-section-height-default\" data-id=\"9008fb3\" data-element_type=\"section\" data-e-type=\"section\">\n\t\t\t\t\t\t<div class=\"elementor-container elementor-column-gap-default\">\n\t\t\t\t\t<div class=\"elementor-column elementor-col-100 elementor-top-column elementor-element elementor-element-c1f4df3\" data-id=\"c1f4df3\" data-element_type=\"column\" data-e-type=\"column\">\n\t\t\t<div class=\"elementor-widget-wrap elementor-element-populated\">\n\t\t\t\t\t\t<div class=\"elementor-element elementor-element-b8fd13d elementor-widget elementor-widget-heading\" data-id=\"b8fd13d\" data-element_type=\"widget\" data-e-type=\"widget\" data-widget_type=\"heading.default\">\n\t\t\t\t\t<h2 class=\"elementor-heading-title elementor-size-default\">YD\u00c7 Metal<\/h2>\t\t\t\t<\/div>\n\t\t\t\t<div class=\"elementor-element elementor-element-116f5ad elementor-widget elementor-widget-heading\" data-id=\"116f5ad\" data-element_type=\"widget\" data-e-type=\"widget\" data-widget_type=\"heading.default\">\n\t\t\t\t\t<h3 class=\"elementor-heading-title elementor-size-default\">\u00dcr\u00fcnlerimiz<\/h3>\t\t\t\t<\/div>\n\t\t\t\t\t<\/div>\n\t\t<\/div>\n\t\t\t\t\t<\/div>\n\t\t<\/section>\n\t\t<div class=\"elementor-element elementor-element-6e1c59b e-flex e-con-boxed e-con e-parent\" data-id=\"6e1c59b\" data-element_type=\"container\" data-e-type=\"container\">\n\t\t\t\t\t<div class=\"e-con-inner\">\n\t\t<div class=\"elementor-element elementor-element-8265b4c e-con-full e-flex e-con e-child\" data-id=\"8265b4c\" data-element_type=\"container\" data-e-type=\"container\">\n\t\t\t\t<div class=\"elementor-element elementor-element-f160763 elementor-widget elementor-widget-elementskit-image-box\" data-id=\"f160763\" data-element_type=\"widget\" data-e-type=\"widget\" data-widget_type=\"elementskit-image-box.default\">\n\t\t\t\t\t<div class=\"ekit-wid-con\" >\n            <div class=\"elementskit-info-image-box ekit-image-box text-center floating-style\" >\n\n                \n                <div class=\"elementskit-box-header image-box-img-center\">\n\n                    <img fetchpriority=\"high\" decoding=\"async\" width=\"500\" height=\"334\" src=\"https:\/\/gifajans.info\/ydcMetal\/wp-content\/uploads\/2025\/10\/Siyah-Sac.jpg\" class=\"attachment-full size-full wp-image-254\" alt=\"\" srcset=\"https:\/\/gifajans.info\/ydcMetal\/wp-content\/uploads\/2025\/10\/Siyah-Sac.jpg 500w, https:\/\/gifajans.info\/ydcMetal\/wp-content\/uploads\/2025\/10\/Siyah-Sac-300x200.jpg 300w\" sizes=\"(max-width: 500px) 100vw, 500px\" \/>\n                <\/div>\n                \n                <div class=\"elementskit-box-body ekit-image-box-body\">\n                    <div class=\"elementskit-box-content ekit-image-box-body-inner\">\n                                                <h3 class=\"elementskit-info-box-title\">\n\n                        \n                            <i aria-hidden=\"true\" class=\"icon icon-review\"><\/i>\n                        SAC GRUBU\n                        \n                    <\/h3>\n                                                            <div class=\"elementskit-box-style-content\">\n                        Y\u00fcksek kaliteli sac grubu \u00fcr\u00fcnlerimizle her sekt\u00f6re dayan\u0131kl\u0131, hassas ve uzun \u00f6m\u00fcrl\u00fc \u00e7\u00f6z\u00fcmler sunuyoruz.                    <\/div>\n                                    <\/div>\n\n                                <div class=\"elementskit-box-footer\">\n                    <div class=\"box-footer\">\n                        <div class=\"btn-wraper\">\n                                                            <a href=\"https:\/\/gifajans.info\/ydcMetal\/index.php\/sac-grubu\/\" class=\"elementskit-btn whitespace--normal\">\n                                    Daha Fazla                                <\/a>\n                                                    <\/div>\n                    <\/div>\n                <\/div>\n                            <\/div>\n            <\/div>\n    <\/div>\t\t\t\t<\/div>\n\t\t\t\t<\/div>\n\t\t<div class=\"elementor-element elementor-element-4883167 e-con-full e-flex e-con e-child\" data-id=\"4883167\" data-element_type=\"container\" data-e-type=\"container\">\n\t\t\t\t<div class=\"elementor-element elementor-element-697eb5a elementor-widget elementor-widget-elementskit-image-box\" data-id=\"697eb5a\" data-element_type=\"widget\" data-e-type=\"widget\" data-widget_type=\"elementskit-image-box.default\">\n\t\t\t\t\t<div class=\"ekit-wid-con\" >\n            <div class=\"elementskit-info-image-box ekit-image-box text-center floating-style\" >\n\n                \n                <div class=\"elementskit-box-header image-box-img-center\">\n\n                    <img decoding=\"async\" width=\"500\" height=\"334\" src=\"https:\/\/gifajans.info\/ydcMetal\/wp-content\/uploads\/2025\/10\/Hardox2.jpg\" class=\"attachment-full size-full wp-image-323\" alt=\"\" srcset=\"https:\/\/gifajans.info\/ydcMetal\/wp-content\/uploads\/2025\/10\/Hardox2.jpg 500w, https:\/\/gifajans.info\/ydcMetal\/wp-content\/uploads\/2025\/10\/Hardox2-300x200.jpg 300w\" sizes=\"(max-width: 500px) 100vw, 500px\" \/>\n                <\/div>\n                \n                <div class=\"elementskit-box-body ekit-image-box-body\">\n                    <div class=\"elementskit-box-content ekit-image-box-body-inner\">\n                                                <h3 class=\"elementskit-info-box-title\">\n\n                        \n                            <i aria-hidden=\"true\" class=\"icon icon-review\"><\/i>\n                        A\u015eINMAYA DAYANIKLI VE Y\u00dcKSEK MUKAVEMETL\u0130 \u00c7EL\u0130KLER\n                        \n                    <\/h3>\n                                                            <div class=\"elementskit-box-style-content\">\n                        Zorlu ko\u015fullara kar\u015f\u0131 \u00fcst\u00fcn dayan\u0131m sunan y\u00fcksek mukavemetli \u00e7eliklerimizle uzun \u00f6m\u00fcrl\u00fc ve g\u00fcvenilir \u00e7\u00f6z\u00fcmler \u00fcretiyoruz.                    <\/div>\n                                    <\/div>\n\n                                <div class=\"elementskit-box-footer\">\n                    <div class=\"box-footer\">\n                        <div class=\"btn-wraper\">\n                                                            <a href=\"https:\/\/gifajans.info\/ydcMetal\/index.php\/asinmaya-dayanikli-ve-yuksek-mukavemetli-celikler\/\" class=\"elementskit-btn whitespace--normal\">\n                                    Daha Fazla                                <\/a>\n                                                    <\/div>\n                    <\/div>\n                <\/div>\n                            <\/div>\n            <\/div>\n    <\/div>\t\t\t\t<\/div>\n\t\t\t\t<\/div>\n\t\t<div class=\"elementor-element elementor-element-a9af0d1 e-con-full e-flex e-con e-child\" data-id=\"a9af0d1\" data-element_type=\"container\" data-e-type=\"container\">\n\t\t\t\t<div class=\"elementor-element elementor-element-9dbaf2b elementor-widget elementor-widget-elementskit-image-box\" data-id=\"9dbaf2b\" data-element_type=\"widget\" data-e-type=\"widget\" data-widget_type=\"elementskit-image-box.default\">\n\t\t\t\t\t<div class=\"ekit-wid-con\" >\n            <div class=\"elementskit-info-image-box ekit-image-box text-center floating-style\" >\n\n                \n                <div class=\"elementskit-box-header image-box-img-center\">\n\n                    <img decoding=\"async\" width=\"500\" height=\"334\" src=\"https:\/\/gifajans.info\/ydcMetal\/wp-content\/uploads\/2025\/10\/boyali-profil.jpg\" class=\"attachment-full size-full wp-image-256\" alt=\"\" srcset=\"https:\/\/gifajans.info\/ydcMetal\/wp-content\/uploads\/2025\/10\/boyali-profil.jpg 500w, https:\/\/gifajans.info\/ydcMetal\/wp-content\/uploads\/2025\/10\/boyali-profil-300x200.jpg 300w\" sizes=\"(max-width: 500px) 100vw, 500px\" \/>\n                <\/div>\n                \n                <div class=\"elementskit-box-body ekit-image-box-body\">\n                    <div class=\"elementskit-box-content ekit-image-box-body-inner\">\n                                                <h3 class=\"elementskit-info-box-title\">\n\n                        \n                            <i aria-hidden=\"true\" class=\"icon icon-review\"><\/i>\n                        PROF\u0130L\n                        \n                    <\/h3>\n                                                            <div class=\"elementskit-box-style-content\">\n                        Farkl\u0131 ebat ve kalitelerdeki profil \u00fcr\u00fcnlerimizle g\u00fc\u00e7l\u00fc, dayan\u0131kl\u0131 ve estetik \u00e7\u00f6z\u00fcmler sunuyoruz.                    <\/div>\n                                    <\/div>\n\n                                <div class=\"elementskit-box-footer\">\n                    <div class=\"box-footer\">\n                        <div class=\"btn-wraper\">\n                                                            <a href=\"https:\/\/gifajans.info\/ydcMetal\/index.php\/profil\/\" class=\"elementskit-btn whitespace--normal\">\n                                    Daha Fazla                                <\/a>\n                                                    <\/div>\n                    <\/div>\n                <\/div>\n                            <\/div>\n            <\/div>\n    <\/div>\t\t\t\t<\/div>\n\t\t\t\t<\/div>\n\t\t<div class=\"elementor-element elementor-element-1448ce4 e-con-full e-flex e-con e-child\" data-id=\"1448ce4\" data-element_type=\"container\" data-e-type=\"container\">\n\t\t\t\t<div class=\"elementor-element elementor-element-61d3e1d elementor-widget elementor-widget-elementskit-image-box\" data-id=\"61d3e1d\" data-element_type=\"widget\" data-e-type=\"widget\" data-widget_type=\"elementskit-image-box.default\">\n\t\t\t\t\t<div class=\"ekit-wid-con\" >\n            <div class=\"elementskit-info-image-box ekit-image-box text-center floating-style\" >\n\n                \n                <div class=\"elementskit-box-header image-box-img-center\">\n\n                    <img loading=\"lazy\" decoding=\"async\" width=\"500\" height=\"334\" src=\"https:\/\/gifajans.info\/ydcMetal\/wp-content\/uploads\/2025\/10\/BORU.jpg\" class=\"attachment-full size-full wp-image-244\" alt=\"\" srcset=\"https:\/\/gifajans.info\/ydcMetal\/wp-content\/uploads\/2025\/10\/BORU.jpg 500w, https:\/\/gifajans.info\/ydcMetal\/wp-content\/uploads\/2025\/10\/BORU-300x200.jpg 300w\" sizes=\"(max-width: 500px) 100vw, 500px\" \/>\n                <\/div>\n                \n                <div class=\"elementskit-box-body ekit-image-box-body\">\n                    <div class=\"elementskit-box-content ekit-image-box-body-inner\">\n                                                <h3 class=\"elementskit-info-box-title\">\n\n                        \n                            <i aria-hidden=\"true\" class=\"icon icon-review\"><\/i>\n                        BORU\n                        \n                    <\/h3>\n                                                            <div class=\"elementskit-box-style-content\">\n                        Y\u00fcksek dayan\u0131ml\u0131 boru \u00fcr\u00fcnlerimizle end\u00fcstriyel uygulamalarda g\u00fcvenli ve uzun \u00f6m\u00fcrl\u00fc \u00e7\u00f6z\u00fcmler sunuyoruz.                    <\/div>\n                                    <\/div>\n\n                                <div class=\"elementskit-box-footer\">\n                    <div class=\"box-footer\">\n                        <div class=\"btn-wraper\">\n                                                            <a href=\"https:\/\/gifajans.info\/ydcMetal\/index.php\/boru\/\" class=\"elementskit-btn whitespace--normal\">\n                                    Daha Fazla                                <\/a>\n                                                    <\/div>\n                    <\/div>\n                <\/div>\n                            <\/div>\n            <\/div>\n    <\/div>\t\t\t\t<\/div>\n\t\t\t\t<\/div>\n\t\t<div class=\"elementor-element elementor-element-62514a2 e-con-full e-flex e-con e-child\" data-id=\"62514a2\" data-element_type=\"container\" data-e-type=\"container\">\n\t\t\t\t<div class=\"elementor-element elementor-element-2ee04c5 elementor-widget elementor-widget-elementskit-image-box\" data-id=\"2ee04c5\" data-element_type=\"widget\" data-e-type=\"widget\" data-widget_type=\"elementskit-image-box.default\">\n\t\t\t\t\t<div class=\"ekit-wid-con\" >\n            <div class=\"elementskit-info-image-box ekit-image-box text-center floating-style\" >\n\n                \n                <div class=\"elementskit-box-header image-box-img-center\">\n\n                    <img loading=\"lazy\" decoding=\"async\" width=\"500\" height=\"334\" src=\"https:\/\/gifajans.info\/ydcMetal\/wp-content\/uploads\/2025\/10\/KOSEBENT.jpg\" class=\"attachment-full size-full wp-image-242\" alt=\"\" srcset=\"https:\/\/gifajans.info\/ydcMetal\/wp-content\/uploads\/2025\/10\/KOSEBENT.jpg 500w, https:\/\/gifajans.info\/ydcMetal\/wp-content\/uploads\/2025\/10\/KOSEBENT-300x200.jpg 300w\" sizes=\"(max-width: 500px) 100vw, 500px\" \/>\n                <\/div>\n                \n                <div class=\"elementskit-box-body ekit-image-box-body\">\n                    <div class=\"elementskit-box-content ekit-image-box-body-inner\">\n                                                <h3 class=\"elementskit-info-box-title\">\n\n                        \n                            <i aria-hidden=\"true\" class=\"icon icon-review\"><\/i>\n                        K\u00d6\u015eEBENT LAMA GRUBU\n                        \n                    <\/h3>\n                                                            <div class=\"elementskit-box-style-content\">\n                        K\u00f6\u015febent ve lama grubu \u00fcr\u00fcnlerimizle g\u00fc\u00e7l\u00fc, dayan\u0131kl\u0131 ve estetik yap\u0131 \u00e7\u00f6z\u00fcmleri sunuyoruz.                    <\/div>\n                                    <\/div>\n\n                                <div class=\"elementskit-box-footer\">\n                    <div class=\"box-footer\">\n                        <div class=\"btn-wraper\">\n                                                            <a href=\"https:\/\/gifajans.info\/ydcMetal\/index.php\/kosebent-lama-grubu\/\" class=\"elementskit-btn whitespace--normal\">\n                                    Daha Fazla                                <\/a>\n                                                    <\/div>\n                    <\/div>\n                <\/div>\n                            <\/div>\n            <\/div>\n    <\/div>\t\t\t\t<\/div>\n\t\t\t\t<\/div>\n\t\t<div class=\"elementor-element elementor-element-de2fd92 e-con-full e-flex e-con e-child\" data-id=\"de2fd92\" data-element_type=\"container\" data-e-type=\"container\">\n\t\t\t\t<div class=\"elementor-element elementor-element-ba3e829 elementor-widget elementor-widget-elementskit-image-box\" data-id=\"ba3e829\" data-element_type=\"widget\" data-e-type=\"widget\" data-widget_type=\"elementskit-image-box.default\">\n\t\t\t\t\t<div class=\"ekit-wid-con\" >\n            <div class=\"elementskit-info-image-box ekit-image-box text-center floating-style\" >\n\n                \n                <div class=\"elementskit-box-header image-box-img-center\">\n\n                    <img loading=\"lazy\" decoding=\"async\" width=\"500\" height=\"334\" src=\"https:\/\/gifajans.info\/ydcMetal\/wp-content\/uploads\/2025\/10\/NPU-demirleri.jpg\" class=\"attachment-full size-full wp-image-241\" alt=\"\" srcset=\"https:\/\/gifajans.info\/ydcMetal\/wp-content\/uploads\/2025\/10\/NPU-demirleri.jpg 500w, https:\/\/gifajans.info\/ydcMetal\/wp-content\/uploads\/2025\/10\/NPU-demirleri-300x200.jpg 300w\" sizes=\"(max-width: 500px) 100vw, 500px\" \/>\n                <\/div>\n                \n                <div class=\"elementskit-box-body ekit-image-box-body\">\n                    <div class=\"elementskit-box-content ekit-image-box-body-inner\">\n                                                <h3 class=\"elementskit-info-box-title\">\n\n                        \n                            <i aria-hidden=\"true\" class=\"icon icon-review\"><\/i>\n                        NPI,NPU,IPE,HEA,HEB,HEM DEM\u0130RLER\n                        \n                    <\/h3>\n                                                            <div class=\"elementskit-box-style-content\">\n                        . NPI, NPU, IPE, HEA, HEB ve HEM demirlerimizle y\u00fcksek ta\u015f\u0131ma kapasitesi ve \u00fcst\u00fcn dayan\u0131m sunuyoruz.                    <\/div>\n                                    <\/div>\n\n                                <div class=\"elementskit-box-footer\">\n                    <div class=\"box-footer\">\n                        <div class=\"btn-wraper\">\n                                                            <a href=\"https:\/\/gifajans.info\/ydcMetal\/index.php\/npinpuipeheahebhem-demirler\/\" class=\"elementskit-btn whitespace--normal\">\n                                    Daha Fazla                                <\/a>\n                                                    <\/div>\n                    <\/div>\n                <\/div>\n                            <\/div>\n            <\/div>\n    <\/div>\t\t\t\t<\/div>\n\t\t\t\t<\/div>\n\t\t\t\t\t<\/div>\n\t\t\t\t<\/div>\n\t\t\t\t<\/div>\n\t\t","protected":false},"excerpt":{"rendered":"<p>\u00dcr\u00fcnlerimiz Anasayfa \/ \u00dcr\u00fcnlerimiz YD\u00c7 Metal \u00dcr\u00fcnlerimiz SAC GRUBU Y\u00fcksek kaliteli sac grubu \u00fcr\u00fcnlerimizle her sekt\u00f6re dayan\u0131kl\u0131, hassas ve uzun \u00f6m\u00fcrl\u00fc \u00e7\u00f6z\u00fcmler sunuyoruz. Daha Fazla A\u015eINMAYA DAYANIKLI VE Y\u00dcKSEK MUKAVEMETL\u0130 \u00c7EL\u0130KLER Zorlu ko\u015fullara kar\u015f\u0131 \u00fcst\u00fcn dayan\u0131m sunan y\u00fcksek mukavemetli \u00e7eliklerimizle uzun \u00f6m\u00fcrl\u00fc ve g\u00fcvenilir \u00e7\u00f6z\u00fcmler \u00fcretiyoruz. Daha Fazla PROF\u0130L Farkl\u0131 ebat ve kalitelerdeki profil \u00fcr\u00fcnlerimizle [&hellip;]<\/p>\n","protected":false},"author":1,"featured_media":0,"parent":0,"menu_order":0,"comment_status":"closed","ping_status":"closed","template":"elementor_header_footer","meta":{"_joinchat":[],"footnotes":""},"class_list":["post-157","page","type-page","status-publish","hentry"],"_links":{"self":[{"href":"https:\/\/gifajans.info\/ydcMetal\/index.php\/wp-json\/wp\/v2\/pages\/157","targetHints":{"allow":["GET"]}}],"collection":[{"href":"https:\/\/gifajans.info\/ydcMetal\/index.php\/wp-json\/wp\/v2\/pages"}],"about":[{"href":"https:\/\/gifajans.info\/ydcMetal\/index.php\/wp-json\/wp\/v2\/types\/page"}],"author":[{"embeddable":true,"href":"https:\/\/gifajans.info\/ydcMetal\/index.php\/wp-json\/wp\/v2\/users\/1"}],"replies":[{"embeddable":true,"href":"https:\/\/gifajans.info\/ydcMetal\/index.php\/wp-json\/wp\/v2\/comments?post=157"}],"version-history":[{"count":25,"href":"https:\/\/gifajans.info\/ydcMetal\/index.php\/wp-json\/wp\/v2\/pages\/157\/revisions"}],"predecessor-version":[{"id":609,"href":"https:\/\/gifajans.info\/ydcMetal\/index.php\/wp-json\/wp\/v2\/pages\/157\/revisions\/609"}],"wp:attachment":[{"href":"https:\/\/gifajans.info\/ydcMetal\/index.php\/wp-json\/wp\/v2\/media?parent=157"}],"curies":[{"name":"wp","href":"https:\/\/api.w.org\/{rel}","templated":true}]}}