{"id":340,"date":"2025-10-22T10:01:00","date_gmt":"2025-10-22T07:01:00","guid":{"rendered":"https:\/\/gifajans.info\/ydcMetal\/?page_id=340"},"modified":"2025-12-10T18:24:37","modified_gmt":"2025-12-10T15:24:37","slug":"profil","status":"publish","type":"page","link":"https:\/\/gifajans.info\/ydcMetal\/index.php\/profil\/","title":{"rendered":"Profil"},"content":{"rendered":"\t\t<div data-elementor-type=\"wp-page\" data-elementor-id=\"340\" class=\"elementor elementor-340\" data-elementor-post-type=\"page\">\n\t\t\t\t\t\t<section class=\"elementor-section elementor-top-section elementor-element elementor-element-363c44f0 elementor-section-height-min-height elementor-section-items-stretch elementor-section-content-middle elementor-section-boxed elementor-section-height-default\" data-id=\"363c44f0\" data-element_type=\"section\" data-e-type=\"section\" data-settings=\"{&quot;background_background&quot;:&quot;classic&quot;}\">\n\t\t\t\t\t\t\t<div class=\"elementor-background-overlay\"><\/div>\n\t\t\t\t\t\t\t<div class=\"elementor-container elementor-column-gap-default\">\n\t\t\t\t\t<div class=\"elementor-column elementor-col-100 elementor-top-column elementor-element elementor-element-31f6107f\" data-id=\"31f6107f\" data-element_type=\"column\" data-e-type=\"column\">\n\t\t\t<div class=\"elementor-widget-wrap elementor-element-populated\">\n\t\t\t\t\t\t<div class=\"elementor-element elementor-element-c1b3b4 elementor-widget elementor-widget-heading\" data-id=\"c1b3b4\" data-element_type=\"widget\" data-e-type=\"widget\" data-widget_type=\"heading.default\">\n\t\t\t\t\t<h2 class=\"elementor-heading-title elementor-size-default\">Profil<\/h2>\t\t\t\t<\/div>\n\t\t\t\t<div class=\"elementor-element elementor-element-3dde25c6 elementor-widget elementor-widget-text-editor\" data-id=\"3dde25c6\" data-element_type=\"widget\" data-e-type=\"widget\" data-widget_type=\"text-editor.default\">\n\t\t\t\t\t\t\t\t\t<p>\u00dcr\u00fcnlerimiz\/ Profil<\/p>\t\t\t\t\t\t\t\t<\/div>\n\t\t\t\t\t<\/div>\n\t\t<\/div>\n\t\t\t\t\t<\/div>\n\t\t<\/section>\n\t\t\t\t<section class=\"elementor-section elementor-top-section elementor-element elementor-element-35627b38 elementor-section-boxed elementor-section-height-default elementor-section-height-default\" data-id=\"35627b38\" data-element_type=\"section\" data-e-type=\"section\">\n\t\t\t\t\t\t<div class=\"elementor-container elementor-column-gap-default\">\n\t\t\t\t\t<div class=\"elementor-column elementor-col-50 elementor-top-column elementor-element elementor-element-b118ee\" data-id=\"b118ee\" data-element_type=\"column\" data-e-type=\"column\">\n\t\t\t<div class=\"elementor-widget-wrap elementor-element-populated\">\n\t\t\t\t\t\t<div class=\"elementor-element elementor-element-27d7b0cb elementor-widget elementor-widget-spacer\" data-id=\"27d7b0cb\" data-element_type=\"widget\" data-e-type=\"widget\" data-widget_type=\"spacer.default\">\n\t\t\t\t\t\t\t<div class=\"elementor-spacer\">\n\t\t\t<div class=\"elementor-spacer-inner\"><\/div>\n\t\t<\/div>\n\t\t\t\t\t\t<\/div>\n\t\t\t\t<div class=\"elementor-element elementor-element-7dcf57c5 elementor-widget elementor-widget-heading\" data-id=\"7dcf57c5\" data-element_type=\"widget\" data-e-type=\"widget\" data-widget_type=\"heading.default\">\n\t\t\t\t\t<h4 class=\"elementor-heading-title elementor-size-default\">\u00dcr\u00fcnlerimiz<\/h4>\t\t\t\t<\/div>\n\t\t\t\t<div class=\"elementor-element elementor-element-2156e551 elementor-widget-divider--view-line elementor-widget elementor-widget-divider\" data-id=\"2156e551\" data-element_type=\"widget\" data-e-type=\"widget\" data-widget_type=\"divider.default\">\n\t\t\t\t\t\t\t<div class=\"elementor-divider\">\n\t\t\t<span class=\"elementor-divider-separator\">\n\t\t\t\t\t\t<\/span>\n\t\t<\/div>\n\t\t\t\t\t\t<\/div>\n\t\t\t\t<div class=\"elementor-element elementor-element-97d15ff elementor-icon-list--layout-traditional elementor-list-item-link-full_width elementor-widget elementor-widget-icon-list\" data-id=\"97d15ff\" data-element_type=\"widget\" data-e-type=\"widget\" data-widget_type=\"icon-list.default\">\n\t\t\t\t\t\t\t<ul class=\"elementor-icon-list-items\">\n\t\t\t\t\t\t\t<li class=\"elementor-icon-list-item\">\n\t\t\t\t\t\t\t\t\t\t\t<a href=\"https:\/\/gifajans.info\/ydcMetal\/index.php\/kosebent-lama-grubu\/\">\n\n\t\t\t\t\t\t\t\t\t\t\t\t<span class=\"elementor-icon-list-icon\">\n\t\t\t\t\t\t\t<i aria-hidden=\"true\" class=\"icon icon-right-arrow1\"><\/i>\t\t\t\t\t\t<\/span>\n\t\t\t\t\t\t\t\t\t\t<span class=\"elementor-icon-list-text\">\t K\u00d6\u015eEBENT, LAMA GRUBU<\/span>\n\t\t\t\t\t\t\t\t\t\t\t<\/a>\n\t\t\t\t\t\t\t\t\t<\/li>\n\t\t\t\t\t\t\t\t<li class=\"elementor-icon-list-item\">\n\t\t\t\t\t\t\t\t\t\t\t<a href=\"https:\/\/gifajans.info\/ydcMetal\/index.php\/npinpuipeheahebhem-demirler\/\">\n\n\t\t\t\t\t\t\t\t\t\t\t\t<span class=\"elementor-icon-list-icon\">\n\t\t\t\t\t\t\t<i aria-hidden=\"true\" class=\"icon icon-right-arrow1\"><\/i>\t\t\t\t\t\t<\/span>\n\t\t\t\t\t\t\t\t\t\t<span class=\"elementor-icon-list-text\">\t NPI, NPU, \u0130PE, HEA, HEB PROF\u0130LLER<\/span>\n\t\t\t\t\t\t\t\t\t\t\t<\/a>\n\t\t\t\t\t\t\t\t\t<\/li>\n\t\t\t\t\t\t\t\t<li class=\"elementor-icon-list-item\">\n\t\t\t\t\t\t\t\t\t\t\t<a href=\"https:\/\/gifajans.info\/ydcMetal\/index.php\/boru\/\">\n\n\t\t\t\t\t\t\t\t\t\t\t\t<span class=\"elementor-icon-list-icon\">\n\t\t\t\t\t\t\t<i aria-hidden=\"true\" class=\"icon icon-right-arrow1\"><\/i>\t\t\t\t\t\t<\/span>\n\t\t\t\t\t\t\t\t\t\t<span class=\"elementor-icon-list-text\">\t BORU GRUBU<\/span>\n\t\t\t\t\t\t\t\t\t\t\t<\/a>\n\t\t\t\t\t\t\t\t\t<\/li>\n\t\t\t\t\t\t\t\t<li class=\"elementor-icon-list-item\">\n\t\t\t\t\t\t\t\t\t\t\t<a href=\"https:\/\/gifajans.info\/ydcMetal\/index.php\/profil\/\">\n\n\t\t\t\t\t\t\t\t\t\t\t\t<span class=\"elementor-icon-list-icon\">\n\t\t\t\t\t\t\t<i aria-hidden=\"true\" class=\"icon icon-right-arrow1\"><\/i>\t\t\t\t\t\t<\/span>\n\t\t\t\t\t\t\t\t\t\t<span class=\"elementor-icon-list-text\">\t PROF\u0130L GRUBU<\/span>\n\t\t\t\t\t\t\t\t\t\t\t<\/a>\n\t\t\t\t\t\t\t\t\t<\/li>\n\t\t\t\t\t\t\t\t<li class=\"elementor-icon-list-item\">\n\t\t\t\t\t\t\t\t\t\t\t<a href=\"https:\/\/gifajans.info\/ydcMetal\/index.php\/asinmaya-dayanikli-ve-yuksek-mukavemetli-celikler\/\">\n\n\t\t\t\t\t\t\t\t\t\t\t\t<span class=\"elementor-icon-list-icon\">\n\t\t\t\t\t\t\t<i aria-hidden=\"true\" class=\"icon icon-right-arrow1\"><\/i>\t\t\t\t\t\t<\/span>\n\t\t\t\t\t\t\t\t\t\t<span class=\"elementor-icon-list-text\">A\u015eINMAYA DAYANIKLI VE Y\u00dcKSEK MUKAVEMETL\u0130 \u00c7EL\u0130KLER<\/span>\n\t\t\t\t\t\t\t\t\t\t\t<\/a>\n\t\t\t\t\t\t\t\t\t<\/li>\n\t\t\t\t\t\t\t\t<li class=\"elementor-icon-list-item\">\n\t\t\t\t\t\t\t\t\t\t\t<a href=\"https:\/\/gifajans.info\/ydcMetal\/index.php\/sac-grubu\/\">\n\n\t\t\t\t\t\t\t\t\t\t\t\t<span class=\"elementor-icon-list-icon\">\n\t\t\t\t\t\t\t<i aria-hidden=\"true\" class=\"icon icon-right-arrow1\"><\/i>\t\t\t\t\t\t<\/span>\n\t\t\t\t\t\t\t\t\t\t<span class=\"elementor-icon-list-text\">SAC GRUBU<\/span>\n\t\t\t\t\t\t\t\t\t\t\t<\/a>\n\t\t\t\t\t\t\t\t\t<\/li>\n\t\t\t\t\t\t\t\t<li class=\"elementor-icon-list-item\">\n\t\t\t\t\t\t\t\t\t\t\t<a href=\"https:\/\/gifajans.info\/ydcMetal\/index.php\/imalatlarimiz\/\">\n\n\t\t\t\t\t\t\t\t\t\t\t\t<span class=\"elementor-icon-list-icon\">\n\t\t\t\t\t\t\t<i aria-hidden=\"true\" class=\"icon icon-right-arrow1\"><\/i>\t\t\t\t\t\t<\/span>\n\t\t\t\t\t\t\t\t\t\t<span class=\"elementor-icon-list-text\">\t \u0130MALATLARIMIZ<\/span>\n\t\t\t\t\t\t\t\t\t\t\t<\/a>\n\t\t\t\t\t\t\t\t\t<\/li>\n\t\t\t\t\t\t<\/ul>\n\t\t\t\t\t\t<\/div>\n\t\t\t\t<div class=\"elementor-element elementor-element-2196e787 elementor-widget elementor-widget-spacer\" data-id=\"2196e787\" data-element_type=\"widget\" data-e-type=\"widget\" data-widget_type=\"spacer.default\">\n\t\t\t\t\t\t\t<div class=\"elementor-spacer\">\n\t\t\t<div class=\"elementor-spacer-inner\"><\/div>\n\t\t<\/div>\n\t\t\t\t\t\t<\/div>\n\t\t\t\t<div class=\"elementor-element elementor-element-7a5395ca elementor-widget-divider--view-line elementor-widget elementor-widget-divider\" data-id=\"7a5395ca\" data-element_type=\"widget\" data-e-type=\"widget\" data-widget_type=\"divider.default\">\n\t\t\t\t\t\t\t<div class=\"elementor-divider\">\n\t\t\t<span class=\"elementor-divider-separator\">\n\t\t\t\t\t\t<\/span>\n\t\t<\/div>\n\t\t\t\t\t\t<\/div>\n\t\t\t\t<div class=\"elementor-element elementor-element-b411380 elementor-widget elementor-widget-spacer\" data-id=\"b411380\" data-element_type=\"widget\" data-e-type=\"widget\" data-widget_type=\"spacer.default\">\n\t\t\t\t\t\t\t<div class=\"elementor-spacer\">\n\t\t\t<div class=\"elementor-spacer-inner\"><\/div>\n\t\t<\/div>\n\t\t\t\t\t\t<\/div>\n\t\t\t\t\t<\/div>\n\t\t<\/div>\n\t\t\t\t<div class=\"elementor-column elementor-col-50 elementor-top-column elementor-element elementor-element-6baedc8f\" data-id=\"6baedc8f\" data-element_type=\"column\" data-e-type=\"column\">\n\t\t\t<div class=\"elementor-widget-wrap elementor-element-populated\">\n\t\t\t\t\t\t<div class=\"elementor-element elementor-element-7500c4ac elementor-widget elementor-widget-image\" data-id=\"7500c4ac\" data-element_type=\"widget\" data-e-type=\"widget\" data-widget_type=\"image.default\">\n\t\t\t\t\t\t\t\t\t\t\t\t\t\t\t<img fetchpriority=\"high\" decoding=\"async\" width=\"1920\" height=\"1080\" src=\"https:\/\/gifajans.info\/ydcMetal\/wp-content\/uploads\/2025\/10\/profilbanner.jpg\" class=\"attachment-full size-full wp-image-356\" alt=\"\" srcset=\"https:\/\/gifajans.info\/ydcMetal\/wp-content\/uploads\/2025\/10\/profilbanner.jpg 1920w, https:\/\/gifajans.info\/ydcMetal\/wp-content\/uploads\/2025\/10\/profilbanner-300x169.jpg 300w, https:\/\/gifajans.info\/ydcMetal\/wp-content\/uploads\/2025\/10\/profilbanner-1024x576.jpg 1024w, https:\/\/gifajans.info\/ydcMetal\/wp-content\/uploads\/2025\/10\/profilbanner-768x432.jpg 768w, https:\/\/gifajans.info\/ydcMetal\/wp-content\/uploads\/2025\/10\/profilbanner-1536x864.jpg 1536w\" sizes=\"(max-width: 1920px) 100vw, 1920px\" \/>\t\t\t\t\t\t\t\t\t\t\t\t\t\t\t<\/div>\n\t\t\t\t<div class=\"elementor-element elementor-element-5846185a elementor-widget elementor-widget-heading\" data-id=\"5846185a\" data-element_type=\"widget\" data-e-type=\"widget\" data-widget_type=\"heading.default\">\n\t\t\t\t\t<h3 class=\"elementor-heading-title elementor-size-default\">Profil<\/h3>\t\t\t\t<\/div>\n\t\t\t\t<div class=\"elementor-element elementor-element-1236832c elementor-widget elementor-widget-text-editor\" data-id=\"1236832c\" data-element_type=\"widget\" data-e-type=\"widget\" data-widget_type=\"text-editor.default\">\n\t\t\t\t\t\t\t\t\t<h4>1. Profil (\u00c7elik Profil)<\/h4><ul><li><strong>Tan\u0131m:<\/strong> \u00c7elik profiller, s\u0131cak veya so\u011fuk haddelenmi\u015f saclar\u0131n \u015fekillendirilmesi ile \u00fcretilen, \u00e7e\u015fitli kesitlerde (kutu, dikd\u00f6rtgen, lama, L, U, I, NPU, UPN gibi) kullan\u0131lan yap\u0131 malzemeleridir.<\/li><li><strong>\u00dcretim T\u00fcrleri:<\/strong><ul><li><strong>Kutu Profil (Kare Profil)<\/strong> \u2013 E\u015fit kenarl\u0131 kare kesitlidir.<\/li><li><strong>Dikd\u00f6rtgen Profil<\/strong> \u2013 Dikd\u00f6rtgen kesitli ta\u015f\u0131y\u0131c\u0131 profildir.<\/li><\/ul><\/li><li><strong>\u00d6zellikleri:<\/strong><ul><li>Y\u00fcksek <strong>mukavemet <\/strong>sa\u011flar.<\/li><li>Kaynaklanabilir, kesilebilir ve delme gibi i\u015flemler yap\u0131labilir.<\/li><li>Standart boylar Genelde <strong>6 metre<\/strong> veya <strong>12 metre<\/strong> olarak \u00fcretilir.<\/li><\/ul><\/li><li><strong>Kullan\u0131m Alanlar\u0131:<\/strong><ul><li>\u00c7elik konstr\u00fcksiyon yap\u0131lar<\/li><li>Makine imalat\u0131<\/li><li>Sanayi raf sistemleri<\/li><li>Tar\u0131m makineleri<\/li><\/ul><\/li><li><strong>Avantajlar\u0131:<\/strong><ul><li>Dayan\u0131kl\u0131 ve uzun \u00f6m\u00fcrl\u00fcd\u00fcr.<\/li><li>Montaj\u0131 kolayd\u0131r<\/li><li>Uygun maliyetlidir ve geni\u015f kullan\u0131m alan\u0131na sahiptir.<\/li><\/ul><\/li><\/ul>\t\t\t\t\t\t\t\t<\/div>\n\t\t\t\t<div class=\"elementor-element elementor-element-7413be3 elementor-widget elementor-widget-text-editor\" data-id=\"7413be3\" data-element_type=\"widget\" data-e-type=\"widget\" data-widget_type=\"text-editor.default\">\n\t\t\t\t\t\t\t\t\t<h4>2. Boyal\u0131 Profil<\/h4><ul><li><strong>Tan\u0131m:<\/strong> \u00c7inko kaplamal\u0131 (galvaniz) veya siyah profillerin y\u00fczeylerinin <strong>elektrostatik toz boya<\/strong> veya <strong>end\u00fcstriyel boya<\/strong> ile kaplanm\u0131\u015f halidir.<\/li><li><strong>\u00dcretim \u015eekli:<\/strong><ul><li>Profil y\u00fczeyi temizlenir (ya\u011f alma, z\u0131mpara, kumlama).<\/li><li>Antipas astar uygulan\u0131r.<\/li><li>Elektrostatik toz boya veya solventli boya p\u00fcsk\u00fcrt\u00fcl\u00fcr.<\/li><li>F\u0131r\u0131nlanarak sertle\u015ftirilir (toz boyada).<\/li><\/ul><\/li><li><strong>\u00d6zellikleri:<\/strong><ul><li><strong>Korozyona kar\u015f\u0131 dayan\u0131kl\u0131d\u0131r.<\/strong><\/li><li>Estetik g\u00f6r\u00fcn\u00fcm sa\u011flar (siyah, beyaz, gri, RAL renk se\u00e7enekleri).<\/li><li>Y\u00fczey direnci art\u0131r\u0131lm\u0131\u015ft\u0131r.<\/li><\/ul><\/li><li><strong>Kullan\u0131m Alanlar\u0131:<\/strong><ul><li>Dekoratif metal projeler<\/li><li>Mobilya ve i\u00e7 mimari uygulamalar<\/li><li>\u00c7it, kap\u0131, korkuluk \u00fcretimi<\/li><li>Sanayi raflar\u0131<\/li><li>Reklam panolar\u0131 ve ta\u015f\u0131y\u0131c\u0131 sistemler<\/li><\/ul><\/li><li><strong>Avantajlar\u0131:<\/strong>\u00a0<ul><li>Boya sayesinde paslanmaya kar\u015f\u0131 ekstra koruma sa\u011flar.<\/li><li>Haz\u0131r kullan\u0131m i\u00e7in uygundur \u2013 ekstra boyama gerekmez.<\/li><li>Estetik ve profesyonel bir g\u00f6r\u00fcnt\u00fc sa\u011flar.<\/li><li>D\u0131\u015f mek\u00e2na uygun dayan\u0131m sa\u011flayabilir.<\/li><\/ul><\/li><\/ul>\t\t\t\t\t\t\t\t<\/div>\n\t\t\t\t<div class=\"elementor-element elementor-element-578e51f elementor-widget elementor-widget-image\" data-id=\"578e51f\" data-element_type=\"widget\" data-e-type=\"widget\" data-widget_type=\"image.default\">\n\t\t\t\t\t\t\t\t\t\t\t\t\t\t\t<img decoding=\"async\" width=\"500\" height=\"334\" src=\"https:\/\/gifajans.info\/ydcMetal\/wp-content\/uploads\/2025\/10\/boyali-profil.jpg\" class=\"attachment-large size-large wp-image-256\" alt=\"\" srcset=\"https:\/\/gifajans.info\/ydcMetal\/wp-content\/uploads\/2025\/10\/boyali-profil.jpg 500w, https:\/\/gifajans.info\/ydcMetal\/wp-content\/uploads\/2025\/10\/boyali-profil-300x200.jpg 300w\" sizes=\"(max-width: 500px) 100vw, 500px\" \/>\t\t\t\t\t\t\t\t\t\t\t\t\t\t\t<\/div>\n\t\t\t\t\t<\/div>\n\t\t<\/div>\n\t\t\t\t\t<\/div>\n\t\t<\/section>\n\t\t\t\t<\/div>\n\t\t","protected":false},"excerpt":{"rendered":"<p>Profil \u00dcr\u00fcnlerimiz\/ Profil \u00dcr\u00fcnlerimiz K\u00d6\u015eEBENT, LAMA GRUBU NPI, NPU, \u0130PE, HEA, HEB PROF\u0130LLER BORU GRUBU PROF\u0130L GRUBU A\u015eINMAYA DAYANIKLI VE Y\u00dcKSEK MUKAVEMETL\u0130 \u00c7EL\u0130KLER SAC GRUBU \u0130MALATLARIMIZ Profil 1. Profil (\u00c7elik Profil) Tan\u0131m: \u00c7elik profiller, s\u0131cak veya so\u011fuk haddelenmi\u015f saclar\u0131n \u015fekillendirilmesi ile \u00fcretilen, \u00e7e\u015fitli kesitlerde (kutu, dikd\u00f6rtgen, lama, L, U, I, NPU, UPN gibi) kullan\u0131lan yap\u0131 [&hellip;]<\/p>\n","protected":false},"author":1,"featured_media":0,"parent":0,"menu_order":0,"comment_status":"closed","ping_status":"closed","template":"elementor_header_footer","meta":{"_joinchat":[],"footnotes":""},"class_list":["post-340","page","type-page","status-publish","hentry"],"_links":{"self":[{"href":"https:\/\/gifajans.info\/ydcMetal\/index.php\/wp-json\/wp\/v2\/pages\/340","targetHints":{"allow":["GET"]}}],"collection":[{"href":"https:\/\/gifajans.info\/ydcMetal\/index.php\/wp-json\/wp\/v2\/pages"}],"about":[{"href":"https:\/\/gifajans.info\/ydcMetal\/index.php\/wp-json\/wp\/v2\/types\/page"}],"author":[{"embeddable":true,"href":"https:\/\/gifajans.info\/ydcMetal\/index.php\/wp-json\/wp\/v2\/users\/1"}],"replies":[{"embeddable":true,"href":"https:\/\/gifajans.info\/ydcMetal\/index.php\/wp-json\/wp\/v2\/comments?post=340"}],"version-history":[{"count":25,"href":"https:\/\/gifajans.info\/ydcMetal\/index.php\/wp-json\/wp\/v2\/pages\/340\/revisions"}],"predecessor-version":[{"id":620,"href":"https:\/\/gifajans.info\/ydcMetal\/index.php\/wp-json\/wp\/v2\/pages\/340\/revisions\/620"}],"wp:attachment":[{"href":"https:\/\/gifajans.info\/ydcMetal\/index.php\/wp-json\/wp\/v2\/media?parent=340"}],"curies":[{"name":"wp","href":"https:\/\/api.w.org\/{rel}","templated":true}]}}