{"id":360,"date":"2025-10-22T11:38:52","date_gmt":"2025-10-22T08:38:52","guid":{"rendered":"https:\/\/gifajans.info\/ydcMetal\/?page_id=360"},"modified":"2025-12-10T18:21:04","modified_gmt":"2025-12-10T15:21:04","slug":"boru","status":"publish","type":"page","link":"https:\/\/gifajans.info\/ydcMetal\/index.php\/boru\/","title":{"rendered":"Boru"},"content":{"rendered":"\t\t<div data-elementor-type=\"wp-page\" data-elementor-id=\"360\" class=\"elementor elementor-360\" data-elementor-post-type=\"page\">\n\t\t\t\t\t\t<section class=\"elementor-section elementor-top-section elementor-element elementor-element-363c44f0 elementor-section-height-min-height elementor-section-items-stretch elementor-section-content-middle elementor-section-boxed elementor-section-height-default\" data-id=\"363c44f0\" data-element_type=\"section\" data-e-type=\"section\" data-settings=\"{&quot;background_background&quot;:&quot;classic&quot;}\">\n\t\t\t\t\t\t\t<div class=\"elementor-background-overlay\"><\/div>\n\t\t\t\t\t\t\t<div class=\"elementor-container elementor-column-gap-default\">\n\t\t\t\t\t<div class=\"elementor-column elementor-col-100 elementor-top-column elementor-element elementor-element-31f6107f\" data-id=\"31f6107f\" data-element_type=\"column\" data-e-type=\"column\">\n\t\t\t<div class=\"elementor-widget-wrap elementor-element-populated\">\n\t\t\t\t\t\t<div class=\"elementor-element elementor-element-c1b3b4 elementor-widget elementor-widget-heading\" data-id=\"c1b3b4\" data-element_type=\"widget\" data-e-type=\"widget\" data-widget_type=\"heading.default\">\n\t\t\t\t\t<h2 class=\"elementor-heading-title elementor-size-default\">Boru<\/h2>\t\t\t\t<\/div>\n\t\t\t\t<div class=\"elementor-element elementor-element-3dde25c6 elementor-widget elementor-widget-text-editor\" data-id=\"3dde25c6\" data-element_type=\"widget\" data-e-type=\"widget\" data-widget_type=\"text-editor.default\">\n\t\t\t\t\t\t\t\t\t<p>\u00dcr\u00fcnlerimiz\/ Boru<\/p>\t\t\t\t\t\t\t\t<\/div>\n\t\t\t\t\t<\/div>\n\t\t<\/div>\n\t\t\t\t\t<\/div>\n\t\t<\/section>\n\t\t\t\t<section class=\"elementor-section elementor-top-section elementor-element elementor-element-35627b38 elementor-section-boxed elementor-section-height-default elementor-section-height-default\" data-id=\"35627b38\" data-element_type=\"section\" data-e-type=\"section\">\n\t\t\t\t\t\t<div class=\"elementor-container elementor-column-gap-default\">\n\t\t\t\t\t<div class=\"elementor-column elementor-col-50 elementor-top-column elementor-element elementor-element-b118ee\" data-id=\"b118ee\" data-element_type=\"column\" data-e-type=\"column\">\n\t\t\t<div class=\"elementor-widget-wrap elementor-element-populated\">\n\t\t\t\t\t\t<div class=\"elementor-element elementor-element-27d7b0cb elementor-widget elementor-widget-spacer\" data-id=\"27d7b0cb\" data-element_type=\"widget\" data-e-type=\"widget\" data-widget_type=\"spacer.default\">\n\t\t\t\t\t\t\t<div class=\"elementor-spacer\">\n\t\t\t<div class=\"elementor-spacer-inner\"><\/div>\n\t\t<\/div>\n\t\t\t\t\t\t<\/div>\n\t\t\t\t<div class=\"elementor-element elementor-element-7dcf57c5 elementor-widget elementor-widget-heading\" data-id=\"7dcf57c5\" data-element_type=\"widget\" data-e-type=\"widget\" data-widget_type=\"heading.default\">\n\t\t\t\t\t<h4 class=\"elementor-heading-title elementor-size-default\">\u00dcr\u00fcnlerimiz<\/h4>\t\t\t\t<\/div>\n\t\t\t\t<div class=\"elementor-element elementor-element-2156e551 elementor-widget-divider--view-line elementor-widget elementor-widget-divider\" data-id=\"2156e551\" data-element_type=\"widget\" data-e-type=\"widget\" data-widget_type=\"divider.default\">\n\t\t\t\t\t\t\t<div class=\"elementor-divider\">\n\t\t\t<span class=\"elementor-divider-separator\">\n\t\t\t\t\t\t<\/span>\n\t\t<\/div>\n\t\t\t\t\t\t<\/div>\n\t\t\t\t<div class=\"elementor-element elementor-element-82f4fd2 elementor-icon-list--layout-traditional elementor-list-item-link-full_width elementor-widget elementor-widget-icon-list\" data-id=\"82f4fd2\" data-element_type=\"widget\" data-e-type=\"widget\" data-widget_type=\"icon-list.default\">\n\t\t\t\t\t\t\t<ul class=\"elementor-icon-list-items\">\n\t\t\t\t\t\t\t<li class=\"elementor-icon-list-item\">\n\t\t\t\t\t\t\t\t\t\t\t<a href=\"https:\/\/gifajans.info\/ydcMetal\/index.php\/kosebent-lama-grubu\/\">\n\n\t\t\t\t\t\t\t\t\t\t\t\t<span class=\"elementor-icon-list-icon\">\n\t\t\t\t\t\t\t<i aria-hidden=\"true\" class=\"icon icon-right-arrow1\"><\/i>\t\t\t\t\t\t<\/span>\n\t\t\t\t\t\t\t\t\t\t<span class=\"elementor-icon-list-text\">\t K\u00d6\u015eEBENT, LAMA GRUBU<\/span>\n\t\t\t\t\t\t\t\t\t\t\t<\/a>\n\t\t\t\t\t\t\t\t\t<\/li>\n\t\t\t\t\t\t\t\t<li class=\"elementor-icon-list-item\">\n\t\t\t\t\t\t\t\t\t\t\t<a href=\"https:\/\/gifajans.info\/ydcMetal\/index.php\/npinpuipeheahebhem-demirler\/\">\n\n\t\t\t\t\t\t\t\t\t\t\t\t<span class=\"elementor-icon-list-icon\">\n\t\t\t\t\t\t\t<i aria-hidden=\"true\" class=\"icon icon-right-arrow1\"><\/i>\t\t\t\t\t\t<\/span>\n\t\t\t\t\t\t\t\t\t\t<span class=\"elementor-icon-list-text\">\t NPI, NPU, \u0130PE, HEA, HEB PROF\u0130LLER<\/span>\n\t\t\t\t\t\t\t\t\t\t\t<\/a>\n\t\t\t\t\t\t\t\t\t<\/li>\n\t\t\t\t\t\t\t\t<li class=\"elementor-icon-list-item\">\n\t\t\t\t\t\t\t\t\t\t\t<a href=\"https:\/\/gifajans.info\/ydcMetal\/index.php\/boru\/\">\n\n\t\t\t\t\t\t\t\t\t\t\t\t<span class=\"elementor-icon-list-icon\">\n\t\t\t\t\t\t\t<i aria-hidden=\"true\" class=\"icon icon-right-arrow1\"><\/i>\t\t\t\t\t\t<\/span>\n\t\t\t\t\t\t\t\t\t\t<span class=\"elementor-icon-list-text\">\t BORU GRUBU<\/span>\n\t\t\t\t\t\t\t\t\t\t\t<\/a>\n\t\t\t\t\t\t\t\t\t<\/li>\n\t\t\t\t\t\t\t\t<li class=\"elementor-icon-list-item\">\n\t\t\t\t\t\t\t\t\t\t\t<a href=\"https:\/\/gifajans.info\/ydcMetal\/index.php\/profil\/\">\n\n\t\t\t\t\t\t\t\t\t\t\t\t<span class=\"elementor-icon-list-icon\">\n\t\t\t\t\t\t\t<i aria-hidden=\"true\" class=\"icon icon-right-arrow1\"><\/i>\t\t\t\t\t\t<\/span>\n\t\t\t\t\t\t\t\t\t\t<span class=\"elementor-icon-list-text\">\t PROF\u0130L GRUBU<\/span>\n\t\t\t\t\t\t\t\t\t\t\t<\/a>\n\t\t\t\t\t\t\t\t\t<\/li>\n\t\t\t\t\t\t\t\t<li class=\"elementor-icon-list-item\">\n\t\t\t\t\t\t\t\t\t\t\t<a href=\"https:\/\/gifajans.info\/ydcMetal\/index.php\/asinmaya-dayanikli-ve-yuksek-mukavemetli-celikler\/\">\n\n\t\t\t\t\t\t\t\t\t\t\t\t<span class=\"elementor-icon-list-icon\">\n\t\t\t\t\t\t\t<i aria-hidden=\"true\" class=\"icon icon-right-arrow1\"><\/i>\t\t\t\t\t\t<\/span>\n\t\t\t\t\t\t\t\t\t\t<span class=\"elementor-icon-list-text\">A\u015eINMAYA DAYANIKLI VE Y\u00dcKSEK MUKAVEMETL\u0130 \u00c7EL\u0130KLER<\/span>\n\t\t\t\t\t\t\t\t\t\t\t<\/a>\n\t\t\t\t\t\t\t\t\t<\/li>\n\t\t\t\t\t\t\t\t<li class=\"elementor-icon-list-item\">\n\t\t\t\t\t\t\t\t\t\t\t<a href=\"https:\/\/gifajans.info\/ydcMetal\/index.php\/sac-grubu\/\">\n\n\t\t\t\t\t\t\t\t\t\t\t\t<span class=\"elementor-icon-list-icon\">\n\t\t\t\t\t\t\t<i aria-hidden=\"true\" class=\"icon icon-right-arrow1\"><\/i>\t\t\t\t\t\t<\/span>\n\t\t\t\t\t\t\t\t\t\t<span class=\"elementor-icon-list-text\">SAC GRUBU<\/span>\n\t\t\t\t\t\t\t\t\t\t\t<\/a>\n\t\t\t\t\t\t\t\t\t<\/li>\n\t\t\t\t\t\t\t\t<li class=\"elementor-icon-list-item\">\n\t\t\t\t\t\t\t\t\t\t\t<a href=\"https:\/\/gifajans.info\/ydcMetal\/index.php\/imalatlarimiz\/\">\n\n\t\t\t\t\t\t\t\t\t\t\t\t<span class=\"elementor-icon-list-icon\">\n\t\t\t\t\t\t\t<i aria-hidden=\"true\" class=\"icon icon-right-arrow1\"><\/i>\t\t\t\t\t\t<\/span>\n\t\t\t\t\t\t\t\t\t\t<span class=\"elementor-icon-list-text\">\t \u0130MALATLARIMIZ<\/span>\n\t\t\t\t\t\t\t\t\t\t\t<\/a>\n\t\t\t\t\t\t\t\t\t<\/li>\n\t\t\t\t\t\t<\/ul>\n\t\t\t\t\t\t<\/div>\n\t\t\t\t<div class=\"elementor-element elementor-element-2196e787 elementor-widget elementor-widget-spacer\" data-id=\"2196e787\" data-element_type=\"widget\" data-e-type=\"widget\" data-widget_type=\"spacer.default\">\n\t\t\t\t\t\t\t<div class=\"elementor-spacer\">\n\t\t\t<div class=\"elementor-spacer-inner\"><\/div>\n\t\t<\/div>\n\t\t\t\t\t\t<\/div>\n\t\t\t\t<div class=\"elementor-element elementor-element-7a5395ca elementor-widget-divider--view-line elementor-widget elementor-widget-divider\" data-id=\"7a5395ca\" data-element_type=\"widget\" data-e-type=\"widget\" data-widget_type=\"divider.default\">\n\t\t\t\t\t\t\t<div class=\"elementor-divider\">\n\t\t\t<span class=\"elementor-divider-separator\">\n\t\t\t\t\t\t<\/span>\n\t\t<\/div>\n\t\t\t\t\t\t<\/div>\n\t\t\t\t<div class=\"elementor-element elementor-element-b411380 elementor-widget elementor-widget-spacer\" data-id=\"b411380\" data-element_type=\"widget\" data-e-type=\"widget\" data-widget_type=\"spacer.default\">\n\t\t\t\t\t\t\t<div class=\"elementor-spacer\">\n\t\t\t<div class=\"elementor-spacer-inner\"><\/div>\n\t\t<\/div>\n\t\t\t\t\t\t<\/div>\n\t\t\t\t\t<\/div>\n\t\t<\/div>\n\t\t\t\t<div class=\"elementor-column elementor-col-50 elementor-top-column elementor-element elementor-element-6baedc8f\" data-id=\"6baedc8f\" data-element_type=\"column\" data-e-type=\"column\">\n\t\t\t<div class=\"elementor-widget-wrap elementor-element-populated\">\n\t\t\t\t\t\t<div class=\"elementor-element elementor-element-7500c4ac elementor-widget elementor-widget-image\" data-id=\"7500c4ac\" data-element_type=\"widget\" data-e-type=\"widget\" data-widget_type=\"image.default\">\n\t\t\t\t\t\t\t\t\t\t\t\t\t\t\t<img fetchpriority=\"high\" decoding=\"async\" width=\"1920\" height=\"1080\" src=\"https:\/\/gifajans.info\/ydcMetal\/wp-content\/uploads\/2025\/10\/borubanner.jpg\" class=\"attachment-full size-full wp-image-364\" alt=\"\" srcset=\"https:\/\/gifajans.info\/ydcMetal\/wp-content\/uploads\/2025\/10\/borubanner.jpg 1920w, https:\/\/gifajans.info\/ydcMetal\/wp-content\/uploads\/2025\/10\/borubanner-300x169.jpg 300w, https:\/\/gifajans.info\/ydcMetal\/wp-content\/uploads\/2025\/10\/borubanner-1024x576.jpg 1024w, https:\/\/gifajans.info\/ydcMetal\/wp-content\/uploads\/2025\/10\/borubanner-768x432.jpg 768w, https:\/\/gifajans.info\/ydcMetal\/wp-content\/uploads\/2025\/10\/borubanner-1536x864.jpg 1536w\" sizes=\"(max-width: 1920px) 100vw, 1920px\" \/>\t\t\t\t\t\t\t\t\t\t\t\t\t\t\t<\/div>\n\t\t\t\t<div class=\"elementor-element elementor-element-5846185a elementor-widget elementor-widget-heading\" data-id=\"5846185a\" data-element_type=\"widget\" data-e-type=\"widget\" data-widget_type=\"heading.default\">\n\t\t\t\t\t<h3 class=\"elementor-heading-title elementor-size-default\">Boru <\/h3>\t\t\t\t<\/div>\n\t\t\t\t<div class=\"elementor-element elementor-element-1236832c elementor-widget elementor-widget-text-editor\" data-id=\"1236832c\" data-element_type=\"widget\" data-e-type=\"widget\" data-widget_type=\"text-editor.default\">\n\t\t\t\t\t\t\t\t\t<h4>1. Boru (Sanayi Borusu \/ Diki\u015fli Boru \u2013 ERW)<\/h4><ul><li><strong>Tan\u0131m:<\/strong> Rulo sac\u0131n \u015fekillendirilip y\u00fcksek frekans kayna\u011f\u0131 ile birle\u015ftirilmesiyle \u00fcretilen<strong> diki\u015fli \u00e7elik boru<\/strong> t\u00fcr\u00fcd\u00fcr.<\/li><li><strong>\u00dcretim \u015eekli:<\/strong> ERW (Electric Resistance Welded) yani <strong>elektrik diren\u00e7 kayna\u011f\u0131<\/strong> ile yap\u0131l\u0131r.<\/li><li><strong>Malzeme:<\/strong> Genellikle <strong>siyah sac, galvanizli sac<\/strong> veya <strong>HRP sac<\/strong> kullan\u0131l\u0131r.<\/li><li><strong>\u00a0Malzeme:<\/strong> Genellikle siyah sac, galvanizli sac veya HRP sac kullan\u0131l\u0131r.<\/li><li><strong>\u00a0\u00c7ap Aral\u0131\u011f\u0131:<\/strong> \u00bd\u201d \u2013 12\u201d aras\u0131 genelden bulunur.<\/li><li><strong>\u00a0Et Kal\u0131nl\u0131\u011f\u0131:<\/strong> 1 mm \u2013 10 mm aral\u0131\u011f\u0131nda \u00fcretilebilir.<\/li><li><strong>\u00d6zellikleri:<\/strong><ul><li>Boylar\u0131 genellikle 6 metre veya 12 metre olur.<\/li><li>\u0130\u00e7 y\u00fczeyleri d\u00fczg\u00fcnd\u00fcr.<\/li><li>Kaynak izi bulunur (diki\u015fli oldu\u011fu i\u00e7in).<\/li><li>Kaynak kabiliyeti ve i\u015flenebilirli\u011fi y\u00fcksektir.<\/li><\/ul><\/li><li><strong>Kullan\u0131m Alanlar\u0131:<\/strong><ul><li>\u00c7elik konstr\u00fcksiyon uygulamalar\u0131<\/li><li>Mobilya ve dekorasyon<\/li><li>Is\u0131tma-so\u011futma sistemleri<\/li><li>Serac\u0131l\u0131k ve sulama sistemleri<\/li><li>Makine ve ta\u015f\u0131y\u0131c\u0131 sistem imalatlar\u0131<\/li><\/ul><\/li><li><strong>Avantajlar\u0131:<\/strong><ul><li>Ekonomiktir.<\/li><li>Seri \u00fcretim uygundur.<\/li><li>Hafif ve montaj\u0131 kolayd\u0131r.<\/li><li>Geni\u015f \u00f6l\u00e7\u00fc se\u00e7ene\u011fi vard\u0131r.<\/li><\/ul><\/li><\/ul>\t\t\t\t\t\t\t\t<\/div>\n\t\t\t\t<div class=\"elementor-element elementor-element-caaabfc elementor-widget elementor-widget-image\" data-id=\"caaabfc\" data-element_type=\"widget\" data-e-type=\"widget\" data-widget_type=\"image.default\">\n\t\t\t\t\t\t\t\t\t\t\t\t\t\t\t<img decoding=\"async\" width=\"400\" height=\"249\" src=\"https:\/\/gifajans.info\/ydcMetal\/wp-content\/uploads\/2025\/12\/Boru2.jpg\" class=\"attachment-large size-large wp-image-613\" alt=\"\" srcset=\"https:\/\/gifajans.info\/ydcMetal\/wp-content\/uploads\/2025\/12\/Boru2.jpg 400w, https:\/\/gifajans.info\/ydcMetal\/wp-content\/uploads\/2025\/12\/Boru2-300x187.jpg 300w\" sizes=\"(max-width: 400px) 100vw, 400px\" \/>\t\t\t\t\t\t\t\t\t\t\t\t\t\t\t<\/div>\n\t\t\t\t<div class=\"elementor-element elementor-element-7413be3 elementor-widget elementor-widget-text-editor\" data-id=\"7413be3\" data-element_type=\"widget\" data-e-type=\"widget\" data-widget_type=\"text-editor.default\">\n\t\t\t\t\t\t\t\t\t<h4>2. \u00c7elik \u00c7ekme Boru (Diki\u015fsiz Boru \u2013 Seamless Pipe)<\/h4><ul><li><strong>Tan\u0131m:<\/strong> Is\u0131l i\u015flem g\u00f6rm\u00fc\u015f \u00e7elik k\u00fct\u00fc\u011f\u00fcn delinip haddelenmesi ile \u00fcretilen <strong>diki\u015fsiz (kayna\u011f\u0131 olmayan) \u00e7elik boru<\/strong> t\u00fcr\u00fcd\u00fcr.<\/li><li><strong>\u00dcretim \u015eekli:<\/strong> S\u0131cak delme ve <strong>so\u011fuk \u00e7ekme<\/strong> y\u00f6ntemiyle yap\u0131l\u0131r; bu y\u00fczden <strong>diki\u015fsiz boru<\/strong> olarak bilinir.<\/li><li><strong>Malzeme Kaliteleri:<\/strong> ST37, ST52, E355, 4130, 4140 vb.<\/li><li><strong>\u00d6zellikleri:<\/strong><ul><li>Y\u00fcksek bas\u0131n\u00e7 ve s\u0131cakl\u0131\u011fa dayan\u0131kl\u0131d\u0131r.<\/li><li>Kaynak diki\u015fi olmad\u0131\u011f\u0131 i\u00e7in daha g\u00fcvenilir ve mukavemetlidir.<\/li><li>\u0130\u015flenebilirlik ve tala\u015fl\u0131 imalata uygundur.<\/li><li>Boylar\u0131 genelde 4\u20137 metre aras\u0131nda de\u011fi\u015fir.<\/li><\/ul><\/li><li><strong>Kullan\u0131m Alanlar\u0131:<\/strong><ul><li>Hidrolik ve pn\u00f6matik sistemler<\/li><li>Makine ve otomotiv sanayi<\/li><li>Bas\u0131n\u00e7l\u0131 hava ve buhar tesisatlar\u0131<\/li><li>Petrol ve do\u011falgaz hatlar\u0131<br \/>Savunma sanayi<\/li><\/ul><\/li><li><strong>Avantajlar\u0131:<\/strong><ul><li>Patlama ve bas\u0131n\u00e7 riskinin oldu\u011fu yerlerde g\u00fcvenle kullan\u0131l\u0131r.<\/li><li>Homojen ve y\u00fcksek mukavemetli yap\u0131dad\u0131r.<\/li><li>Kaynak gerekmeden montaj yap\u0131labilir.<\/li><li>Uzun \u00f6m\u00fcrl\u00fc ve g\u00fcvenlidir.<\/li><\/ul><\/li><\/ul>\t\t\t\t\t\t\t\t<\/div>\n\t\t\t\t<div class=\"elementor-element elementor-element-578e51f elementor-widget elementor-widget-image\" data-id=\"578e51f\" data-element_type=\"widget\" data-e-type=\"widget\" data-widget_type=\"image.default\">\n\t\t\t\t\t\t\t\t\t\t\t\t\t\t\t<img decoding=\"async\" width=\"500\" height=\"281\" src=\"https:\/\/gifajans.info\/ydcMetal\/wp-content\/uploads\/2025\/12\/Boru1.jpg\" class=\"attachment-large size-large wp-image-614\" alt=\"\" srcset=\"https:\/\/gifajans.info\/ydcMetal\/wp-content\/uploads\/2025\/12\/Boru1.jpg 500w, https:\/\/gifajans.info\/ydcMetal\/wp-content\/uploads\/2025\/12\/Boru1-300x169.jpg 300w\" sizes=\"(max-width: 500px) 100vw, 500px\" \/>\t\t\t\t\t\t\t\t\t\t\t\t\t\t\t<\/div>\n\t\t\t\t\t<\/div>\n\t\t<\/div>\n\t\t\t\t\t<\/div>\n\t\t<\/section>\n\t\t\t\t<\/div>\n\t\t","protected":false},"excerpt":{"rendered":"<p>Boru \u00dcr\u00fcnlerimiz\/ Boru \u00dcr\u00fcnlerimiz K\u00d6\u015eEBENT, LAMA GRUBU NPI, NPU, \u0130PE, HEA, HEB PROF\u0130LLER BORU GRUBU PROF\u0130L GRUBU A\u015eINMAYA DAYANIKLI VE Y\u00dcKSEK MUKAVEMETL\u0130 \u00c7EL\u0130KLER SAC GRUBU \u0130MALATLARIMIZ Boru 1. Boru (Sanayi Borusu \/ Diki\u015fli Boru \u2013 ERW) Tan\u0131m: Rulo sac\u0131n \u015fekillendirilip y\u00fcksek frekans kayna\u011f\u0131 ile birle\u015ftirilmesiyle \u00fcretilen diki\u015fli \u00e7elik boru t\u00fcr\u00fcd\u00fcr. \u00dcretim \u015eekli: ERW (Electric Resistance [&hellip;]<\/p>\n","protected":false},"author":1,"featured_media":0,"parent":0,"menu_order":0,"comment_status":"closed","ping_status":"closed","template":"elementor_header_footer","meta":{"_joinchat":[],"footnotes":""},"class_list":["post-360","page","type-page","status-publish","hentry"],"_links":{"self":[{"href":"https:\/\/gifajans.info\/ydcMetal\/index.php\/wp-json\/wp\/v2\/pages\/360","targetHints":{"allow":["GET"]}}],"collection":[{"href":"https:\/\/gifajans.info\/ydcMetal\/index.php\/wp-json\/wp\/v2\/pages"}],"about":[{"href":"https:\/\/gifajans.info\/ydcMetal\/index.php\/wp-json\/wp\/v2\/types\/page"}],"author":[{"embeddable":true,"href":"https:\/\/gifajans.info\/ydcMetal\/index.php\/wp-json\/wp\/v2\/users\/1"}],"replies":[{"embeddable":true,"href":"https:\/\/gifajans.info\/ydcMetal\/index.php\/wp-json\/wp\/v2\/comments?post=360"}],"version-history":[{"count":10,"href":"https:\/\/gifajans.info\/ydcMetal\/index.php\/wp-json\/wp\/v2\/pages\/360\/revisions"}],"predecessor-version":[{"id":617,"href":"https:\/\/gifajans.info\/ydcMetal\/index.php\/wp-json\/wp\/v2\/pages\/360\/revisions\/617"}],"wp:attachment":[{"href":"https:\/\/gifajans.info\/ydcMetal\/index.php\/wp-json\/wp\/v2\/media?parent=360"}],"curies":[{"name":"wp","href":"https:\/\/api.w.org\/{rel}","templated":true}]}}