{"id":368,"date":"2025-10-22T13:51:23","date_gmt":"2025-10-22T10:51:23","guid":{"rendered":"https:\/\/gifajans.info\/ydcMetal\/?page_id=368"},"modified":"2025-11-06T15:24:51","modified_gmt":"2025-11-06T12:24:51","slug":"kosebent-lama-grubu","status":"publish","type":"page","link":"https:\/\/gifajans.info\/ydcMetal\/index.php\/kosebent-lama-grubu\/","title":{"rendered":"K\u00f6\u015febent Lama Grubu"},"content":{"rendered":"\t\t<div data-elementor-type=\"wp-page\" data-elementor-id=\"368\" class=\"elementor elementor-368\" data-elementor-post-type=\"page\">\n\t\t\t\t\t\t<section class=\"elementor-section elementor-top-section elementor-element elementor-element-363c44f0 elementor-section-height-min-height elementor-section-items-stretch elementor-section-content-middle elementor-section-boxed elementor-section-height-default\" data-id=\"363c44f0\" data-element_type=\"section\" data-e-type=\"section\" data-settings=\"{&quot;background_background&quot;:&quot;classic&quot;}\">\n\t\t\t\t\t\t\t<div class=\"elementor-background-overlay\"><\/div>\n\t\t\t\t\t\t\t<div class=\"elementor-container elementor-column-gap-default\">\n\t\t\t\t\t<div class=\"elementor-column elementor-col-100 elementor-top-column elementor-element elementor-element-31f6107f\" data-id=\"31f6107f\" data-element_type=\"column\" data-e-type=\"column\">\n\t\t\t<div class=\"elementor-widget-wrap elementor-element-populated\">\n\t\t\t\t\t\t<div class=\"elementor-element elementor-element-c1b3b4 elementor-widget elementor-widget-heading\" data-id=\"c1b3b4\" data-element_type=\"widget\" data-e-type=\"widget\" data-widget_type=\"heading.default\">\n\t\t\t\t\t<h2 class=\"elementor-heading-title elementor-size-default\">K\u00f6\u015febent Lama Grubu<\/h2>\t\t\t\t<\/div>\n\t\t\t\t<div class=\"elementor-element elementor-element-3dde25c6 elementor-widget elementor-widget-text-editor\" data-id=\"3dde25c6\" data-element_type=\"widget\" data-e-type=\"widget\" data-widget_type=\"text-editor.default\">\n\t\t\t\t\t\t\t\t\t<p>\u00dcr\u00fcnlerimiz\/ K\u00f6\u015febent Lama Grubu<\/p>\t\t\t\t\t\t\t\t<\/div>\n\t\t\t\t\t<\/div>\n\t\t<\/div>\n\t\t\t\t\t<\/div>\n\t\t<\/section>\n\t\t\t\t<section class=\"elementor-section elementor-top-section elementor-element elementor-element-35627b38 elementor-section-boxed elementor-section-height-default elementor-section-height-default\" data-id=\"35627b38\" data-element_type=\"section\" data-e-type=\"section\">\n\t\t\t\t\t\t<div class=\"elementor-container elementor-column-gap-default\">\n\t\t\t\t\t<div class=\"elementor-column elementor-col-50 elementor-top-column elementor-element elementor-element-b118ee\" data-id=\"b118ee\" data-element_type=\"column\" data-e-type=\"column\">\n\t\t\t<div class=\"elementor-widget-wrap elementor-element-populated\">\n\t\t\t\t\t\t<div class=\"elementor-element elementor-element-27d7b0cb elementor-widget elementor-widget-spacer\" data-id=\"27d7b0cb\" data-element_type=\"widget\" data-e-type=\"widget\" data-widget_type=\"spacer.default\">\n\t\t\t\t\t\t\t<div class=\"elementor-spacer\">\n\t\t\t<div class=\"elementor-spacer-inner\"><\/div>\n\t\t<\/div>\n\t\t\t\t\t\t<\/div>\n\t\t\t\t<div class=\"elementor-element elementor-element-7dcf57c5 elementor-widget elementor-widget-heading\" data-id=\"7dcf57c5\" data-element_type=\"widget\" data-e-type=\"widget\" data-widget_type=\"heading.default\">\n\t\t\t\t\t<h4 class=\"elementor-heading-title elementor-size-default\">\u00dcr\u00fcnlerimiz<\/h4>\t\t\t\t<\/div>\n\t\t\t\t<div class=\"elementor-element elementor-element-2156e551 elementor-widget-divider--view-line elementor-widget elementor-widget-divider\" data-id=\"2156e551\" data-element_type=\"widget\" data-e-type=\"widget\" data-widget_type=\"divider.default\">\n\t\t\t\t\t\t\t<div class=\"elementor-divider\">\n\t\t\t<span class=\"elementor-divider-separator\">\n\t\t\t\t\t\t<\/span>\n\t\t<\/div>\n\t\t\t\t\t\t<\/div>\n\t\t\t\t<div class=\"elementor-element elementor-element-d74e1c5 elementor-icon-list--layout-traditional elementor-list-item-link-full_width elementor-widget elementor-widget-icon-list\" data-id=\"d74e1c5\" data-element_type=\"widget\" data-e-type=\"widget\" data-widget_type=\"icon-list.default\">\n\t\t\t\t\t\t\t<ul class=\"elementor-icon-list-items\">\n\t\t\t\t\t\t\t<li class=\"elementor-icon-list-item\">\n\t\t\t\t\t\t\t\t\t\t\t<a href=\"https:\/\/gifajans.info\/ydcMetal\/index.php\/kosebent-lama-grubu\/\">\n\n\t\t\t\t\t\t\t\t\t\t\t\t<span class=\"elementor-icon-list-icon\">\n\t\t\t\t\t\t\t<i aria-hidden=\"true\" class=\"icon icon-right-arrow1\"><\/i>\t\t\t\t\t\t<\/span>\n\t\t\t\t\t\t\t\t\t\t<span class=\"elementor-icon-list-text\">\t K\u00d6\u015eEBENT, LAMA GRUBU<\/span>\n\t\t\t\t\t\t\t\t\t\t\t<\/a>\n\t\t\t\t\t\t\t\t\t<\/li>\n\t\t\t\t\t\t\t\t<li class=\"elementor-icon-list-item\">\n\t\t\t\t\t\t\t\t\t\t\t<a href=\"https:\/\/gifajans.info\/ydcMetal\/index.php\/npinpuipeheahebhem-demirler\/\">\n\n\t\t\t\t\t\t\t\t\t\t\t\t<span class=\"elementor-icon-list-icon\">\n\t\t\t\t\t\t\t<i aria-hidden=\"true\" class=\"icon icon-right-arrow1\"><\/i>\t\t\t\t\t\t<\/span>\n\t\t\t\t\t\t\t\t\t\t<span class=\"elementor-icon-list-text\">\t NPI, NPU, \u0130PE, HEA, HEB PROF\u0130LLER<\/span>\n\t\t\t\t\t\t\t\t\t\t\t<\/a>\n\t\t\t\t\t\t\t\t\t<\/li>\n\t\t\t\t\t\t\t\t<li class=\"elementor-icon-list-item\">\n\t\t\t\t\t\t\t\t\t\t\t<a href=\"https:\/\/gifajans.info\/ydcMetal\/index.php\/boru\/\">\n\n\t\t\t\t\t\t\t\t\t\t\t\t<span class=\"elementor-icon-list-icon\">\n\t\t\t\t\t\t\t<i aria-hidden=\"true\" class=\"icon icon-right-arrow1\"><\/i>\t\t\t\t\t\t<\/span>\n\t\t\t\t\t\t\t\t\t\t<span class=\"elementor-icon-list-text\">\t BORU GRUBU<\/span>\n\t\t\t\t\t\t\t\t\t\t\t<\/a>\n\t\t\t\t\t\t\t\t\t<\/li>\n\t\t\t\t\t\t\t\t<li class=\"elementor-icon-list-item\">\n\t\t\t\t\t\t\t\t\t\t\t<a href=\"https:\/\/gifajans.info\/ydcMetal\/index.php\/profil\/\">\n\n\t\t\t\t\t\t\t\t\t\t\t\t<span class=\"elementor-icon-list-icon\">\n\t\t\t\t\t\t\t<i aria-hidden=\"true\" class=\"icon icon-right-arrow1\"><\/i>\t\t\t\t\t\t<\/span>\n\t\t\t\t\t\t\t\t\t\t<span class=\"elementor-icon-list-text\">\t PROF\u0130L GRUBU<\/span>\n\t\t\t\t\t\t\t\t\t\t\t<\/a>\n\t\t\t\t\t\t\t\t\t<\/li>\n\t\t\t\t\t\t\t\t<li class=\"elementor-icon-list-item\">\n\t\t\t\t\t\t\t\t\t\t\t<a href=\"https:\/\/gifajans.info\/ydcMetal\/index.php\/asinmaya-dayanikli-ve-yuksek-mukavemetli-celikler\/\">\n\n\t\t\t\t\t\t\t\t\t\t\t\t<span class=\"elementor-icon-list-icon\">\n\t\t\t\t\t\t\t<i aria-hidden=\"true\" class=\"icon icon-right-arrow1\"><\/i>\t\t\t\t\t\t<\/span>\n\t\t\t\t\t\t\t\t\t\t<span class=\"elementor-icon-list-text\">A\u015eINMAYA DAYANIKLI VE Y\u00dcKSEK MUKAVEMETL\u0130 \u00c7EL\u0130KLER<\/span>\n\t\t\t\t\t\t\t\t\t\t\t<\/a>\n\t\t\t\t\t\t\t\t\t<\/li>\n\t\t\t\t\t\t\t\t<li class=\"elementor-icon-list-item\">\n\t\t\t\t\t\t\t\t\t\t\t<a href=\"https:\/\/gifajans.info\/ydcMetal\/index.php\/sac-grubu\/\">\n\n\t\t\t\t\t\t\t\t\t\t\t\t<span class=\"elementor-icon-list-icon\">\n\t\t\t\t\t\t\t<i aria-hidden=\"true\" class=\"icon icon-right-arrow1\"><\/i>\t\t\t\t\t\t<\/span>\n\t\t\t\t\t\t\t\t\t\t<span class=\"elementor-icon-list-text\">SAC GRUBU<\/span>\n\t\t\t\t\t\t\t\t\t\t\t<\/a>\n\t\t\t\t\t\t\t\t\t<\/li>\n\t\t\t\t\t\t\t\t<li class=\"elementor-icon-list-item\">\n\t\t\t\t\t\t\t\t\t\t\t<a href=\"https:\/\/gifajans.info\/ydcMetal\/index.php\/imalatlarimiz\/\">\n\n\t\t\t\t\t\t\t\t\t\t\t\t<span class=\"elementor-icon-list-icon\">\n\t\t\t\t\t\t\t<i aria-hidden=\"true\" class=\"icon icon-right-arrow1\"><\/i>\t\t\t\t\t\t<\/span>\n\t\t\t\t\t\t\t\t\t\t<span class=\"elementor-icon-list-text\">\t \u0130MALATLARIMIZ<\/span>\n\t\t\t\t\t\t\t\t\t\t\t<\/a>\n\t\t\t\t\t\t\t\t\t<\/li>\n\t\t\t\t\t\t<\/ul>\n\t\t\t\t\t\t<\/div>\n\t\t\t\t<div class=\"elementor-element elementor-element-2196e787 elementor-widget elementor-widget-spacer\" data-id=\"2196e787\" data-element_type=\"widget\" data-e-type=\"widget\" data-widget_type=\"spacer.default\">\n\t\t\t\t\t\t\t<div class=\"elementor-spacer\">\n\t\t\t<div class=\"elementor-spacer-inner\"><\/div>\n\t\t<\/div>\n\t\t\t\t\t\t<\/div>\n\t\t\t\t<div class=\"elementor-element elementor-element-7a5395ca elementor-widget-divider--view-line elementor-widget elementor-widget-divider\" data-id=\"7a5395ca\" data-element_type=\"widget\" data-e-type=\"widget\" data-widget_type=\"divider.default\">\n\t\t\t\t\t\t\t<div class=\"elementor-divider\">\n\t\t\t<span class=\"elementor-divider-separator\">\n\t\t\t\t\t\t<\/span>\n\t\t<\/div>\n\t\t\t\t\t\t<\/div>\n\t\t\t\t<div class=\"elementor-element elementor-element-b411380 elementor-widget elementor-widget-spacer\" data-id=\"b411380\" data-element_type=\"widget\" data-e-type=\"widget\" data-widget_type=\"spacer.default\">\n\t\t\t\t\t\t\t<div class=\"elementor-spacer\">\n\t\t\t<div class=\"elementor-spacer-inner\"><\/div>\n\t\t<\/div>\n\t\t\t\t\t\t<\/div>\n\t\t\t\t\t<\/div>\n\t\t<\/div>\n\t\t\t\t<div class=\"elementor-column elementor-col-50 elementor-top-column elementor-element elementor-element-6baedc8f\" data-id=\"6baedc8f\" data-element_type=\"column\" data-e-type=\"column\">\n\t\t\t<div class=\"elementor-widget-wrap elementor-element-populated\">\n\t\t\t\t\t\t<div class=\"elementor-element elementor-element-7500c4ac elementor-widget elementor-widget-image\" data-id=\"7500c4ac\" data-element_type=\"widget\" data-e-type=\"widget\" data-widget_type=\"image.default\">\n\t\t\t\t\t\t\t\t\t\t\t\t\t\t\t<img fetchpriority=\"high\" decoding=\"async\" width=\"1920\" height=\"1080\" src=\"https:\/\/gifajans.info\/ydcMetal\/wp-content\/uploads\/2025\/10\/kosebentbanner.jpg\" class=\"attachment-full size-full wp-image-371\" alt=\"\" srcset=\"https:\/\/gifajans.info\/ydcMetal\/wp-content\/uploads\/2025\/10\/kosebentbanner.jpg 1920w, https:\/\/gifajans.info\/ydcMetal\/wp-content\/uploads\/2025\/10\/kosebentbanner-300x169.jpg 300w, https:\/\/gifajans.info\/ydcMetal\/wp-content\/uploads\/2025\/10\/kosebentbanner-1024x576.jpg 1024w, https:\/\/gifajans.info\/ydcMetal\/wp-content\/uploads\/2025\/10\/kosebentbanner-768x432.jpg 768w, https:\/\/gifajans.info\/ydcMetal\/wp-content\/uploads\/2025\/10\/kosebentbanner-1536x864.jpg 1536w\" sizes=\"(max-width: 1920px) 100vw, 1920px\" \/>\t\t\t\t\t\t\t\t\t\t\t\t\t\t\t<\/div>\n\t\t\t\t<div class=\"elementor-element elementor-element-5846185a elementor-widget elementor-widget-heading\" data-id=\"5846185a\" data-element_type=\"widget\" data-e-type=\"widget\" data-widget_type=\"heading.default\">\n\t\t\t\t\t<h3 class=\"elementor-heading-title elementor-size-default\">K\u00f6\u015febent Lama Grubu<\/h3>\t\t\t\t<\/div>\n\t\t\t\t<div class=\"elementor-element elementor-element-1236832c elementor-widget elementor-widget-text-editor\" data-id=\"1236832c\" data-element_type=\"widget\" data-e-type=\"widget\" data-widget_type=\"text-editor.default\">\n\t\t\t\t\t\t\t\t\t<h4>1. K\u00f6\u015febent (L Profil )<\/h4><ul><li><strong>Tan\u0131m:<\/strong> \u0130ki kolu 90\u00b0 a\u00e7\u0131 ile birle\u015fen L \u015feklinde \u00e7elik profil t\u00fcr\u00fcd\u00fcr. \u00c7elik konstr\u00fcksiyon ve montaj i\u015flerinde en \u00e7ok kullan\u0131lan yap\u0131sal malzemelerden biridir.<\/li><li><strong>Kesit Tipleri:<\/strong><ul><li><strong>E\u015fit kenarl\u0131 k\u00f6\u015febent:<\/strong> \u00d6rn: 40\u00d740, 60\u00d760, 100\u00d7100 mm<\/li><li><strong>E\u015fit olmayan k\u00f6\u015febent:<\/strong> \u00d6rn: 50\u00d730, 80\u00d750 mm<\/li><\/ul><\/li><li><strong>Malzeme Kaliteleri:<\/strong> S235 JR, S275 JR, S355 JR<\/li><li><strong>\u00dcretim \u015eekli:<\/strong><ul><li>S\u0131cak haddelenmi\u015f veya<\/li><li>So\u011fuk b\u00fck\u00fcm y\u00f6ntemiyle \u00fcretilebilir.<\/li><\/ul><\/li><li><strong>\u00d6zellikleri:<\/strong><ul><li>Y\u00fck ta\u015f\u0131ma kapasitesi y\u00fcksektir.<\/li><li>Montaj\u0131 kolayd\u0131r, ba\u011flant\u0131lar c\u0131vata veya kaynak ile yap\u0131labilir.<\/li><li>Sert ve dayan\u0131kl\u0131 bir \u00e7elik t\u00fcr\u00fcd\u00fcr.<\/li><\/ul><\/li><li><strong>Kullan\u0131m Alanlar\u0131:<\/strong><ul><li>\u00c7elik konstr\u00fcksiyonlar<\/li><li>\u00c7at\u0131 karkaslar\u0131<\/li><li>\u00a0Makine \u015faseleri ve \u00e7er\u00e7eveler<\/li><li>Raf sistemleri<\/li><li>Kap\u0131, pencere ve tabela uygulamalar\u0131<\/li><\/ul><\/li><li><strong>Avantajlar\u0131:<\/strong><ul><li>Ekonomiktir.<\/li><li>\u00c7ok ama\u00e7l\u0131 kullan\u0131m sunar.<\/li><li>Uzun \u00f6m\u00fcrl\u00fc ve sa\u011flamd\u0131r.<\/li><li>Standart boyu genellikle 6 metre veya 12 metredir.<\/li><\/ul><\/li><\/ul>\t\t\t\t\t\t\t\t<\/div>\n\t\t\t\t<div class=\"elementor-element elementor-element-caaabfc elementor-widget elementor-widget-image\" data-id=\"caaabfc\" data-element_type=\"widget\" data-e-type=\"widget\" data-widget_type=\"image.default\">\n\t\t\t\t\t\t\t\t\t\t\t\t\t\t\t<img decoding=\"async\" width=\"500\" height=\"334\" src=\"https:\/\/gifajans.info\/ydcMetal\/wp-content\/uploads\/2025\/10\/KOSEBENT.jpg\" class=\"attachment-large size-large wp-image-242\" alt=\"\" srcset=\"https:\/\/gifajans.info\/ydcMetal\/wp-content\/uploads\/2025\/10\/KOSEBENT.jpg 500w, https:\/\/gifajans.info\/ydcMetal\/wp-content\/uploads\/2025\/10\/KOSEBENT-300x200.jpg 300w\" sizes=\"(max-width: 500px) 100vw, 500px\" \/>\t\t\t\t\t\t\t\t\t\t\t\t\t\t\t<\/div>\n\t\t\t\t<div class=\"elementor-element elementor-element-7413be3 elementor-widget elementor-widget-text-editor\" data-id=\"7413be3\" data-element_type=\"widget\" data-e-type=\"widget\" data-widget_type=\"text-editor.default\">\n\t\t\t\t\t\t\t\t\t<h4>2. Lama (Yass\u0131 \u00c7elik)<\/h4><ul><li><strong>Tan\u0131m:<\/strong> Kenarlar\u0131 d\u00fcz ve dikd\u00f6rtgen kesitli <strong>yass\u0131 \u00e7elik \u00e7ubuk<\/strong> t\u00fcr\u00fcd\u00fcr. Basit ama geni\u015f kullan\u0131m alan\u0131na sahip temel bir \u00e7elik \u00fcr\u00fcnd\u00fcr.<\/li><li><strong>Kesit \u00d6l\u00e7\u00fcleri:<\/strong><ul><li>Kal\u0131nl\u0131k: 3 mm \u2013 50 mm<\/li><li>Geni\u015flik: 10 mm \u2013 300 mm<\/li><li>Boy: Genelde 6 metre<\/li><li>Malzeme Kaliteleri: S235 JR, S355 JR, ST37 gibi standart karbon \u00e7elikler.<\/li><li>\u00dcretim \u015eekli: S\u0131cak haddelenmi\u015f veya so\u011fuk \u00e7ekilmi\u015f olarak \u00fcretilir.<\/li><\/ul><\/li><\/ul><ul><li><strong>\u00d6zellikleri:<\/strong><ul><li>\u0130yi kaynaklanabilir ve \u015fekillendirilebilir.<\/li><li>Hassas \u00f6l\u00e7\u00fclerde \u00fcretilebilir.<\/li><li>\u00a0Y\u00fcksek \u00e7ekme ve e\u011filme dayan\u0131m\u0131na sahiptir.<\/li><\/ul><\/li><li><strong>Kullan\u0131m Alanlar\u0131:<\/strong><ul><li>Makine imalat\u0131<\/li><li>\u00c7elik kap\u0131 ve korkuluk sistemleri<\/li><li>Kaynakl\u0131 konstr\u00fcksiyonlar<\/li><li>\u015ease g\u00fc\u00e7lendirme \u00e7al\u0131\u015fmalar\u0131<\/li><li>Sanayi ve tar\u0131m ekipmanlar\u0131<\/li><\/ul><\/li><\/ul><ul><li><strong>Avantajlar\u0131:<\/strong><ul><li>Uygun maliyetlidir.<\/li><li>\u0130\u015flenmesi kolayd\u0131r (delme, kesme, b\u00fckme yap\u0131labilir).<\/li><li>\u00a0Konstr\u00fcksiyon destek eleman\u0131 olarak idealdir.<\/li><li>Her sekt\u00f6rde kullan\u0131labilecek standart bir \u00fcr\u00fcnd\u00fcr.<\/li><\/ul><\/li><\/ul>\t\t\t\t\t\t\t\t<\/div>\n\t\t\t\t<div class=\"elementor-element elementor-element-578e51f elementor-widget elementor-widget-image\" data-id=\"578e51f\" data-element_type=\"widget\" data-e-type=\"widget\" data-widget_type=\"image.default\">\n\t\t\t\t\t\t\t\t\t\t\t\t\t\t\t<img decoding=\"async\" width=\"500\" height=\"334\" src=\"https:\/\/gifajans.info\/ydcMetal\/wp-content\/uploads\/2025\/10\/lama.jpg\" class=\"attachment-large size-large wp-image-321\" alt=\"\" srcset=\"https:\/\/gifajans.info\/ydcMetal\/wp-content\/uploads\/2025\/10\/lama.jpg 500w, https:\/\/gifajans.info\/ydcMetal\/wp-content\/uploads\/2025\/10\/lama-300x200.jpg 300w\" sizes=\"(max-width: 500px) 100vw, 500px\" \/>\t\t\t\t\t\t\t\t\t\t\t\t\t\t\t<\/div>\n\t\t\t\t\t<\/div>\n\t\t<\/div>\n\t\t\t\t\t<\/div>\n\t\t<\/section>\n\t\t\t\t<\/div>\n\t\t","protected":false},"excerpt":{"rendered":"<p>K\u00f6\u015febent Lama Grubu \u00dcr\u00fcnlerimiz\/ K\u00f6\u015febent Lama Grubu \u00dcr\u00fcnlerimiz K\u00d6\u015eEBENT, LAMA GRUBU NPI, NPU, \u0130PE, HEA, HEB PROF\u0130LLER BORU GRUBU PROF\u0130L GRUBU A\u015eINMAYA DAYANIKLI VE Y\u00dcKSEK MUKAVEMETL\u0130 \u00c7EL\u0130KLER SAC GRUBU \u0130MALATLARIMIZ K\u00f6\u015febent Lama Grubu 1. K\u00f6\u015febent (L Profil ) Tan\u0131m: \u0130ki kolu 90\u00b0 a\u00e7\u0131 ile birle\u015fen L \u015feklinde \u00e7elik profil t\u00fcr\u00fcd\u00fcr. \u00c7elik konstr\u00fcksiyon ve montaj i\u015flerinde [&hellip;]<\/p>\n","protected":false},"author":1,"featured_media":0,"parent":0,"menu_order":0,"comment_status":"closed","ping_status":"closed","template":"elementor_header_footer","meta":{"_joinchat":[],"footnotes":""},"class_list":["post-368","page","type-page","status-publish","hentry"],"_links":{"self":[{"href":"https:\/\/gifajans.info\/ydcMetal\/index.php\/wp-json\/wp\/v2\/pages\/368","targetHints":{"allow":["GET"]}}],"collection":[{"href":"https:\/\/gifajans.info\/ydcMetal\/index.php\/wp-json\/wp\/v2\/pages"}],"about":[{"href":"https:\/\/gifajans.info\/ydcMetal\/index.php\/wp-json\/wp\/v2\/types\/page"}],"author":[{"embeddable":true,"href":"https:\/\/gifajans.info\/ydcMetal\/index.php\/wp-json\/wp\/v2\/users\/1"}],"replies":[{"embeddable":true,"href":"https:\/\/gifajans.info\/ydcMetal\/index.php\/wp-json\/wp\/v2\/comments?post=368"}],"version-history":[{"count":7,"href":"https:\/\/gifajans.info\/ydcMetal\/index.php\/wp-json\/wp\/v2\/pages\/368\/revisions"}],"predecessor-version":[{"id":541,"href":"https:\/\/gifajans.info\/ydcMetal\/index.php\/wp-json\/wp\/v2\/pages\/368\/revisions\/541"}],"wp:attachment":[{"href":"https:\/\/gifajans.info\/ydcMetal\/index.php\/wp-json\/wp\/v2\/media?parent=368"}],"curies":[{"name":"wp","href":"https:\/\/api.w.org\/{rel}","templated":true}]}}