{"id":375,"date":"2025-10-22T14:38:55","date_gmt":"2025-10-22T11:38:55","guid":{"rendered":"https:\/\/gifajans.info\/ydcMetal\/?page_id=375"},"modified":"2025-12-10T13:47:18","modified_gmt":"2025-12-10T10:47:18","slug":"npinpuipeheahebhem-demirler","status":"publish","type":"page","link":"https:\/\/gifajans.info\/ydcMetal\/index.php\/npinpuipeheahebhem-demirler\/","title":{"rendered":"NPI,NPU,IPE,HEA,HEB,HEM Demirler"},"content":{"rendered":"\t\t<div data-elementor-type=\"wp-page\" data-elementor-id=\"375\" class=\"elementor elementor-375\" data-elementor-post-type=\"page\">\n\t\t\t\t\t\t<section class=\"elementor-section elementor-top-section elementor-element elementor-element-363c44f0 elementor-section-height-min-height elementor-section-items-stretch elementor-section-content-middle elementor-section-boxed elementor-section-height-default\" data-id=\"363c44f0\" data-element_type=\"section\" data-e-type=\"section\" data-settings=\"{&quot;background_background&quot;:&quot;classic&quot;}\">\n\t\t\t\t\t\t\t<div class=\"elementor-background-overlay\"><\/div>\n\t\t\t\t\t\t\t<div class=\"elementor-container elementor-column-gap-default\">\n\t\t\t\t\t<div class=\"elementor-column elementor-col-100 elementor-top-column elementor-element elementor-element-31f6107f\" data-id=\"31f6107f\" data-element_type=\"column\" data-e-type=\"column\">\n\t\t\t<div class=\"elementor-widget-wrap elementor-element-populated\">\n\t\t\t\t\t\t<div class=\"elementor-element elementor-element-c1b3b4 elementor-widget elementor-widget-heading\" data-id=\"c1b3b4\" data-element_type=\"widget\" data-e-type=\"widget\" data-widget_type=\"heading.default\">\n\t\t\t\t\t<h2 class=\"elementor-heading-title elementor-size-default\">NPI,NPU,IPE,HEA,HEB,HEM Demirler<\/h2>\t\t\t\t<\/div>\n\t\t\t\t<div class=\"elementor-element elementor-element-3dde25c6 elementor-widget elementor-widget-text-editor\" data-id=\"3dde25c6\" data-element_type=\"widget\" data-e-type=\"widget\" data-widget_type=\"text-editor.default\">\n\t\t\t\t\t\t\t\t\t<p>\u00dcr\u00fcnlerimiz\/NPI,NPU,IPE,HEA,HEB,HEM Demirler<\/p>\t\t\t\t\t\t\t\t<\/div>\n\t\t\t\t\t<\/div>\n\t\t<\/div>\n\t\t\t\t\t<\/div>\n\t\t<\/section>\n\t\t\t\t<section class=\"elementor-section elementor-top-section elementor-element elementor-element-35627b38 elementor-section-boxed elementor-section-height-default elementor-section-height-default\" data-id=\"35627b38\" data-element_type=\"section\" data-e-type=\"section\">\n\t\t\t\t\t\t<div class=\"elementor-container elementor-column-gap-default\">\n\t\t\t\t\t<div class=\"elementor-column elementor-col-50 elementor-top-column elementor-element elementor-element-b118ee\" data-id=\"b118ee\" data-element_type=\"column\" data-e-type=\"column\">\n\t\t\t<div class=\"elementor-widget-wrap elementor-element-populated\">\n\t\t\t\t\t\t<div class=\"elementor-element elementor-element-27d7b0cb elementor-widget elementor-widget-spacer\" data-id=\"27d7b0cb\" data-element_type=\"widget\" data-e-type=\"widget\" data-widget_type=\"spacer.default\">\n\t\t\t\t\t\t\t<div class=\"elementor-spacer\">\n\t\t\t<div class=\"elementor-spacer-inner\"><\/div>\n\t\t<\/div>\n\t\t\t\t\t\t<\/div>\n\t\t\t\t<div class=\"elementor-element elementor-element-7dcf57c5 elementor-widget elementor-widget-heading\" data-id=\"7dcf57c5\" data-element_type=\"widget\" data-e-type=\"widget\" data-widget_type=\"heading.default\">\n\t\t\t\t\t<h4 class=\"elementor-heading-title elementor-size-default\">\u00dcr\u00fcnlerimiz<\/h4>\t\t\t\t<\/div>\n\t\t\t\t<div class=\"elementor-element elementor-element-2156e551 elementor-widget-divider--view-line elementor-widget elementor-widget-divider\" data-id=\"2156e551\" data-element_type=\"widget\" data-e-type=\"widget\" data-widget_type=\"divider.default\">\n\t\t\t\t\t\t\t<div class=\"elementor-divider\">\n\t\t\t<span class=\"elementor-divider-separator\">\n\t\t\t\t\t\t<\/span>\n\t\t<\/div>\n\t\t\t\t\t\t<\/div>\n\t\t\t\t<div class=\"elementor-element elementor-element-53cf066 elementor-icon-list--layout-traditional elementor-list-item-link-full_width elementor-widget elementor-widget-icon-list\" data-id=\"53cf066\" data-element_type=\"widget\" data-e-type=\"widget\" data-widget_type=\"icon-list.default\">\n\t\t\t\t\t\t\t<ul class=\"elementor-icon-list-items\">\n\t\t\t\t\t\t\t<li class=\"elementor-icon-list-item\">\n\t\t\t\t\t\t\t\t\t\t\t<a href=\"https:\/\/gifajans.info\/ydcMetal\/index.php\/kosebent-lama-grubu\/\">\n\n\t\t\t\t\t\t\t\t\t\t\t\t<span class=\"elementor-icon-list-icon\">\n\t\t\t\t\t\t\t<i aria-hidden=\"true\" class=\"icon icon-right-arrow1\"><\/i>\t\t\t\t\t\t<\/span>\n\t\t\t\t\t\t\t\t\t\t<span class=\"elementor-icon-list-text\">\t K\u00d6\u015eEBENT, LAMA GRUBU<\/span>\n\t\t\t\t\t\t\t\t\t\t\t<\/a>\n\t\t\t\t\t\t\t\t\t<\/li>\n\t\t\t\t\t\t\t\t<li class=\"elementor-icon-list-item\">\n\t\t\t\t\t\t\t\t\t\t\t<a href=\"https:\/\/gifajans.info\/ydcMetal\/index.php\/npinpuipeheahebhem-demirler\/\">\n\n\t\t\t\t\t\t\t\t\t\t\t\t<span class=\"elementor-icon-list-icon\">\n\t\t\t\t\t\t\t<i aria-hidden=\"true\" class=\"icon icon-right-arrow1\"><\/i>\t\t\t\t\t\t<\/span>\n\t\t\t\t\t\t\t\t\t\t<span class=\"elementor-icon-list-text\">\t NPI, NPU, \u0130PE, HEA, HEB PROF\u0130LLER<\/span>\n\t\t\t\t\t\t\t\t\t\t\t<\/a>\n\t\t\t\t\t\t\t\t\t<\/li>\n\t\t\t\t\t\t\t\t<li class=\"elementor-icon-list-item\">\n\t\t\t\t\t\t\t\t\t\t\t<a href=\"https:\/\/gifajans.info\/ydcMetal\/index.php\/boru\/\">\n\n\t\t\t\t\t\t\t\t\t\t\t\t<span class=\"elementor-icon-list-icon\">\n\t\t\t\t\t\t\t<i aria-hidden=\"true\" class=\"icon icon-right-arrow1\"><\/i>\t\t\t\t\t\t<\/span>\n\t\t\t\t\t\t\t\t\t\t<span class=\"elementor-icon-list-text\">\t BORU GRUBU<\/span>\n\t\t\t\t\t\t\t\t\t\t\t<\/a>\n\t\t\t\t\t\t\t\t\t<\/li>\n\t\t\t\t\t\t\t\t<li class=\"elementor-icon-list-item\">\n\t\t\t\t\t\t\t\t\t\t\t<a href=\"https:\/\/gifajans.info\/ydcMetal\/index.php\/profil\/\">\n\n\t\t\t\t\t\t\t\t\t\t\t\t<span class=\"elementor-icon-list-icon\">\n\t\t\t\t\t\t\t<i aria-hidden=\"true\" class=\"icon icon-right-arrow1\"><\/i>\t\t\t\t\t\t<\/span>\n\t\t\t\t\t\t\t\t\t\t<span class=\"elementor-icon-list-text\">\t PROF\u0130L GRUBU<\/span>\n\t\t\t\t\t\t\t\t\t\t\t<\/a>\n\t\t\t\t\t\t\t\t\t<\/li>\n\t\t\t\t\t\t\t\t<li class=\"elementor-icon-list-item\">\n\t\t\t\t\t\t\t\t\t\t\t<a href=\"https:\/\/gifajans.info\/ydcMetal\/index.php\/asinmaya-dayanikli-ve-yuksek-mukavemetli-celikler\/\">\n\n\t\t\t\t\t\t\t\t\t\t\t\t<span class=\"elementor-icon-list-icon\">\n\t\t\t\t\t\t\t<i aria-hidden=\"true\" class=\"icon icon-right-arrow1\"><\/i>\t\t\t\t\t\t<\/span>\n\t\t\t\t\t\t\t\t\t\t<span class=\"elementor-icon-list-text\">A\u015eINMAYA DAYANIKLI VE Y\u00dcKSEK MUKAVEMETL\u0130 \u00c7EL\u0130KLER<\/span>\n\t\t\t\t\t\t\t\t\t\t\t<\/a>\n\t\t\t\t\t\t\t\t\t<\/li>\n\t\t\t\t\t\t\t\t<li class=\"elementor-icon-list-item\">\n\t\t\t\t\t\t\t\t\t\t\t<a href=\"https:\/\/gifajans.info\/ydcMetal\/index.php\/sac-grubu\/\">\n\n\t\t\t\t\t\t\t\t\t\t\t\t<span class=\"elementor-icon-list-icon\">\n\t\t\t\t\t\t\t<i aria-hidden=\"true\" class=\"icon icon-right-arrow1\"><\/i>\t\t\t\t\t\t<\/span>\n\t\t\t\t\t\t\t\t\t\t<span class=\"elementor-icon-list-text\">SAC GRUBU<\/span>\n\t\t\t\t\t\t\t\t\t\t\t<\/a>\n\t\t\t\t\t\t\t\t\t<\/li>\n\t\t\t\t\t\t\t\t<li class=\"elementor-icon-list-item\">\n\t\t\t\t\t\t\t\t\t\t\t<a href=\"https:\/\/gifajans.info\/ydcMetal\/index.php\/imalatlarimiz\/\">\n\n\t\t\t\t\t\t\t\t\t\t\t\t<span class=\"elementor-icon-list-icon\">\n\t\t\t\t\t\t\t<i aria-hidden=\"true\" class=\"icon icon-right-arrow1\"><\/i>\t\t\t\t\t\t<\/span>\n\t\t\t\t\t\t\t\t\t\t<span class=\"elementor-icon-list-text\">\t \u0130MALATLARIMIZ<\/span>\n\t\t\t\t\t\t\t\t\t\t\t<\/a>\n\t\t\t\t\t\t\t\t\t<\/li>\n\t\t\t\t\t\t<\/ul>\n\t\t\t\t\t\t<\/div>\n\t\t\t\t<div class=\"elementor-element elementor-element-2196e787 elementor-widget elementor-widget-spacer\" data-id=\"2196e787\" data-element_type=\"widget\" data-e-type=\"widget\" data-widget_type=\"spacer.default\">\n\t\t\t\t\t\t\t<div class=\"elementor-spacer\">\n\t\t\t<div class=\"elementor-spacer-inner\"><\/div>\n\t\t<\/div>\n\t\t\t\t\t\t<\/div>\n\t\t\t\t<div class=\"elementor-element elementor-element-7a5395ca elementor-widget-divider--view-line elementor-widget elementor-widget-divider\" data-id=\"7a5395ca\" data-element_type=\"widget\" data-e-type=\"widget\" data-widget_type=\"divider.default\">\n\t\t\t\t\t\t\t<div class=\"elementor-divider\">\n\t\t\t<span class=\"elementor-divider-separator\">\n\t\t\t\t\t\t<\/span>\n\t\t<\/div>\n\t\t\t\t\t\t<\/div>\n\t\t\t\t<div class=\"elementor-element elementor-element-b411380 elementor-widget elementor-widget-spacer\" data-id=\"b411380\" data-element_type=\"widget\" data-e-type=\"widget\" data-widget_type=\"spacer.default\">\n\t\t\t\t\t\t\t<div class=\"elementor-spacer\">\n\t\t\t<div class=\"elementor-spacer-inner\"><\/div>\n\t\t<\/div>\n\t\t\t\t\t\t<\/div>\n\t\t\t\t\t<\/div>\n\t\t<\/div>\n\t\t\t\t<div class=\"elementor-column elementor-col-50 elementor-top-column elementor-element elementor-element-6baedc8f\" data-id=\"6baedc8f\" data-element_type=\"column\" data-e-type=\"column\">\n\t\t\t<div class=\"elementor-widget-wrap elementor-element-populated\">\n\t\t\t\t\t\t<div class=\"elementor-element elementor-element-7500c4ac elementor-widget elementor-widget-image\" data-id=\"7500c4ac\" data-element_type=\"widget\" data-e-type=\"widget\" data-widget_type=\"image.default\">\n\t\t\t\t\t\t\t\t\t\t\t\t\t\t\t<img fetchpriority=\"high\" decoding=\"async\" width=\"1920\" height=\"1080\" src=\"https:\/\/gifajans.info\/ydcMetal\/wp-content\/uploads\/2025\/10\/npubanner.jpg\" class=\"attachment-full size-full wp-image-382\" alt=\"\" srcset=\"https:\/\/gifajans.info\/ydcMetal\/wp-content\/uploads\/2025\/10\/npubanner.jpg 1920w, https:\/\/gifajans.info\/ydcMetal\/wp-content\/uploads\/2025\/10\/npubanner-300x169.jpg 300w, https:\/\/gifajans.info\/ydcMetal\/wp-content\/uploads\/2025\/10\/npubanner-1024x576.jpg 1024w, https:\/\/gifajans.info\/ydcMetal\/wp-content\/uploads\/2025\/10\/npubanner-768x432.jpg 768w, https:\/\/gifajans.info\/ydcMetal\/wp-content\/uploads\/2025\/10\/npubanner-1536x864.jpg 1536w\" sizes=\"(max-width: 1920px) 100vw, 1920px\" \/>\t\t\t\t\t\t\t\t\t\t\t\t\t\t\t<\/div>\n\t\t\t\t<div class=\"elementor-element elementor-element-5846185a elementor-widget elementor-widget-heading\" data-id=\"5846185a\" data-element_type=\"widget\" data-e-type=\"widget\" data-widget_type=\"heading.default\">\n\t\t\t\t\t<h3 class=\"elementor-heading-title elementor-size-default\">NPI,NPU,IPE,HEA,HEB,HEM Demirler<\/h3>\t\t\t\t<\/div>\n\t\t\t\t<div class=\"elementor-element elementor-element-1236832c elementor-widget elementor-widget-text-editor\" data-id=\"1236832c\" data-element_type=\"widget\" data-e-type=\"widget\" data-widget_type=\"text-editor.default\">\n\t\t\t\t\t\t\t\t\t<h4>1. NPI Profil ( I Demir \u2013 Hafif Tip)<\/h4><ul><li><strong>Tan\u0131m:<\/strong> I kesitli, simetrik yap\u0131da \u00e7elik profil \u00e7e\u015fididir.<\/li><li><strong>Yap\u0131:<\/strong> Flan\u015f (kanat) geni\u015fli\u011fi dar, g\u00f6vdesi ince yap\u0131dad\u0131r.<\/li><li><strong>\u00d6zellikleri:<\/strong><ul><li>Orta dereceli ta\u015f\u0131ma kapasitesi sa\u011flar.<\/li><li>Ekonomik bir profil \u00e7e\u015fididir.<\/li><li>Kaynak ve c\u0131vata ba\u011flant\u0131lar\u0131na uygundur.<\/li><\/ul><\/li><li>Kullan\u0131m Alanlar\u0131:<ul><li>\u00a0\u00c7elik konstr\u00fcksiyonlarda<\/li><li>Makine imalat\u0131nda<\/li><li>Ta\u015f\u0131y\u0131c\u0131 sistemlerde<\/li><li>At\u00f6lye \u00e7er\u00e7evelemelerinde<\/li><\/ul><\/li><\/ul>\t\t\t\t\t\t\t\t<\/div>\n\t\t\t\t<div class=\"elementor-element elementor-element-7413be3 elementor-widget elementor-widget-text-editor\" data-id=\"7413be3\" data-element_type=\"widget\" data-e-type=\"widget\" data-widget_type=\"text-editor.default\">\n\t\t\t\t\t\t\t\t\t<h4>2. NPU Profil (U Demir)<\/h4><ul><li><strong>Tan\u0131m:<\/strong> U kesitli \u00e7elik profildir, dayan\u0131kl\u0131 ve ekonomik bir yap\u0131 malzemesidir.<\/li><li><strong>\u00d6zellikleri:<\/strong><ul><li>Y\u00fck ta\u015f\u0131ma kapasitesi y\u00fcksektir.<\/li><li>Uygulamas\u0131 pratik ve sa\u011flamd\u0131r.<\/li><\/ul><\/li><li><strong>Kullan\u0131m Alanlar\u0131:<\/strong><ul><li>\u0130n\u015faat ve sanayi projeleri<\/li><li>Ta\u015f\u0131y\u0131c\u0131 \u00e7er\u00e7eve ve konstr\u00fcksiyonlar<\/li><li>\u00c7elik raf sistemleri<\/li><li>Makine ve dorse \u015faseleri<\/li><\/ul><\/li><\/ul>\t\t\t\t\t\t\t\t<\/div>\n\t\t\t\t<div class=\"elementor-element elementor-element-578e51f elementor-widget elementor-widget-image\" data-id=\"578e51f\" data-element_type=\"widget\" data-e-type=\"widget\" data-widget_type=\"image.default\">\n\t\t\t\t\t\t\t\t\t\t\t\t\t\t\t<img decoding=\"async\" width=\"500\" height=\"334\" src=\"https:\/\/gifajans.info\/ydcMetal\/wp-content\/uploads\/2025\/10\/NPU-demirleri.jpg\" class=\"attachment-large size-large wp-image-241\" alt=\"\" srcset=\"https:\/\/gifajans.info\/ydcMetal\/wp-content\/uploads\/2025\/10\/NPU-demirleri.jpg 500w, https:\/\/gifajans.info\/ydcMetal\/wp-content\/uploads\/2025\/10\/NPU-demirleri-300x200.jpg 300w\" sizes=\"(max-width: 500px) 100vw, 500px\" \/>\t\t\t\t\t\t\t\t\t\t\t\t\t\t\t<\/div>\n\t\t\t\t<div class=\"elementor-element elementor-element-3b7d1f4 elementor-widget elementor-widget-text-editor\" data-id=\"3b7d1f4\" data-element_type=\"widget\" data-e-type=\"widget\" data-widget_type=\"text-editor.default\">\n\t\t\t\t\t\t\t\t\t<h4>3. IPE Profil (\u0130nce Kesit I Profil)<\/h4><ul><li><strong>Tan\u0131m:<\/strong> I kesitli, ancak <strong>NPI\u2019ye g\u00f6re daha geni\u015f flan\u015fl\u0131<\/strong> ve daha modern Avrupa standard\u0131nda \u00fcretilen profillerdir.<\/li><li><strong>\u00d6zellikleri:<\/strong><ul><li>Dengeli ta\u015f\u0131ma kapasitesi sa\u011flar.<\/li><li>M\u00fchendislik projelerinde standart olarak tercih edilir.<\/li><li>Hafif ve ekonomik bir \u00e7\u00f6z\u00fcmd\u00fcr.<\/li><\/ul><\/li><li><strong>Kullan\u0131m Alanlar\u0131:<\/strong><ul><li>\u00c7elik yap\u0131 projeleri<\/li><li>K\u00f6pr\u00fc ve bina konstr\u00fcksiyonlar\u0131<\/li><li>Vin\u00e7 ray sistemleri<\/li><li>Sanayi yap\u0131lar\u0131<\/li><\/ul><\/li><\/ul>\t\t\t\t\t\t\t\t<\/div>\n\t\t\t\t<div class=\"elementor-element elementor-element-0ff2a48 elementor-widget elementor-widget-text-editor\" data-id=\"0ff2a48\" data-element_type=\"widget\" data-e-type=\"widget\" data-widget_type=\"text-editor.default\">\n\t\t\t\t\t\t\t\t\t<h4>4. HEA Profil (Hafif Tip H Profil)<\/h4><ul><li><strong>Tan\u0131m:<\/strong> H kesitli \u00e7elik profildir; flan\u015flar\u0131 geni\u015f, g\u00f6vdesi IPE\u2019ye g\u00f6re daha kal\u0131nd\u0131r.<\/li><li><strong>\u00d6zellikleri:<\/strong><ul><li>Y\u00fcksek ta\u015f\u0131ma kapasitesine sahip <strong>yap\u0131sal \u00e7elik<\/strong> \u00fcr\u00fcn\u00fcd\u00fcr.<\/li><li>Hafif tip H profil olarak s\u0131n\u0131fland\u0131r\u0131l\u0131r.<\/li><\/ul><\/li><li><strong>Kullan\u0131m Alanlar\u0131:<\/strong><ul><li>B\u00fcy\u00fck \u00f6l\u00e7ekli konstr\u00fcksiyonlar<\/li><li>Bina kolon-kiri\u015f imalat\u0131<\/li><li>Prefabrik yap\u0131lar<\/li><li>End\u00fcstriyel tesisler<\/li><\/ul><\/li><\/ul>\t\t\t\t\t\t\t\t<\/div>\n\t\t\t\t<div class=\"elementor-element elementor-element-9e4e213 elementor-widget elementor-widget-text-editor\" data-id=\"9e4e213\" data-element_type=\"widget\" data-e-type=\"widget\" data-widget_type=\"text-editor.default\">\n\t\t\t\t\t\t\t\t\t<h4>5.\u00a0HEB Profil (Orta Tip H Profil)<\/h4><ul><li><strong>Tan\u0131m:<\/strong> HEA profilin daha a\u011f\u0131r ve g\u00fc\u00e7l\u00fc versiyonudur.<\/li><li><strong>\u00a0\u00d6zellikleri:<\/strong><ul><li>Daha y\u00fcksek y\u00fck ve moment ta\u015f\u0131ma kapasitesi sunar.<\/li><li>A\u011f\u0131r sanayi projelerinde tercih edilir.<\/li><\/ul><\/li><li><strong>Kullan\u0131m Alanlar\u0131:<\/strong><ul><li>Y\u00fcksek katl\u0131 bina ta\u015f\u0131y\u0131c\u0131 kolonlar\u0131<\/li><li>A\u011f\u0131r vin\u00e7 sistemleri<\/li><li>B\u00fcy\u00fck deprem dayan\u0131ml\u0131 konstr\u00fcksiyonlar<\/li><li>Betonarme destek sistemleri<\/li><\/ul><\/li><\/ul>\t\t\t\t\t\t\t\t<\/div>\n\t\t\t\t<div class=\"elementor-element elementor-element-f8243be elementor-widget elementor-widget-text-editor\" data-id=\"f8243be\" data-element_type=\"widget\" data-e-type=\"widget\" data-widget_type=\"text-editor.default\">\n\t\t\t\t\t\t\t\t\t<h4>5. HEM Profil (A\u011f\u0131r Tip H Profil)<\/h4><ul><li><strong>Tan\u0131m:<\/strong> H serisinin en a\u011f\u0131r ve y\u00fcksek mukavemetli profilidir.<\/li><li>\u00a0\u00d6zellikleri:<ul><li>\u00a0Maksimum ta\u015f\u0131y\u0131c\u0131 g\u00fc\u00e7 sunar.<\/li><li>Kal\u0131n etli ve geni\u015f flan\u015fl\u0131d\u0131r.<\/li><\/ul><\/li><li>Kullan\u0131m Alanlar\u0131:<ul><li>Devasa yap\u0131lar (k\u00f6pr\u00fcler, barajlar)<\/li><li>Sanayi \u00e7elik iskeletleri<\/li><li>Gemi ve r\u0131ht\u0131m projeleri<\/li><li>Y\u00fcksek tonajl\u0131 m\u00fchendislik projeleri<\/li><\/ul><\/li><\/ul>\t\t\t\t\t\t\t\t<\/div>\n\t\t\t\t<div class=\"elementor-element elementor-element-91d0c9c elementor-widget elementor-widget-image\" data-id=\"91d0c9c\" data-element_type=\"widget\" data-e-type=\"widget\" data-widget_type=\"image.default\">\n\t\t\t\t\t\t\t\t\t\t\t\t\t\t\t<img decoding=\"async\" width=\"500\" height=\"334\" src=\"https:\/\/gifajans.info\/ydcMetal\/wp-content\/uploads\/2025\/10\/hea-profil.jpg\" class=\"attachment-large size-large wp-image-243\" alt=\"\" srcset=\"https:\/\/gifajans.info\/ydcMetal\/wp-content\/uploads\/2025\/10\/hea-profil.jpg 500w, https:\/\/gifajans.info\/ydcMetal\/wp-content\/uploads\/2025\/10\/hea-profil-300x200.jpg 300w\" sizes=\"(max-width: 500px) 100vw, 500px\" \/>\t\t\t\t\t\t\t\t\t\t\t\t\t\t\t<\/div>\n\t\t\t\t\t<\/div>\n\t\t<\/div>\n\t\t\t\t\t<\/div>\n\t\t<\/section>\n\t\t\t\t<\/div>\n\t\t","protected":false},"excerpt":{"rendered":"<p>NPI,NPU,IPE,HEA,HEB,HEM Demirler \u00dcr\u00fcnlerimiz\/NPI,NPU,IPE,HEA,HEB,HEM Demirler \u00dcr\u00fcnlerimiz K\u00d6\u015eEBENT, LAMA GRUBU NPI, NPU, \u0130PE, HEA, HEB PROF\u0130LLER BORU GRUBU PROF\u0130L GRUBU A\u015eINMAYA DAYANIKLI VE Y\u00dcKSEK MUKAVEMETL\u0130 \u00c7EL\u0130KLER SAC GRUBU \u0130MALATLARIMIZ NPI,NPU,IPE,HEA,HEB,HEM Demirler 1. NPI Profil ( I Demir \u2013 Hafif Tip) Tan\u0131m: I kesitli, simetrik yap\u0131da \u00e7elik profil \u00e7e\u015fididir. Yap\u0131: Flan\u015f (kanat) geni\u015fli\u011fi dar, g\u00f6vdesi ince yap\u0131dad\u0131r. \u00d6zellikleri: [&hellip;]<\/p>\n","protected":false},"author":1,"featured_media":0,"parent":0,"menu_order":0,"comment_status":"closed","ping_status":"closed","template":"elementor_header_footer","meta":{"_joinchat":[],"footnotes":""},"class_list":["post-375","page","type-page","status-publish","hentry"],"_links":{"self":[{"href":"https:\/\/gifajans.info\/ydcMetal\/index.php\/wp-json\/wp\/v2\/pages\/375","targetHints":{"allow":["GET"]}}],"collection":[{"href":"https:\/\/gifajans.info\/ydcMetal\/index.php\/wp-json\/wp\/v2\/pages"}],"about":[{"href":"https:\/\/gifajans.info\/ydcMetal\/index.php\/wp-json\/wp\/v2\/types\/page"}],"author":[{"embeddable":true,"href":"https:\/\/gifajans.info\/ydcMetal\/index.php\/wp-json\/wp\/v2\/users\/1"}],"replies":[{"embeddable":true,"href":"https:\/\/gifajans.info\/ydcMetal\/index.php\/wp-json\/wp\/v2\/comments?post=375"}],"version-history":[{"count":13,"href":"https:\/\/gifajans.info\/ydcMetal\/index.php\/wp-json\/wp\/v2\/pages\/375\/revisions"}],"predecessor-version":[{"id":600,"href":"https:\/\/gifajans.info\/ydcMetal\/index.php\/wp-json\/wp\/v2\/pages\/375\/revisions\/600"}],"wp:attachment":[{"href":"https:\/\/gifajans.info\/ydcMetal\/index.php\/wp-json\/wp\/v2\/media?parent=375"}],"curies":[{"name":"wp","href":"https:\/\/api.w.org\/{rel}","templated":true}]}}