{"id":429,"date":"2025-10-27T13:42:13","date_gmt":"2025-10-27T10:42:13","guid":{"rendered":"https:\/\/gifajans.info\/ydcMetal\/?page_id=429"},"modified":"2025-10-27T16:32:50","modified_gmt":"2025-10-27T13:32:50","slug":"silindir-ve-boru-bukum","status":"publish","type":"page","link":"https:\/\/gifajans.info\/ydcMetal\/index.php\/silindir-ve-boru-bukum\/","title":{"rendered":"Silindir ve Boru B\u00fck\u00fcm"},"content":{"rendered":"\t\t<div data-elementor-type=\"wp-page\" data-elementor-id=\"429\" class=\"elementor elementor-429\" data-elementor-post-type=\"page\">\n\t\t\t\t\t\t<section class=\"elementor-section elementor-top-section elementor-element elementor-element-7ec7b5a0 elementor-section-height-min-height elementor-section-items-stretch elementor-section-content-middle elementor-section-boxed elementor-section-height-default\" data-id=\"7ec7b5a0\" data-element_type=\"section\" data-e-type=\"section\" data-settings=\"{&quot;background_background&quot;:&quot;classic&quot;}\">\n\t\t\t\t\t\t\t<div class=\"elementor-background-overlay\"><\/div>\n\t\t\t\t\t\t\t<div class=\"elementor-container elementor-column-gap-default\">\n\t\t\t\t\t<div class=\"elementor-column elementor-col-100 elementor-top-column elementor-element elementor-element-6acdd34\" data-id=\"6acdd34\" data-element_type=\"column\" data-e-type=\"column\">\n\t\t\t<div class=\"elementor-widget-wrap elementor-element-populated\">\n\t\t\t\t\t\t<div class=\"elementor-element elementor-element-2440a1a0 elementor-widget elementor-widget-heading\" data-id=\"2440a1a0\" data-element_type=\"widget\" data-e-type=\"widget\" data-widget_type=\"heading.default\">\n\t\t\t\t\t<h2 class=\"elementor-heading-title elementor-size-default\">Silindir ve Boru B\u00fck\u00fcm<\/h2>\t\t\t\t<\/div>\n\t\t\t\t<div class=\"elementor-element elementor-element-3e405647 elementor-widget elementor-widget-text-editor\" data-id=\"3e405647\" data-element_type=\"widget\" data-e-type=\"widget\" data-widget_type=\"text-editor.default\">\n\t\t\t\t\t\t\t\t\t<p><a href=\"#\">Anasayfa<\/a> \/ Silindir ve Boru B\u00fck\u00fcm<\/p>\t\t\t\t\t\t\t\t<\/div>\n\t\t\t\t\t<\/div>\n\t\t<\/div>\n\t\t\t\t\t<\/div>\n\t\t<\/section>\n\t\t\t\t<section class=\"elementor-section elementor-top-section elementor-element elementor-element-b69547a elementor-section-boxed elementor-section-height-default elementor-section-height-default\" data-id=\"b69547a\" data-element_type=\"section\" data-e-type=\"section\">\n\t\t\t\t\t\t<div class=\"elementor-container elementor-column-gap-default\">\n\t\t\t\t\t<div class=\"elementor-column elementor-col-50 elementor-top-column elementor-element elementor-element-2d1097fb\" data-id=\"2d1097fb\" data-element_type=\"column\" data-e-type=\"column\">\n\t\t\t<div class=\"elementor-widget-wrap elementor-element-populated\">\n\t\t\t\t\t\t<div class=\"elementor-element elementor-element-25ea75a8 elementor-search-form--skin-classic elementor-search-form--button-type-icon elementor-search-form--icon-search elementor-widget elementor-widget-search-form\" data-id=\"25ea75a8\" data-element_type=\"widget\" data-e-type=\"widget\" data-settings=\"{&quot;skin&quot;:&quot;classic&quot;}\" data-widget_type=\"search-form.default\">\n\t\t\t\t\t\t\t<search role=\"search\">\n\t\t\t<form class=\"elementor-search-form\" action=\"https:\/\/gifajans.info\/ydcMetal\" method=\"get\">\n\t\t\t\t\t\t\t\t\t\t\t\t<div class=\"elementor-search-form__container\">\n\t\t\t\t\t<label class=\"elementor-screen-only\" for=\"elementor-search-form-25ea75a8\">Search<\/label>\n\n\t\t\t\t\t\n\t\t\t\t\t<input id=\"elementor-search-form-25ea75a8\" placeholder=\"Ara...\" class=\"elementor-search-form__input\" type=\"search\" name=\"s\" value=\"\">\n\t\t\t\t\t\n\t\t\t\t\t\t\t\t\t\t\t<button class=\"elementor-search-form__submit\" type=\"submit\" aria-label=\"Search\">\n\t\t\t\t\t\t\t\t\t\t\t\t\t\t\t<div class=\"e-font-icon-svg-container\"><svg class=\"fa fa-search e-font-icon-svg e-fas-search\" viewBox=\"0 0 512 512\" xmlns=\"http:\/\/www.w3.org\/2000\/svg\"><path d=\"M505 442.7L405.3 343c-4.5-4.5-10.6-7-17-7H372c27.6-35.3 44-79.7 44-128C416 93.1 322.9 0 208 0S0 93.1 0 208s93.1 208 208 208c48.3 0 92.7-16.4 128-44v16.3c0 6.4 2.5 12.5 7 17l99.7 99.7c9.4 9.4 24.6 9.4 33.9 0l28.3-28.3c9.4-9.4 9.4-24.6.1-34zM208 336c-70.7 0-128-57.2-128-128 0-70.7 57.2-128 128-128 70.7 0 128 57.2 128 128 0 70.7-57.2 128-128 128z\"><\/path><\/svg><\/div>\t\t\t\t\t\t\t\t\t\t\t\t\t<\/button>\n\t\t\t\t\t\n\t\t\t\t\t\t\t\t\t<\/div>\n\t\t\t<\/form>\n\t\t<\/search>\n\t\t\t\t\t\t<\/div>\n\t\t\t\t<div class=\"elementor-element elementor-element-647b1b3b elementor-widget elementor-widget-spacer\" data-id=\"647b1b3b\" data-element_type=\"widget\" data-e-type=\"widget\" data-widget_type=\"spacer.default\">\n\t\t\t\t\t\t\t<div class=\"elementor-spacer\">\n\t\t\t<div class=\"elementor-spacer-inner\"><\/div>\n\t\t<\/div>\n\t\t\t\t\t\t<\/div>\n\t\t\t\t<div class=\"elementor-element elementor-element-62a29377 elementor-widget elementor-widget-heading\" data-id=\"62a29377\" data-element_type=\"widget\" data-e-type=\"widget\" data-widget_type=\"heading.default\">\n\t\t\t\t\t<h4 class=\"elementor-heading-title elementor-size-default\">Hizmetlerimiz<\/h4>\t\t\t\t<\/div>\n\t\t\t\t<div class=\"elementor-element elementor-element-202e39d0 elementor-widget-divider--view-line elementor-widget elementor-widget-divider\" data-id=\"202e39d0\" data-element_type=\"widget\" data-e-type=\"widget\" data-widget_type=\"divider.default\">\n\t\t\t\t\t\t\t<div class=\"elementor-divider\">\n\t\t\t<span class=\"elementor-divider-separator\">\n\t\t\t\t\t\t<\/span>\n\t\t<\/div>\n\t\t\t\t\t\t<\/div>\n\t\t\t\t<div class=\"elementor-element elementor-element-dd6b6bf elementor-icon-list--layout-traditional elementor-list-item-link-full_width elementor-widget elementor-widget-icon-list\" data-id=\"dd6b6bf\" data-element_type=\"widget\" data-e-type=\"widget\" data-widget_type=\"icon-list.default\">\n\t\t\t\t\t\t\t<ul class=\"elementor-icon-list-items\">\n\t\t\t\t\t\t\t<li class=\"elementor-icon-list-item\">\n\t\t\t\t\t\t\t\t\t\t\t<a href=\"https:\/\/gifajans.info\/ydcMetal\/index.php\/ozel-imalatlar\/\">\n\n\t\t\t\t\t\t\t\t\t\t\t\t<span class=\"elementor-icon-list-icon\">\n\t\t\t\t\t\t\t<i aria-hidden=\"true\" class=\"icon icon-right-arrow1\"><\/i>\t\t\t\t\t\t<\/span>\n\t\t\t\t\t\t\t\t\t\t<span class=\"elementor-icon-list-text\">\u00d6zel \u0130malatlar<\/span>\n\t\t\t\t\t\t\t\t\t\t\t<\/a>\n\t\t\t\t\t\t\t\t\t<\/li>\n\t\t\t\t\t\t\t\t<li class=\"elementor-icon-list-item\">\n\t\t\t\t\t\t\t\t\t\t\t<a href=\"https:\/\/gifajans.info\/ydcMetal\/index.php\/yuzey-kaplama\/\">\n\n\t\t\t\t\t\t\t\t\t\t\t\t<span class=\"elementor-icon-list-icon\">\n\t\t\t\t\t\t\t<i aria-hidden=\"true\" class=\"icon icon-right-arrow1\"><\/i>\t\t\t\t\t\t<\/span>\n\t\t\t\t\t\t\t\t\t\t<span class=\"elementor-icon-list-text\">Y\u00fczey Kaplama<\/span>\n\t\t\t\t\t\t\t\t\t\t\t<\/a>\n\t\t\t\t\t\t\t\t\t<\/li>\n\t\t\t\t\t\t\t\t<li class=\"elementor-icon-list-item\">\n\t\t\t\t\t\t\t\t\t\t\t<a href=\"https:\/\/gifajans.info\/ydcMetal\/index.php\/silindir-ve-boru-bukum\/\">\n\n\t\t\t\t\t\t\t\t\t\t\t\t<span class=\"elementor-icon-list-icon\">\n\t\t\t\t\t\t\t<i aria-hidden=\"true\" class=\"icon icon-right-arrow1\"><\/i>\t\t\t\t\t\t<\/span>\n\t\t\t\t\t\t\t\t\t\t<span class=\"elementor-icon-list-text\">Silindir &amp; Boru B\u00fck\u00fcm<\/span>\n\t\t\t\t\t\t\t\t\t\t\t<\/a>\n\t\t\t\t\t\t\t\t\t<\/li>\n\t\t\t\t\t\t\t\t<li class=\"elementor-icon-list-item\">\n\t\t\t\t\t\t\t\t\t\t\t<a href=\"https:\/\/gifajans.info\/ydcMetal\/index.php\/abkant-bukum\/\">\n\n\t\t\t\t\t\t\t\t\t\t\t\t<span class=\"elementor-icon-list-icon\">\n\t\t\t\t\t\t\t<i aria-hidden=\"true\" class=\"icon icon-right-arrow1\"><\/i>\t\t\t\t\t\t<\/span>\n\t\t\t\t\t\t\t\t\t\t<span class=\"elementor-icon-list-text\">Abkant B\u00fck\u00fcm<\/span>\n\t\t\t\t\t\t\t\t\t\t\t<\/a>\n\t\t\t\t\t\t\t\t\t<\/li>\n\t\t\t\t\t\t\t\t<li class=\"elementor-icon-list-item\">\n\t\t\t\t\t\t\t\t\t\t\t<a href=\"https:\/\/gifajans.info\/ydcMetal\/index.php\/kaynakli-imalat\/\">\n\n\t\t\t\t\t\t\t\t\t\t\t\t<span class=\"elementor-icon-list-icon\">\n\t\t\t\t\t\t\t<i aria-hidden=\"true\" class=\"icon icon-right-arrow1\"><\/i>\t\t\t\t\t\t<\/span>\n\t\t\t\t\t\t\t\t\t\t<span class=\"elementor-icon-list-text\">Kaynakl\u0131 \u0130malat<\/span>\n\t\t\t\t\t\t\t\t\t\t\t<\/a>\n\t\t\t\t\t\t\t\t\t<\/li>\n\t\t\t\t\t\t\t\t<li class=\"elementor-icon-list-item\">\n\t\t\t\t\t\t\t\t\t\t\t<a href=\"https:\/\/gifajans.info\/ydcMetal\/index.php\/cnc-oksijen-ve-plazma-kesim-hizmetleri\/\">\n\n\t\t\t\t\t\t\t\t\t\t\t\t<span class=\"elementor-icon-list-icon\">\n\t\t\t\t\t\t\t<i aria-hidden=\"true\" class=\"icon icon-right-arrow1\"><\/i>\t\t\t\t\t\t<\/span>\n\t\t\t\t\t\t\t\t\t\t<span class=\"elementor-icon-list-text\">CNC Oksijen &amp; Plazma Kesim<\/span>\n\t\t\t\t\t\t\t\t\t\t\t<\/a>\n\t\t\t\t\t\t\t\t\t<\/li>\n\t\t\t\t\t\t\t\t<li class=\"elementor-icon-list-item\">\n\t\t\t\t\t\t\t\t\t\t\t<a href=\"https:\/\/gifajans.info\/ydcMetal\/index.php\/delik-delme-klavuz-cekme-kaynak-agzi-acma-ve-testere-kesim\/\">\n\n\t\t\t\t\t\t\t\t\t\t\t\t<span class=\"elementor-icon-list-icon\">\n\t\t\t\t\t\t\t<i aria-hidden=\"true\" class=\"icon icon-right-arrow1\"><\/i>\t\t\t\t\t\t<\/span>\n\t\t\t\t\t\t\t\t\t\t<span class=\"elementor-icon-list-text\">Delik Delme, Klavuz \u00c7ekme, Kaynak A\u011fz\u0131 A\u00e7ma &amp; Testere Kesim<\/span>\n\t\t\t\t\t\t\t\t\t\t\t<\/a>\n\t\t\t\t\t\t\t\t\t<\/li>\n\t\t\t\t\t\t\t\t<li class=\"elementor-icon-list-item\">\n\t\t\t\t\t\t\t\t\t\t\t<a href=\"https:\/\/gifajans.info\/ydcMetal\/index.php\/lazer-kesim\/\">\n\n\t\t\t\t\t\t\t\t\t\t\t\t<span class=\"elementor-icon-list-icon\">\n\t\t\t\t\t\t\t<i aria-hidden=\"true\" class=\"icon icon-right-arrow1\"><\/i>\t\t\t\t\t\t<\/span>\n\t\t\t\t\t\t\t\t\t\t<span class=\"elementor-icon-list-text\">Lazer Kesim<\/span>\n\t\t\t\t\t\t\t\t\t\t\t<\/a>\n\t\t\t\t\t\t\t\t\t<\/li>\n\t\t\t\t\t\t<\/ul>\n\t\t\t\t\t\t<\/div>\n\t\t\t\t<div class=\"elementor-element elementor-element-24a187f5 elementor-widget elementor-widget-spacer\" data-id=\"24a187f5\" data-element_type=\"widget\" data-e-type=\"widget\" data-widget_type=\"spacer.default\">\n\t\t\t\t\t\t\t<div class=\"elementor-spacer\">\n\t\t\t<div class=\"elementor-spacer-inner\"><\/div>\n\t\t<\/div>\n\t\t\t\t\t\t<\/div>\n\t\t\t\t<div class=\"elementor-element elementor-element-4666a6ed elementor-widget-divider--view-line elementor-widget elementor-widget-divider\" data-id=\"4666a6ed\" data-element_type=\"widget\" data-e-type=\"widget\" data-widget_type=\"divider.default\">\n\t\t\t\t\t\t\t<div class=\"elementor-divider\">\n\t\t\t<span class=\"elementor-divider-separator\">\n\t\t\t\t\t\t<\/span>\n\t\t<\/div>\n\t\t\t\t\t\t<\/div>\n\t\t\t\t<div class=\"elementor-element elementor-element-742f090e elementor-widget elementor-widget-spacer\" data-id=\"742f090e\" data-element_type=\"widget\" data-e-type=\"widget\" data-widget_type=\"spacer.default\">\n\t\t\t\t\t\t\t<div class=\"elementor-spacer\">\n\t\t\t<div class=\"elementor-spacer-inner\"><\/div>\n\t\t<\/div>\n\t\t\t\t\t\t<\/div>\n\t\t\t\t\t<\/div>\n\t\t<\/div>\n\t\t\t\t<div class=\"elementor-column elementor-col-50 elementor-top-column elementor-element elementor-element-199795fd\" data-id=\"199795fd\" data-element_type=\"column\" data-e-type=\"column\">\n\t\t\t<div class=\"elementor-widget-wrap elementor-element-populated\">\n\t\t\t\t\t\t<div class=\"elementor-element elementor-element-a8db441 elementor-widget elementor-widget-image\" data-id=\"a8db441\" data-element_type=\"widget\" data-e-type=\"widget\" data-widget_type=\"image.default\">\n\t\t\t\t\t\t\t\t\t\t\t\t\t\t\t<img fetchpriority=\"high\" decoding=\"async\" width=\"1920\" height=\"1080\" src=\"https:\/\/gifajans.info\/ydcMetal\/wp-content\/uploads\/2025\/10\/silindir-ve-boru-bukum_.png\" class=\"attachment-full size-full wp-image-481\" alt=\"\" srcset=\"https:\/\/gifajans.info\/ydcMetal\/wp-content\/uploads\/2025\/10\/silindir-ve-boru-bukum_.png 1920w, https:\/\/gifajans.info\/ydcMetal\/wp-content\/uploads\/2025\/10\/silindir-ve-boru-bukum_-300x169.png 300w, https:\/\/gifajans.info\/ydcMetal\/wp-content\/uploads\/2025\/10\/silindir-ve-boru-bukum_-1024x576.png 1024w, https:\/\/gifajans.info\/ydcMetal\/wp-content\/uploads\/2025\/10\/silindir-ve-boru-bukum_-768x432.png 768w, https:\/\/gifajans.info\/ydcMetal\/wp-content\/uploads\/2025\/10\/silindir-ve-boru-bukum_-1536x864.png 1536w\" sizes=\"(max-width: 1920px) 100vw, 1920px\" \/>\t\t\t\t\t\t\t\t\t\t\t\t\t\t\t<\/div>\n\t\t\t\t<div class=\"elementor-element elementor-element-47140411 elementor-widget elementor-widget-heading\" data-id=\"47140411\" data-element_type=\"widget\" data-e-type=\"widget\" data-widget_type=\"heading.default\">\n\t\t\t\t\t<h3 class=\"elementor-heading-title elementor-size-default\">Silindir ve Boru B\u00fck\u00fcm Hizmetleri<\/h3>\t\t\t\t<\/div>\n\t\t\t\t<div class=\"elementor-element elementor-element-1e515359 elementor-widget elementor-widget-text-editor\" data-id=\"1e515359\" data-element_type=\"widget\" data-e-type=\"widget\" data-widget_type=\"text-editor.default\">\n\t\t\t\t\t\t\t\t\t<ul><li><strong>Sac silindir b\u00fck\u00fcm i\u015flemleri<\/strong> \u2013 40 mm kal\u0131nl\u0131\u011fa ve 3 metre uzunlu\u011fa kadar olan sac levhalar, y\u00fcksek hassasiyetli silindir makinelerinde istenilen \u00f6l\u00e7\u00fc ve formda b\u00fck\u00fclebilmektedir.<\/li><li><strong>Totem dire\u011fi \u00fcretimi<\/strong> \u2013 Reklam ve y\u00f6nlendirme sistemleri i\u00e7in uzun \u00f6m\u00fcrl\u00fc, galvaniz kaplamal\u0131 \u00e7elik direk \u00e7\u00f6z\u00fcmleri.<\/li><li><strong>Profil, boru ve k\u00f6\u015febent b\u00fck\u00fcmleri<\/strong> \u2013 160 NPU, 160 NP\u0130, 6\u201d boru, 100x100x10 mm k\u00f6\u015febent ve benzeri malzemelerde dairesel b\u00fck\u00fcm i\u015flemleri yap\u0131lmaktad\u0131r.<\/li><li><strong>End\u00fcstriyel b\u00fck\u00fcm \u00e7\u00f6z\u00fcmleri<\/strong> \u2013 \u00c7elik konstr\u00fcksiyon, bas\u0131n\u00e7l\u0131 kap, boru hatt\u0131 ve ta\u015f\u0131y\u0131c\u0131 sistemlerde kullan\u0131lacak \u00f6zel formlu b\u00fck\u00fcmler, projeye uygun toleranslarla \u00fcretilir.<\/li><li><strong>Y\u00fcksek hassasiyet ve kalite<\/strong> \u2013 Modern ekipmanlar\u0131m\u0131z sayesinde minimum deformasyon ve maksimum \u00f6l\u00e7\u00fc do\u011frulu\u011fu elde edilir.<\/li><\/ul><p>YD\u00c7 Metal, sac, boru, profil ve k\u00f6\u015febent malzemelerde y\u00fcksek hassasiyetli silindir b\u00fck\u00fcm hizmeti sunar. 40 mm kal\u0131nl\u0131\u011fa kadar sac levha ve 6\u201d boru b\u00fck\u00fcm kapasitesiyle end\u00fcstriyel projelere \u00f6zel \u00e7\u00f6z\u00fcmler \u00fcretir.<\/p>\t\t\t\t\t\t\t\t<\/div>\n\t\t\t\t\t<\/div>\n\t\t<\/div>\n\t\t\t\t\t<\/div>\n\t\t<\/section>\n\t\t\t\t<\/div>\n\t\t","protected":false},"excerpt":{"rendered":"<p>Silindir ve Boru B\u00fck\u00fcm Anasayfa \/ Silindir ve Boru B\u00fck\u00fcm Hizmetlerimiz \u00d6zel \u0130malatlar Y\u00fczey Kaplama Silindir &amp; Boru B\u00fck\u00fcm Abkant B\u00fck\u00fcm Kaynakl\u0131 \u0130malat CNC Oksijen &amp; Plazma Kesim Delik Delme, Klavuz \u00c7ekme, Kaynak A\u011fz\u0131 A\u00e7ma &amp; Testere Kesim Lazer Kesim Silindir ve Boru B\u00fck\u00fcm Hizmetleri Sac silindir b\u00fck\u00fcm i\u015flemleri \u2013 40 mm kal\u0131nl\u0131\u011fa ve 3 [&hellip;]<\/p>\n","protected":false},"author":1,"featured_media":0,"parent":0,"menu_order":0,"comment_status":"closed","ping_status":"closed","template":"elementor_header_footer","meta":{"_joinchat":[],"footnotes":""},"class_list":["post-429","page","type-page","status-publish","hentry"],"_links":{"self":[{"href":"https:\/\/gifajans.info\/ydcMetal\/index.php\/wp-json\/wp\/v2\/pages\/429","targetHints":{"allow":["GET"]}}],"collection":[{"href":"https:\/\/gifajans.info\/ydcMetal\/index.php\/wp-json\/wp\/v2\/pages"}],"about":[{"href":"https:\/\/gifajans.info\/ydcMetal\/index.php\/wp-json\/wp\/v2\/types\/page"}],"author":[{"embeddable":true,"href":"https:\/\/gifajans.info\/ydcMetal\/index.php\/wp-json\/wp\/v2\/users\/1"}],"replies":[{"embeddable":true,"href":"https:\/\/gifajans.info\/ydcMetal\/index.php\/wp-json\/wp\/v2\/comments?post=429"}],"version-history":[{"count":7,"href":"https:\/\/gifajans.info\/ydcMetal\/index.php\/wp-json\/wp\/v2\/pages\/429\/revisions"}],"predecessor-version":[{"id":497,"href":"https:\/\/gifajans.info\/ydcMetal\/index.php\/wp-json\/wp\/v2\/pages\/429\/revisions\/497"}],"wp:attachment":[{"href":"https:\/\/gifajans.info\/ydcMetal\/index.php\/wp-json\/wp\/v2\/media?parent=429"}],"curies":[{"name":"wp","href":"https:\/\/api.w.org\/{rel}","templated":true}]}}